{"id":13375,"date":"2023-12-27T21:14:21","date_gmt":"2023-12-27T21:14:21","guid":{"rendered":"http:\/\/piso13.net\/?page_id=13375"},"modified":"2023-12-27T21:27:04","modified_gmt":"2023-12-27T21:27:04","slug":"success-story","status":"publish","type":"page","link":"https:\/\/piso13.com\/es\/success-story\/","title":{"rendered":"Historia de \u00c9xito"},"content":{"rendered":"<div class=\"wpb-content-wrapper\"><div class=\"vc_row wpb_row vc_row-fluid vc_row_visible\"><div class=\"wpb_column vc_column_container vc_col-sm-12 text-left\"><div class=\"vc_column-inner\"><div class=\"wpb_wrapper\">\n\t<div class=\"wpb_text_column wpb_content_element\" >\n\t\t<div class=\"wpb_wrapper\">\n\t\t\t<h4 style=\"text-align: center;\">\u00a1Comparte tu historia de \u00e9xito con nosotros!<\/h4>\n<p style=\"text-align: center;\">Estamos muy felices de que tengas \u00e9xito en la vida. Nos alegra saber que desempe\u00f1amos una peque\u00f1a parte en tu historia.<\/p>\n<p style=\"text-align: center;\">No podemos esperar a conocer m\u00e1s sobre ti y nos encantar\u00eda destacarte potencialmente en un art\u00edculo en nuestra p\u00e1gina de fans de Facebook.<\/p>\n<p style=\"text-align: center;\">Nos gustar\u00eda invitarte a compartir tu experiencia con la aplicaci\u00f3n Opus One con nosotros y otros usuarios que puedan inspirarse con tu \u00e9xito.<\/p>\n<p style=\"text-align: center;\">Si eres seleccionado, planeamos publicar tu historia en nuestro sitio web y en Facebook.<\/p>\n\n\t\t<\/div>\n\t<\/div>\n<\/div><\/div><\/div><\/div><div class=\"vc_row wpb_row vc_row-fluid vc_row_visible\"><div class=\"wpb_column vc_column_container vc_col-sm-12 text-left\"><div class=\"vc_column-inner\"><div class=\"wpb_wrapper\"><div class=\"row pix-levels mb-3 mb-sm-0 mx-0\" style=\"border-bottom:0;\"><div class=\"col-xs-12 col-md-6 pix-levels-step d-flex flex-column complete px-0\">\n\t\t\t  <h5 class=\"pix-levels-title text-center font-weight-bold text-heading-default pb-3 d-flex flex-column align-items-center justify-content-center\" style=\"\">1- Agregar la siguiente informaci\u00f3n:<\/h5>\n\t\t\t  <div class=\"position-relative w-100 text-center mb-3\">\n\t\t\t\t  <div class=\"progress bg-gray-2\" ><div class=\"progress-bar bg-primary\" ><\/div><\/div>\n\t\t\t\t  <div class=\"pix-leveles-dot-div\"><span class=\"pix-levels-dot bg-primary\" >\n\t\t\t\t\t\t\t\t\t\t  <span class=\"pix-levels-dot-inner bg-dark-opacity-3\"><\/span>\n\t\t\t\t\t\t\t\t\t  <\/span><\/div>\n\t\t\t  <\/div><p class=\"text-center pix-p-10 text-body-default\" >Tu nombre, ocupaci\u00f3n y ubicaci\u00f3n<\/p><\/div><\/div><\/div><\/div><\/div><\/div><div class=\"vc_row wpb_row vc_row-fluid vc_row_visible\"><div class=\"wpb_column vc_column_container vc_col-sm-12 text-left\"><div class=\"vc_column-inner\"><div class=\"wpb_wrapper\">\n\t<div class=\"wpb_text_column wpb_content_element\" >\n\t\t<div class=\"wpb_wrapper\">\n\t\t\t<div id=\"comp-k6r0mdug\" class=\"BaOVQ8 tz5f0K comp-k6r0mdug wixui-rich-text\" data-testid=\"richTextElement\">\n<h2 class=\"font_2 wixui-rich-text__text\"><span class=\"wixui-rich-text__text\">Proceso de env\u00edo:<\/span><\/h2>\n<\/div>\n<div id=\"comp-k6sg4zp6\" class=\"BaOVQ8 tz5f0K comp-k6sg4zp6 wixui-rich-text\" data-testid=\"richTextElement\">\n<p class=\"font_8 wixui-rich-text__text\"><span class=\"wixui-rich-text__text\">Para enviar tu Historia de \u00c9xito, env\u00eda un correo electr\u00f3nico directamente a:\u00a0<a class=\"wixui-rich-text__text\" href=\"mailto:yourstory@piso13.com\" target=\"_self\" rel=\"noopener\">yourstory@piso13.com<\/a><\/span><\/p>\n<p class=\"font_8 wixui-rich-text__text\"><span class=\"wixui-rich-text__text\"><span class=\"wixGuard wixui-rich-text__text\">\u200b<\/span><\/span><span class=\"wixui-rich-text__text\">1- Agregar la siguiente informaci\u00f3n:<\/span><\/p>\n<p class=\"font_8 wixui-rich-text__text\"><span class=\"wixGuard wixui-rich-text__text\">\u200b<\/span><span class=\"wixui-rich-text__text\">\u00a0Tu nombre<\/span><\/p>\n<p class=\"font_8 wixui-rich-text__text\"><span class=\"wixui-rich-text__text\">\u00a0Ocupaci\u00f3n\u00a0<\/span><\/p>\n<p class=\"font_8 wixui-rich-text__text\"><span class=\"wixui-rich-text__text\">\u00a0Ubicaci\u00f3n<\/span><\/p>\n<p class=\"font_8 wixui-rich-text__text\"><span class=\"wixui-rich-text__text\"><span class=\"wixGuard wixui-rich-text__text\">\u200b<\/span><\/span><span class=\"wixui-rich-text__text\">2- Insp\u00edrate y cu\u00e9ntanos tu historia, los obst\u00e1culos y logros que has enfrentado, y c\u00f3mo Opus One te ayud\u00f3 a llegar all\u00ed.<\/span><\/p>\n<\/div>\n\n\t\t<\/div>\n\t<\/div>\n<\/div><\/div><\/div><\/div>\n<\/div>","protected":false},"excerpt":{"rendered":"Share your success story with us! We\u2019re so happy that you success in life! It makes our day to know that we played a small part in your story. We can\u2019t wait to learn more about you, and we\u2019d love...","protected":false},"author":1,"featured_media":0,"parent":0,"menu_order":0,"comment_status":"closed","ping_status":"closed","template":"","meta":{"_kadence_starter_templates_imported_post":false,"footnotes":""},"class_list":["post-13375","page","type-page","status-publish","hentry"],"yoast_head":"<!-- This site is optimized with the Yoast SEO plugin v23.8 - https:\/\/yoast.com\/wordpress\/plugins\/seo\/ -->\n<title>Success Story - Piso13<\/title>\n<meta name=\"robots\" content=\"index, follow, max-snippet:-1, max-image-preview:large, max-video-preview:-1\" \/>\n<link rel=\"canonical\" href=\"https:\/\/piso13.com\/es\/success-story\/\" \/>\n<meta property=\"og:locale\" content=\"es_MX\" \/>\n<meta property=\"og:type\" content=\"article\" \/>\n<meta property=\"og:title\" content=\"Success Story - Piso13\" \/>\n<meta property=\"og:url\" content=\"https:\/\/piso13.com\/es\/success-story\/\" \/>\n<meta property=\"og:site_name\" content=\"Piso13\" \/>\n<meta property=\"article:publisher\" content=\"https:\/\/www.facebook.com\/OpusOneApp\" \/>\n<meta property=\"article:modified_time\" content=\"2023-12-27T21:27:04+00:00\" \/>\n<meta name=\"twitter:card\" content=\"summary_large_image\" \/>\n<meta name=\"twitter:site\" content=\"@opusoneapp\" \/>\n<meta name=\"twitter:label1\" content=\"Tiempo de lectura\" \/>\n\t<meta name=\"twitter:data1\" content=\"1 minuto\" \/>\n<script type=\"application\/ld+json\" class=\"yoast-schema-graph\">{\"@context\":\"https:\/\/schema.org\",\"@graph\":[{\"@type\":\"WebPage\",\"@id\":\"https:\/\/piso13.com\/success-story\/\",\"url\":\"https:\/\/piso13.com\/success-story\/\",\"name\":\"Success Story - Piso13\",\"isPartOf\":{\"@id\":\"https:\/\/piso13.com\/#website\"},\"datePublished\":\"2023-12-27T21:14:21+00:00\",\"dateModified\":\"2023-12-27T21:27:04+00:00\",\"breadcrumb\":{\"@id\":\"https:\/\/piso13.com\/success-story\/#breadcrumb\"},\"inLanguage\":\"es\",\"potentialAction\":[{\"@type\":\"ReadAction\",\"target\":[\"https:\/\/piso13.com\/success-story\/\"]}]},{\"@type\":\"BreadcrumbList\",\"@id\":\"https:\/\/piso13.com\/success-story\/#breadcrumb\",\"itemListElement\":[{\"@type\":\"ListItem\",\"position\":1,\"name\":\"Home\",\"item\":\"https:\/\/piso13.com\/\"},{\"@type\":\"ListItem\",\"position\":2,\"name\":\"Success Story\"}]},{\"@type\":\"WebSite\",\"@id\":\"https:\/\/piso13.com\/#website\",\"url\":\"https:\/\/piso13.com\/\",\"name\":\"Piso13\",\"description\":\"\",\"publisher\":{\"@id\":\"https:\/\/piso13.com\/#organization\"},\"potentialAction\":[{\"@type\":\"SearchAction\",\"target\":{\"@type\":\"EntryPoint\",\"urlTemplate\":\"https:\/\/piso13.com\/?s={search_term_string}\"},\"query-input\":{\"@type\":\"PropertyValueSpecification\",\"valueRequired\":true,\"valueName\":\"search_term_string\"}}],\"inLanguage\":\"es\"},{\"@type\":\"Organization\",\"@id\":\"https:\/\/piso13.com\/#organization\",\"name\":\"Piso13\",\"url\":\"https:\/\/piso13.com\/\",\"logo\":{\"@type\":\"ImageObject\",\"inLanguage\":\"es\",\"@id\":\"https:\/\/piso13.com\/#\/schema\/logo\/image\/\",\"url\":\"https:\/\/piso13.com\/wp-content\/uploads\/2024\/03\/cropped-LogoPiso13Negro-1-1.png\",\"contentUrl\":\"https:\/\/piso13.com\/wp-content\/uploads\/2024\/03\/cropped-LogoPiso13Negro-1-1.png\",\"width\":381,\"height\":381,\"caption\":\"Piso13\"},\"image\":{\"@id\":\"https:\/\/piso13.com\/#\/schema\/logo\/image\/\"},\"sameAs\":[\"https:\/\/www.facebook.com\/OpusOneApp\",\"https:\/\/x.com\/opusoneapp\",\"https:\/\/www.instagram.com\/opusoneapp\/\"]}]}<\/script>\n<!-- \/ Yoast SEO plugin. -->","yoast_head_json":{"title":"Success Story - Piso13","robots":{"index":"index","follow":"follow","max-snippet":"max-snippet:-1","max-image-preview":"max-image-preview:large","max-video-preview":"max-video-preview:-1"},"canonical":"https:\/\/piso13.com\/es\/success-story\/","og_locale":"es_MX","og_type":"article","og_title":"Success Story - Piso13","og_url":"https:\/\/piso13.com\/es\/success-story\/","og_site_name":"Piso13","article_publisher":"https:\/\/www.facebook.com\/OpusOneApp","article_modified_time":"2023-12-27T21:27:04+00:00","twitter_card":"summary_large_image","twitter_site":"@opusoneapp","twitter_misc":{"Tiempo de lectura":"1 minuto"},"schema":{"@context":"https:\/\/schema.org","@graph":[{"@type":"WebPage","@id":"https:\/\/piso13.com\/success-story\/","url":"https:\/\/piso13.com\/success-story\/","name":"Success Story - Piso13","isPartOf":{"@id":"https:\/\/piso13.com\/#website"},"datePublished":"2023-12-27T21:14:21+00:00","dateModified":"2023-12-27T21:27:04+00:00","breadcrumb":{"@id":"https:\/\/piso13.com\/success-story\/#breadcrumb"},"inLanguage":"es","potentialAction":[{"@type":"ReadAction","target":["https:\/\/piso13.com\/success-story\/"]}]},{"@type":"BreadcrumbList","@id":"https:\/\/piso13.com\/success-story\/#breadcrumb","itemListElement":[{"@type":"ListItem","position":1,"name":"Home","item":"https:\/\/piso13.com\/"},{"@type":"ListItem","position":2,"name":"Success Story"}]},{"@type":"WebSite","@id":"https:\/\/piso13.com\/#website","url":"https:\/\/piso13.com\/","name":"Piso13","description":"","publisher":{"@id":"https:\/\/piso13.com\/#organization"},"potentialAction":[{"@type":"SearchAction","target":{"@type":"EntryPoint","urlTemplate":"https:\/\/piso13.com\/?s={search_term_string}"},"query-input":{"@type":"PropertyValueSpecification","valueRequired":true,"valueName":"search_term_string"}}],"inLanguage":"es"},{"@type":"Organization","@id":"https:\/\/piso13.com\/#organization","name":"Piso13","url":"https:\/\/piso13.com\/","logo":{"@type":"ImageObject","inLanguage":"es","@id":"https:\/\/piso13.com\/#\/schema\/logo\/image\/","url":"https:\/\/piso13.com\/wp-content\/uploads\/2024\/03\/cropped-LogoPiso13Negro-1-1.png","contentUrl":"https:\/\/piso13.com\/wp-content\/uploads\/2024\/03\/cropped-LogoPiso13Negro-1-1.png","width":381,"height":381,"caption":"Piso13"},"image":{"@id":"https:\/\/piso13.com\/#\/schema\/logo\/image\/"},"sameAs":["https:\/\/www.facebook.com\/OpusOneApp","https:\/\/x.com\/opusoneapp","https:\/\/www.instagram.com\/opusoneapp\/"]}]}},"_links":{"self":[{"href":"https:\/\/piso13.com\/es\/wp-json\/wp\/v2\/pages\/13375","targetHints":{"allow":["GET"]}}],"collection":[{"href":"https:\/\/piso13.com\/es\/wp-json\/wp\/v2\/pages"}],"about":[{"href":"https:\/\/piso13.com\/es\/wp-json\/wp\/v2\/types\/page"}],"author":[{"embeddable":true,"href":"https:\/\/piso13.com\/es\/wp-json\/wp\/v2\/users\/1"}],"replies":[{"embeddable":true,"href":"https:\/\/piso13.com\/es\/wp-json\/wp\/v2\/comments?post=13375"}],"version-history":[{"count":3,"href":"https:\/\/piso13.com\/es\/wp-json\/wp\/v2\/pages\/13375\/revisions"}],"predecessor-version":[{"id":13378,"href":"https:\/\/piso13.com\/es\/wp-json\/wp\/v2\/pages\/13375\/revisions\/13378"}],"wp:attachment":[{"href":"https:\/\/piso13.com\/es\/wp-json\/wp\/v2\/media?parent=13375"}],"curies":[{"name":"wp","href":"https:\/\/api.w.org\/{rel}","templated":true}]}}