{"id":13379,"date":"2023-12-27T21:29:19","date_gmt":"2023-12-27T21:29:19","guid":{"rendered":"http:\/\/piso13.net\/?page_id=13379"},"modified":"2024-03-25T19:45:13","modified_gmt":"2024-03-25T19:45:13","slug":"terms-of-service","status":"publish","type":"page","link":"https:\/\/piso13.com\/es\/terms-of-service\/","title":{"rendered":"T\u00e9rminos de Servicio"},"content":{"rendered":"<div class=\"wpb-content-wrapper\"><div class=\"vc_row wpb_row vc_row-fluid vc_row_visible\"><div class=\"wpb_column vc_column_container vc_col-sm-12 text-left\"><div class=\"vc_column-inner\"><div class=\"wpb_wrapper\">\n\t<div class=\"wpb_text_column wpb_content_element\" >\n\t\t<div class=\"wpb_wrapper\">\n\t\t\t<p><span style=\"color: #333333;\">CONTRATO DE LICENCIA DE USUARIO FINAL DE LA APLICACI\u00d3N CON LICENCIA<\/span><\/p>\n<div style=\"color: #333333; text-align: justify;\">Los productos transaccionados a trav\u00e9s del Servicio se otorgan bajo licencia, no se venden, para su uso \u00fanicamente seg\u00fan los t\u00e9rminos de esta licencia, a menos que un Producto est\u00e9 acompa\u00f1ado por un acuerdo de licencia por separado, en cuyo caso los t\u00e9rminos de ese acuerdo de licencia por separado regir\u00e1n, sujeto a su aceptaci\u00f3n previa de ese acuerdo de licencia por separado. El licenciante (\"Proveedor de la aplicaci\u00f3n\") se reserva todos los derechos que no se otorgan expresamente a usted. El Producto sujeto a esta licencia se denomina en este documento como la \"Aplicaci\u00f3n con Licencia\".<\/div>\n<div style=\"color: #333333; text-align: justify;\">a. Alcance de la Licencia: Esta licencia otorgada para la Aplicaci\u00f3n con Licencia por el Proveedor de la Aplicaci\u00f3n se limita a una licencia no transferible para utilizar la Aplicaci\u00f3n con Licencia en cualquier iPhone o iPod touch que usted posea o controle y seg\u00fan lo permitido por las Reglas de Uso establecidas en la Secci\u00f3n 9.b. de los T\u00e9rminos y Condiciones de la App Store (las \"Reglas de Uso\"). Esta licencia no le permite utilizar la Aplicaci\u00f3n con Licencia en ning\u00fan iPod touch o iPhone que no posea o controle, y no puede distribuir ni poner la Aplicaci\u00f3n con Licencia a disposici\u00f3n a trav\u00e9s de una red donde pueda ser utilizada por varios dispositivos al mismo tiempo. No puede alquilar, arrendar, prestar, vender, redistribuir ni sublicenciar la Aplicaci\u00f3n con Licencia. No puede copiar (excepto seg\u00fan lo expresamente permitido por esta licencia y las Reglas de Uso), descompilar, realizar ingenier\u00eda inversa, desensamblar, intentar derivar el c\u00f3digo fuente, modificar ni crear obras derivadas de la Aplicaci\u00f3n con Licencia, ninguna actualizaci\u00f3n ni ninguna parte de la misma (excepto en la medida en que cualquier restricci\u00f3n anterior est\u00e9 prohibida por la ley aplicable o en la medida en que lo permitan los t\u00e9rminos de licencia que rigen el uso de cualquier componente de c\u00f3digo abierto incluido con la Aplicaci\u00f3n con Licencia). Cualquier intento de hacerlo constituye una violaci\u00f3n de los derechos del Proveedor de la Aplicaci\u00f3n y sus licenciantes. Si incumple esta restricci\u00f3n, puede estar sujeto a enjuiciamiento y da\u00f1os. Los t\u00e9rminos de la licencia regir\u00e1n cualquier actualizaci\u00f3n proporcionada por el Proveedor de la Aplicaci\u00f3n que reemplace o complemente el Producto original, a menos que dicha actualizaci\u00f3n est\u00e9 acompa\u00f1ada por una licencia separada, en cuyo caso los t\u00e9rminos de esa licencia regir\u00e1n.<\/div>\n<div style=\"color: #333333; text-align: justify;\">b. Consentimiento para el Uso de Datos: Usted acepta que el Proveedor de la aplicaci\u00f3n puede recopilar y utilizar datos t\u00e9cnicos e informaci\u00f3n relacionada, incluida, pero no limitada a, informaci\u00f3n t\u00e9cnica sobre su dispositivo, sistema y software de aplicaci\u00f3n, y perif\u00e9ricos, que se recopila peri\u00f3dicamente para facilitar la provisi\u00f3n de actualizaciones de software, soporte del producto y otros servicios (si los hubiera) relacionados con la Aplicaci\u00f3n con Licencia. El Proveedor de la aplicaci\u00f3n puede utilizar esta informaci\u00f3n, siempre y cuando est\u00e9 en una forma que no lo identifique personalmente, para mejorar sus productos o proporcionarle servicios o tecnolog\u00edas.<\/div>\n<div style=\"color: #333333; text-align: justify;\">c. Terminaci\u00f3n. La licencia es efectiva hasta que sea terminada por usted o el Proveedor de la aplicaci\u00f3n. Sus derechos bajo esta licencia se terminar\u00e1n autom\u00e1ticamente sin previo aviso por parte del Proveedor de la aplicaci\u00f3n si no cumple con alg\u00fan t\u00e9rmino de esta licencia. Al t\u00e9rmino de la licencia, deber\u00e1 cesar todo uso de la Aplicaci\u00f3n con Licencia y destruir todas las copias, ya sea completas o parciales, de la Aplicaci\u00f3n con Licencia.<\/div>\n<div style=\"color: #333333; text-align: justify;\">d. Servicios; Materiales de Terceros. La Aplicaci\u00f3n con Licencia puede permitir el acceso a los servicios y sitios web del Proveedor de la aplicaci\u00f3n y de terceros (colectiva e individualmente, \"Servicios\"). El uso de los Servicios puede requerir acceso a Internet y que acepte t\u00e9rminos de servicio adicionales.<\/div>\n<div style=\"color: #333333; text-align: justify;\">Comprendes que al utilizar cualquiera de los Servicios, puedes encontrarte con contenido que pueda considerarse ofensivo, indecente u objetable, y que dicho contenido puede o no ser identificado como poseedor de lenguaje expl\u00edcito. Los resultados de cualquier b\u00fasqueda o la entrada de una URL en particular pueden generar autom\u00e1ticamente y de manera no intencional enlaces o referencias a material objetable. Sin embargo, aceptas utilizar los Servicios bajo tu propio riesgo y reconoces que el Proveedor de la aplicaci\u00f3n no tendr\u00e1 ninguna responsabilidad hacia ti por el contenido que pueda considerarse ofensivo, indecente o objetable.<\/div>\n<div style=\"color: #333333; text-align: justify;\">Ciertos Servicios pueden mostrar, incluir o poner a disposici\u00f3n contenido, datos, informaci\u00f3n, aplicaciones o materiales de terceros (\"Materiales de Terceros\") o proporcionar enlaces a ciertos sitios web de terceros. Al utilizar los Servicios, reconoces y aceptas que el Proveedor de la aplicaci\u00f3n no es responsable de examinar o evaluar el contenido, precisi\u00f3n, integridad, puntualidad, validez, cumplimiento de derechos de autor, legalidad, decencia, calidad o cualquier otro aspecto de dichos Materiales de Terceros o sitios web. El Proveedor de la aplicaci\u00f3n no garantiza ni respalda y no asume y no tendr\u00e1 ninguna responsabilidad hacia ti ni hacia ninguna otra persona por cualquier Servicio de terceros, Materiales de Terceros o sitios web, o por cualquier otro material, producto o servicio de terceros. Los Materiales de Terceros y los enlaces a otros sitios web se proporcionan \u00fanicamente como conveniencia para ti. La informaci\u00f3n financiera mostrada por cualquier Servicio es solo con fines informativos generales y no debe ser considerada como asesoramiento de inversi\u00f3n. Antes de realizar cualquier transacci\u00f3n de valores basada en informaci\u00f3n obtenida a trav\u00e9s de los Servicios, debes consultar con un profesional financiero. Los datos de ubicaci\u00f3n proporcionados por cualquier Servicio son solo para fines de navegaci\u00f3n b\u00e1sica y no deben ser considerados en situaciones donde se necesite informaci\u00f3n de ubicaci\u00f3n precisa o donde datos de ubicaci\u00f3n err\u00f3neos, inexactos o incompletos puedan causar la muerte, lesiones personales, da\u00f1os a la propiedad o ambientales. Ni el Proveedor de la aplicaci\u00f3n ni ninguno de sus proveedores de contenido garantiza la disponibilidad, precisi\u00f3n, integridad, confiabilidad o puntualidad de la informaci\u00f3n burs\u00e1til o datos de ubicaci\u00f3n mostrados por cualquier Servicio.<\/div>\n<div style=\"color: #333333; text-align: justify;\">Est\u00e1s de acuerdo en que cualquier Servicio contiene contenido, informaci\u00f3n y material patentado protegido por las leyes aplicables de propiedad intelectual y otras leyes, incluidas, entre otras, las leyes de derechos de autor, y que no utilizar\u00e1s dicho contenido, informaci\u00f3n o materiales patentados de ninguna manera, excepto para el uso permitido de los Servicios. Ninguna parte de los Servicios puede ser reproducida de ninguna forma o por ning\u00fan medio. Acuerdas no modificar, alquilar, arrendar, prestar, vender, distribuir ni crear obras derivadas basadas en los Servicios de ninguna manera, y no explotar los Servicios de ninguna manera no autorizada, incluyendo, entre otras, invadir o sobrecargar la capacidad de la red. Adem\u00e1s, te comprometes a no utilizar los Servicios de ninguna manera para acosar, abusar, acosar, amenazar, difamar o infringir o violar los derechos de cualquier otra parte, y que el Proveedor de la aplicaci\u00f3n no es en modo alguno responsable por tal uso por tu parte, ni por mensajes o transmisiones acosadores, amenazadores, difamatorios, ofensivos o ilegales que puedas recibir como resultado del uso de cualquier Servicio.<\/div>\n<div style=\"color: #333333; text-align: justify;\">Adem\u00e1s, los Servicios de terceros y los Materiales de Terceros a los que se puede acceder desde, mostrados o enlazados desde el iPhone o iPod touch no est\u00e1n disponibles en todos los idiomas ni en todos los pa\u00edses. El Proveedor de la aplicaci\u00f3n no garantiza que tales Servicios y Materiales sean apropiados o est\u00e9n disponibles para su uso en cualquier ubicaci\u00f3n en particular. En la medida en que elijas acceder a dichos Servicios o Materiales, lo haces por iniciativa propia y eres responsable de cumplir con las leyes aplicables, incluyendo, entre otras, las leyes locales correspondientes. El Proveedor de la aplicaci\u00f3n y sus licenciantes se reservan el derecho de cambiar, suspender, eliminar o deshabilitar el acceso a cualquier Servicio en cualquier momento sin previo aviso. En ning\u00fan caso, el Proveedor de la aplicaci\u00f3n ser\u00e1 responsable por la eliminaci\u00f3n o deshabilitaci\u00f3n del acceso a tales Servicios. El Proveedor de la aplicaci\u00f3n tambi\u00e9n puede imponer l\u00edmites en el uso o acceso a ciertos Servicios, en cualquier caso y sin previo aviso ni responsabilidad.<\/div>\n<div style=\"color: #333333; text-align: justify;\">e. SIN GARANT\u00cdA: RECONOCES EXPRESAMENTE Y ACEPTAS QUE EL USO DE LA APLICACI\u00d3N CON LICENCIA ES A TU \u00daNICO RIESGO Y QUE TODO EL RIESGO EN CUANTO A CALIDAD SATISFACTORIA, RENDIMIENTO, PRECISI\u00d3N Y ESFUERZO RECAE EN TI. EN LA MEDIDA M\u00c1XIMA PERMITIDA POR LA LEY APLICABLE, LA APLICACI\u00d3N CON LICENCIA Y CUALQUIER SERVICIO REALIZADO O PROPORCIONADO POR LA APLICACI\u00d3N CON LICENCIA (\"SERVICIOS\") SE PROPORCIONAN \"TAL CUAL\" Y \"SEG\u00daN DISPONIBILIDAD\", CON TODOS LOS DEFECTOS Y SIN GARANT\u00cdA DE NING\u00daN TIPO, Y EL PROVEEDOR DE LA APLICACI\u00d3N RENUNCIA EXPRESAMENTE A TODAS LAS GARANT\u00cdAS Y CONDICIONES CON RESPECTO A LA APLICACI\u00d3N CON LICENCIA Y CUALQUIER SERVICIO, YA SEA EXPRESA, IMPL\u00cdCITA O LEGAL, INCLUYENDO, PERO NO LIMIT\u00c1NDOSE A, LAS GARANT\u00cdAS Y\/O CONDICIONES IMPL\u00cdCITAS DE COMERCIABILIDAD, DE CALIDAD SATISFACTORIA, DE IDONEIDAD PARA UN PROP\u00d3SITO PARTICULAR, DE PRECISI\u00d3N, DE DISFRUTE PAC\u00cdFICO Y DE NO INFRACCI\u00d3N DE DERECHOS DE TERCEROS. EL PROVEEDOR DE LA APLICACI\u00d3N NO GARANTIZA CONTRA INTERFERENCIAS CON TU DISFRUTE DE LA APLICACI\u00d3N CON LICENCIA, QUE LAS FUNCIONES CONTENIDAS EN LA APLICACI\u00d3N CON LICENCIA O LOS SERVICIOS REALIZADOS O PROPORCIONADOS POR LA APLICACI\u00d3N CON LICENCIA CUMPLIR\u00c1N CON TUS REQUERIMIENTOS, QUE LA OPERACI\u00d3N DE LA APLICACI\u00d3N CON LICENCIA O LOS SERVICIOS SER\u00c1N ININTERRUMPIDOS O LIBRES DE ERRORES, O QUE LOS DEFECTOS EN LA APLICACI\u00d3N CON LICENCIA O SERVICIOS SER\u00c1N CORREGIDOS. NINGUNA INFORMACI\u00d3N O CONSEJO ORAL O ESCRITO PROPORCIONADO POR EL PROVEEDOR DE LA APLICACI\u00d3N O SU REPRESENTANTE AUTORIZADO CREAR\u00c1 UNA GARANT\u00cdA. SI LA APLICACI\u00d3N CON LICENCIA O LOS SERVICIOS RESULTAN DEFECTUOSOS, ASUMES TODO EL COSTO DE TODOS LOS SERVICIOS, REPARACIONES O CORRECCIONES NECESARIAS. ALGUNAS JURISDICCIONES NO PERMITEN LA EXCLUSI\u00d3N DE GARANT\u00cdAS IMPL\u00cdCITAS O LIMITACIONES A LOS DERECHOS ESTATUTARIOS APLICABLES DE UN CONSUMIDOR, POR LO QUE LAS EXCLUSIONES Y LIMITACIONES ANTERIORES PUEDEN NO APLICARSE A TI.<\/div>\n<div style=\"color: #333333; text-align: justify;\">f. Limitaci\u00f3n de Responsabilidad. EN LA MEDIDA EN QUE LA LEY LO PERMITA, EN NING\u00daN CASO EL PROVEEDOR DE LA APLICACI\u00d3N SER\u00c1 RESPONSABLE DE LESIONES PERSONALES O DE CUALQUIER DA\u00d1O INCIDENTAL, ESPECIAL, INDIRECTO O CONSECUENTE, INCLUYENDO, SIN LIMITACI\u00d3N, DA\u00d1OS POR P\u00c9RDIDA DE GANANCIAS, P\u00c9RDIDA DE DATOS, INTERRUPCI\u00d3N DEL NEGOCIO U OTROS DA\u00d1OS O P\u00c9RDIDAS COMERCIALES, DERIVADOS DE O RELACIONADOS CON TU USO O INCAPACIDAD PARA USAR LA APLICACI\u00d3N CON LICENCIA, DE CUALQUIER MANERA, INDEPENDIENTEMENTE DE LA TEOR\u00cdA DE RESPONSABILIDAD (CONTRATO, AGRAVIO U OTRA), INCLUSO SI SE HA ADVERTIDO AL PROVEEDOR DE LA APLICACI\u00d3N DE LA POSIBILIDAD DE TALES DA\u00d1OS. ALGUNAS JURISDICCIONES NO PERMITEN LA LIMITACI\u00d3N DE RESPONSABILIDAD POR LESIONES PERSONALES O DE DA\u00d1OS INCIDENTALES O CONSECUENTES, POR LO QUE ESTA LIMITACI\u00d3N PUEDE NO APLICARSE A TI. En ning\u00fan caso, la responsabilidad total del Proveedor de la aplicaci\u00f3n hacia ti por todos los da\u00f1os (excepto en los casos en que la ley aplicable lo exija en casos de lesiones personales) exceder\u00e1 la cantidad de cincuenta d\u00f3lares ($50.00). Las limitaciones anteriores se aplicar\u00e1n incluso si el remedio declarado anteriormente no cumple con su prop\u00f3sito esencial.<\/div>\n<div style=\"color: #333333; text-align: justify;\">g. No puedes utilizar ni exportar ni volver a exportar la Aplicaci\u00f3n con Licencia excepto seg\u00fan lo autorice la ley de los Estados Unidos y las leyes de la jurisdicci\u00f3n en la que se obtuvo la Aplicaci\u00f3n con Licencia. En particular, pero sin limitarse a ello, la Aplicaci\u00f3n con Licencia no puede ser exportada ni reexportada (a) a ning\u00fan pa\u00eds sujeto a embargo por parte de los Estados Unidos o (b) a cualquier persona incluida en la lista de Nacionales Especialmente Designados del Departamento del Tesoro de los Estados Unidos o en la Lista de Personas o Entidades Denegadas del Departamento de Comercio de los Estados Unidos. Al utilizar la Aplicaci\u00f3n con Licencia, declaras y garantizas que no te encuentras en ning\u00fan pa\u00eds sujeto a embargo ni en ninguna lista mencionada. Tambi\u00e9n aceptas que no utilizar\u00e1s estos productos con fines prohibidos por la ley de los Estados Unidos, incluyendo, sin limitarse a ello, el desarrollo, dise\u00f1o, fabricaci\u00f3n o producci\u00f3n de armas nucleares, misiles o armas qu\u00edmicas o biol\u00f3gicas.<\/div>\n<div style=\"color: #333333; text-align: justify;\">h. La Aplicaci\u00f3n con Licencia y la documentaci\u00f3n relacionada son \"Art\u00edculos Comerciales\", seg\u00fan se define ese t\u00e9rmino en 48 C.F.R. \u00a72.101, que consisten en \"Software Comercial para Computadora\" y \"Documentaci\u00f3n de Software Comercial para Computadora\", seg\u00fan se usan en 48 C.F.R. \u00a712.212 o 48 C.F.R. \u00a7227.7202, seg\u00fan corresponda. De conformidad con 48 C.F.R. \u00a712.212 o 48 C.F.R. \u00a7227.7202-1 a 227.7202-4, seg\u00fan corresponda, el Software Comercial para Computadora y la Documentaci\u00f3n de Software Comercial para Computadora se est\u00e1n licenciando a los usuarios finales del Gobierno de los Estados Unidos (a) solo como Art\u00edculos Comerciales y (b) solo con aquellos derechos que se otorgan a todos los dem\u00e1s usuarios finales de conformidad con los t\u00e9rminos y condiciones aqu\u00ed establecidos. Derechos no publicados reservados bajo las leyes de derechos de autor de los Estados Unidos.<\/div>\n<p>&nbsp;<\/p>\n<div style=\"color: #333333; text-align: justify;\">i. Las leyes del Estado de California, excluyendo sus reglas de conflicto de leyes, rigen esta licencia y tu uso de la Aplicaci\u00f3n con Licencia. Tu uso de la Aplicaci\u00f3n con Licencia tambi\u00e9n puede estar sujeto a otras leyes locales, estatales, nacionales o internacionales.<\/div>\n\n\t\t<\/div>\n\t<\/div>\n<\/div><\/div><\/div><\/div><\/div>","protected":false},"excerpt":{"rendered":"LICENSED APPLICATION END USER LICENSE AGREEMENT The Products transacted through the Service are licensed, not sold, to You for use only under the terms of this license, unless a Product is accompanied by a separate license agreement, in which case...","protected":false},"author":1,"featured_media":0,"parent":0,"menu_order":0,"comment_status":"closed","ping_status":"closed","template":"","meta":{"_kadence_starter_templates_imported_post":false,"footnotes":""},"class_list":["post-13379","page","type-page","status-publish","hentry"],"yoast_head":"<!-- This site is optimized with the Yoast SEO plugin v23.8 - https:\/\/yoast.com\/wordpress\/plugins\/seo\/ -->\n<title>Term of Services - Piso13<\/title>\n<meta name=\"robots\" content=\"index, follow, max-snippet:-1, max-image-preview:large, max-video-preview:-1\" \/>\n<link rel=\"canonical\" href=\"https:\/\/piso13.com\/es\/terms-of-service\/\" \/>\n<meta property=\"og:locale\" content=\"es_MX\" \/>\n<meta property=\"og:type\" content=\"article\" \/>\n<meta property=\"og:title\" content=\"Term of Services - Piso13\" \/>\n<meta property=\"og:url\" content=\"https:\/\/piso13.com\/es\/terms-of-service\/\" \/>\n<meta property=\"og:site_name\" content=\"Piso13\" \/>\n<meta property=\"article:publisher\" content=\"https:\/\/www.facebook.com\/OpusOneApp\" \/>\n<meta property=\"article:modified_time\" content=\"2024-03-25T19:45:13+00:00\" \/>\n<meta name=\"twitter:card\" content=\"summary_large_image\" \/>\n<meta name=\"twitter:site\" content=\"@opusoneapp\" \/>\n<meta name=\"twitter:label1\" content=\"Tiempo de lectura\" \/>\n\t<meta name=\"twitter:data1\" content=\"10 minutos\" \/>\n<script type=\"application\/ld+json\" class=\"yoast-schema-graph\">{\"@context\":\"https:\/\/schema.org\",\"@graph\":[{\"@type\":\"WebPage\",\"@id\":\"https:\/\/piso13.com\/terms-of-service\/\",\"url\":\"https:\/\/piso13.com\/terms-of-service\/\",\"name\":\"Term of Services - Piso13\",\"isPartOf\":{\"@id\":\"https:\/\/piso13.com\/#website\"},\"datePublished\":\"2023-12-27T21:29:19+00:00\",\"dateModified\":\"2024-03-25T19:45:13+00:00\",\"breadcrumb\":{\"@id\":\"https:\/\/piso13.com\/terms-of-service\/#breadcrumb\"},\"inLanguage\":\"es\",\"potentialAction\":[{\"@type\":\"ReadAction\",\"target\":[\"https:\/\/piso13.com\/terms-of-service\/\"]}]},{\"@type\":\"BreadcrumbList\",\"@id\":\"https:\/\/piso13.com\/terms-of-service\/#breadcrumb\",\"itemListElement\":[{\"@type\":\"ListItem\",\"position\":1,\"name\":\"Home\",\"item\":\"https:\/\/piso13.com\/\"},{\"@type\":\"ListItem\",\"position\":2,\"name\":\"Term of Services\"}]},{\"@type\":\"WebSite\",\"@id\":\"https:\/\/piso13.com\/#website\",\"url\":\"https:\/\/piso13.com\/\",\"name\":\"Piso13\",\"description\":\"\",\"publisher\":{\"@id\":\"https:\/\/piso13.com\/#organization\"},\"potentialAction\":[{\"@type\":\"SearchAction\",\"target\":{\"@type\":\"EntryPoint\",\"urlTemplate\":\"https:\/\/piso13.com\/?s={search_term_string}\"},\"query-input\":{\"@type\":\"PropertyValueSpecification\",\"valueRequired\":true,\"valueName\":\"search_term_string\"}}],\"inLanguage\":\"es\"},{\"@type\":\"Organization\",\"@id\":\"https:\/\/piso13.com\/#organization\",\"name\":\"Piso13\",\"url\":\"https:\/\/piso13.com\/\",\"logo\":{\"@type\":\"ImageObject\",\"inLanguage\":\"es\",\"@id\":\"https:\/\/piso13.com\/#\/schema\/logo\/image\/\",\"url\":\"https:\/\/piso13.com\/wp-content\/uploads\/2024\/03\/cropped-LogoPiso13Negro-1-1.png\",\"contentUrl\":\"https:\/\/piso13.com\/wp-content\/uploads\/2024\/03\/cropped-LogoPiso13Negro-1-1.png\",\"width\":381,\"height\":381,\"caption\":\"Piso13\"},\"image\":{\"@id\":\"https:\/\/piso13.com\/#\/schema\/logo\/image\/\"},\"sameAs\":[\"https:\/\/www.facebook.com\/OpusOneApp\",\"https:\/\/x.com\/opusoneapp\",\"https:\/\/www.instagram.com\/opusoneapp\/\"]}]}<\/script>\n<!-- \/ Yoast SEO plugin. -->","yoast_head_json":{"title":"Term of Services - Piso13","robots":{"index":"index","follow":"follow","max-snippet":"max-snippet:-1","max-image-preview":"max-image-preview:large","max-video-preview":"max-video-preview:-1"},"canonical":"https:\/\/piso13.com\/es\/terms-of-service\/","og_locale":"es_MX","og_type":"article","og_title":"Term of Services - Piso13","og_url":"https:\/\/piso13.com\/es\/terms-of-service\/","og_site_name":"Piso13","article_publisher":"https:\/\/www.facebook.com\/OpusOneApp","article_modified_time":"2024-03-25T19:45:13+00:00","twitter_card":"summary_large_image","twitter_site":"@opusoneapp","twitter_misc":{"Tiempo de lectura":"10 minutos"},"schema":{"@context":"https:\/\/schema.org","@graph":[{"@type":"WebPage","@id":"https:\/\/piso13.com\/terms-of-service\/","url":"https:\/\/piso13.com\/terms-of-service\/","name":"Term of Services - Piso13","isPartOf":{"@id":"https:\/\/piso13.com\/#website"},"datePublished":"2023-12-27T21:29:19+00:00","dateModified":"2024-03-25T19:45:13+00:00","breadcrumb":{"@id":"https:\/\/piso13.com\/terms-of-service\/#breadcrumb"},"inLanguage":"es","potentialAction":[{"@type":"ReadAction","target":["https:\/\/piso13.com\/terms-of-service\/"]}]},{"@type":"BreadcrumbList","@id":"https:\/\/piso13.com\/terms-of-service\/#breadcrumb","itemListElement":[{"@type":"ListItem","position":1,"name":"Home","item":"https:\/\/piso13.com\/"},{"@type":"ListItem","position":2,"name":"Term of Services"}]},{"@type":"WebSite","@id":"https:\/\/piso13.com\/#website","url":"https:\/\/piso13.com\/","name":"Piso13","description":"","publisher":{"@id":"https:\/\/piso13.com\/#organization"},"potentialAction":[{"@type":"SearchAction","target":{"@type":"EntryPoint","urlTemplate":"https:\/\/piso13.com\/?s={search_term_string}"},"query-input":{"@type":"PropertyValueSpecification","valueRequired":true,"valueName":"search_term_string"}}],"inLanguage":"es"},{"@type":"Organization","@id":"https:\/\/piso13.com\/#organization","name":"Piso13","url":"https:\/\/piso13.com\/","logo":{"@type":"ImageObject","inLanguage":"es","@id":"https:\/\/piso13.com\/#\/schema\/logo\/image\/","url":"https:\/\/piso13.com\/wp-content\/uploads\/2024\/03\/cropped-LogoPiso13Negro-1-1.png","contentUrl":"https:\/\/piso13.com\/wp-content\/uploads\/2024\/03\/cropped-LogoPiso13Negro-1-1.png","width":381,"height":381,"caption":"Piso13"},"image":{"@id":"https:\/\/piso13.com\/#\/schema\/logo\/image\/"},"sameAs":["https:\/\/www.facebook.com\/OpusOneApp","https:\/\/x.com\/opusoneapp","https:\/\/www.instagram.com\/opusoneapp\/"]}]}},"_links":{"self":[{"href":"https:\/\/piso13.com\/es\/wp-json\/wp\/v2\/pages\/13379","targetHints":{"allow":["GET"]}}],"collection":[{"href":"https:\/\/piso13.com\/es\/wp-json\/wp\/v2\/pages"}],"about":[{"href":"https:\/\/piso13.com\/es\/wp-json\/wp\/v2\/types\/page"}],"author":[{"embeddable":true,"href":"https:\/\/piso13.com\/es\/wp-json\/wp\/v2\/users\/1"}],"replies":[{"embeddable":true,"href":"https:\/\/piso13.com\/es\/wp-json\/wp\/v2\/comments?post=13379"}],"version-history":[{"count":3,"href":"https:\/\/piso13.com\/es\/wp-json\/wp\/v2\/pages\/13379\/revisions"}],"predecessor-version":[{"id":13930,"href":"https:\/\/piso13.com\/es\/wp-json\/wp\/v2\/pages\/13379\/revisions\/13930"}],"wp:attachment":[{"href":"https:\/\/piso13.com\/es\/wp-json\/wp\/v2\/media?parent=13379"}],"curies":[{"name":"wp","href":"https:\/\/api.w.org\/{rel}","templated":true}]}}