{"id":13383,"date":"2023-12-27T21:37:02","date_gmt":"2023-12-27T21:37:02","guid":{"rendered":"http:\/\/piso13.net\/?page_id=13383"},"modified":"2024-04-23T19:33:52","modified_gmt":"2024-04-23T19:33:52","slug":"subscription-terms","status":"publish","type":"page","link":"https:\/\/piso13.com\/es\/subscription-terms\/","title":{"rendered":"T\u00e9rminos de suscripci\u00f3n"},"content":{"rendered":"<div class=\"wpb-content-wrapper\"><div class=\"vc_row wpb_row vc_row-fluid vc_row_visible\"><div class=\"wpb_column vc_column_container vc_col-sm-12 text-left\"><div class=\"vc_column-inner\"><div class=\"wpb_wrapper\">\n\t<div class=\"wpb_text_column wpb_content_element\" >\n\t\t<div class=\"wpb_wrapper\">\n\t\t\t<p><strong><span style=\"color: #333333;\">T\u00e9rminos de Suscripci\u00f3n<\/span><\/strong><\/p>\n<p>&nbsp;<\/p>\n<p><span style=\"color: #333333;\">El pago se cargar\u00e1 a la Cuenta de iTunes al confirmar la compra.<\/span><\/p>\n<p><span style=\"color: #333333;\">La suscripci\u00f3n se renueva autom\u00e1ticamente a menos que la renovaci\u00f3n autom\u00e1tica se desactive al menos 24 horas antes del final del per\u00edodo actual.<\/span><\/p>\n<p><span style=\"color: #333333;\">La cuenta se cargar\u00e1 para la renovaci\u00f3n en las 24 horas previas al final del per\u00edodo actual, e identificar\u00e1 el costo de la renovaci\u00f3n.<\/span><\/p>\n<p><span style=\"color: #333333;\">Las suscripciones pueden ser gestionadas por el usuario y la renovaci\u00f3n autom\u00e1tica puede desactivarse yendo a Configuraci\u00f3n de la cuenta del usuario despu\u00e9s de la compra.<\/span><\/p>\n<p><span style=\"color: #333333;\">Cualquier parte no utilizada del per\u00edodo de prueba gratuito se perder\u00e1 cuando el usuario compre una suscripci\u00f3n a esa publicaci\u00f3n, si corresponde.<\/span><\/p>\n<p><span style=\"color: #333333;\">Please see our <a href=\"https:\/\/piso13.com\/es\/privacy-policy-2\/\">Pol\u00edtica de privacidad<\/a>\u00a0and our <a href=\"https:\/\/piso13.com\/es\/terms-of-service\/\">Terms of Service<\/a><\/span><\/p>\n<p>&nbsp;<\/p>\n\n\t\t<\/div>\n\t<\/div>\n<\/div><\/div><\/div><\/div>\n<\/div>","protected":false},"excerpt":{"rendered":"SUBSCRIPTION TERMS &nbsp; Payment will be charged to iTunes Account at confirmation of purchase. Subscription automatically renews unless auto-renew is turned off at least 24-hours before the end of the current period. Account will be charged for renewal within 24-hours...","protected":false},"author":1,"featured_media":0,"parent":0,"menu_order":0,"comment_status":"closed","ping_status":"closed","template":"","meta":{"_kadence_starter_templates_imported_post":false,"footnotes":""},"class_list":["post-13383","page","type-page","status-publish","hentry"],"yoast_head":"<!-- This site is optimized with the Yoast SEO plugin v23.8 - https:\/\/yoast.com\/wordpress\/plugins\/seo\/ -->\n<title>Subscription Terms - Piso13<\/title>\n<meta name=\"robots\" content=\"index, follow, max-snippet:-1, max-image-preview:large, max-video-preview:-1\" \/>\n<link rel=\"canonical\" href=\"https:\/\/piso13.com\/es\/subscription-terms\/\" \/>\n<meta property=\"og:locale\" content=\"es_MX\" \/>\n<meta property=\"og:type\" content=\"article\" \/>\n<meta property=\"og:title\" content=\"Subscription Terms - Piso13\" \/>\n<meta property=\"og:url\" content=\"https:\/\/piso13.com\/es\/subscription-terms\/\" \/>\n<meta property=\"og:site_name\" content=\"Piso13\" \/>\n<meta property=\"article:publisher\" content=\"https:\/\/www.facebook.com\/OpusOneApp\" \/>\n<meta property=\"article:modified_time\" content=\"2024-04-23T19:33:52+00:00\" \/>\n<meta name=\"twitter:card\" content=\"summary_large_image\" \/>\n<meta name=\"twitter:site\" content=\"@opusoneapp\" \/>\n<meta name=\"twitter:label1\" content=\"Tiempo de lectura\" \/>\n\t<meta name=\"twitter:data1\" content=\"1 minuto\" \/>\n<script type=\"application\/ld+json\" class=\"yoast-schema-graph\">{\"@context\":\"https:\/\/schema.org\",\"@graph\":[{\"@type\":\"WebPage\",\"@id\":\"https:\/\/piso13.com\/subscription-terms\/\",\"url\":\"https:\/\/piso13.com\/subscription-terms\/\",\"name\":\"Subscription Terms - Piso13\",\"isPartOf\":{\"@id\":\"https:\/\/piso13.com\/#website\"},\"datePublished\":\"2023-12-27T21:37:02+00:00\",\"dateModified\":\"2024-04-23T19:33:52+00:00\",\"breadcrumb\":{\"@id\":\"https:\/\/piso13.com\/subscription-terms\/#breadcrumb\"},\"inLanguage\":\"es\",\"potentialAction\":[{\"@type\":\"ReadAction\",\"target\":[\"https:\/\/piso13.com\/subscription-terms\/\"]}]},{\"@type\":\"BreadcrumbList\",\"@id\":\"https:\/\/piso13.com\/subscription-terms\/#breadcrumb\",\"itemListElement\":[{\"@type\":\"ListItem\",\"position\":1,\"name\":\"Home\",\"item\":\"https:\/\/piso13.com\/\"},{\"@type\":\"ListItem\",\"position\":2,\"name\":\"Subscription Terms\"}]},{\"@type\":\"WebSite\",\"@id\":\"https:\/\/piso13.com\/#website\",\"url\":\"https:\/\/piso13.com\/\",\"name\":\"Piso13\",\"description\":\"\",\"publisher\":{\"@id\":\"https:\/\/piso13.com\/#organization\"},\"potentialAction\":[{\"@type\":\"SearchAction\",\"target\":{\"@type\":\"EntryPoint\",\"urlTemplate\":\"https:\/\/piso13.com\/?s={search_term_string}\"},\"query-input\":{\"@type\":\"PropertyValueSpecification\",\"valueRequired\":true,\"valueName\":\"search_term_string\"}}],\"inLanguage\":\"es\"},{\"@type\":\"Organization\",\"@id\":\"https:\/\/piso13.com\/#organization\",\"name\":\"Piso13\",\"url\":\"https:\/\/piso13.com\/\",\"logo\":{\"@type\":\"ImageObject\",\"inLanguage\":\"es\",\"@id\":\"https:\/\/piso13.com\/#\/schema\/logo\/image\/\",\"url\":\"https:\/\/piso13.com\/wp-content\/uploads\/2024\/03\/cropped-LogoPiso13Negro-1-1.png\",\"contentUrl\":\"https:\/\/piso13.com\/wp-content\/uploads\/2024\/03\/cropped-LogoPiso13Negro-1-1.png\",\"width\":381,\"height\":381,\"caption\":\"Piso13\"},\"image\":{\"@id\":\"https:\/\/piso13.com\/#\/schema\/logo\/image\/\"},\"sameAs\":[\"https:\/\/www.facebook.com\/OpusOneApp\",\"https:\/\/x.com\/opusoneapp\",\"https:\/\/www.instagram.com\/opusoneapp\/\"]}]}<\/script>\n<!-- \/ Yoast SEO plugin. -->","yoast_head_json":{"title":"Subscription Terms - Piso13","robots":{"index":"index","follow":"follow","max-snippet":"max-snippet:-1","max-image-preview":"max-image-preview:large","max-video-preview":"max-video-preview:-1"},"canonical":"https:\/\/piso13.com\/es\/subscription-terms\/","og_locale":"es_MX","og_type":"article","og_title":"Subscription Terms - Piso13","og_url":"https:\/\/piso13.com\/es\/subscription-terms\/","og_site_name":"Piso13","article_publisher":"https:\/\/www.facebook.com\/OpusOneApp","article_modified_time":"2024-04-23T19:33:52+00:00","twitter_card":"summary_large_image","twitter_site":"@opusoneapp","twitter_misc":{"Tiempo de lectura":"1 minuto"},"schema":{"@context":"https:\/\/schema.org","@graph":[{"@type":"WebPage","@id":"https:\/\/piso13.com\/subscription-terms\/","url":"https:\/\/piso13.com\/subscription-terms\/","name":"Subscription Terms - Piso13","isPartOf":{"@id":"https:\/\/piso13.com\/#website"},"datePublished":"2023-12-27T21:37:02+00:00","dateModified":"2024-04-23T19:33:52+00:00","breadcrumb":{"@id":"https:\/\/piso13.com\/subscription-terms\/#breadcrumb"},"inLanguage":"es","potentialAction":[{"@type":"ReadAction","target":["https:\/\/piso13.com\/subscription-terms\/"]}]},{"@type":"BreadcrumbList","@id":"https:\/\/piso13.com\/subscription-terms\/#breadcrumb","itemListElement":[{"@type":"ListItem","position":1,"name":"Home","item":"https:\/\/piso13.com\/"},{"@type":"ListItem","position":2,"name":"Subscription Terms"}]},{"@type":"WebSite","@id":"https:\/\/piso13.com\/#website","url":"https:\/\/piso13.com\/","name":"Piso13","description":"","publisher":{"@id":"https:\/\/piso13.com\/#organization"},"potentialAction":[{"@type":"SearchAction","target":{"@type":"EntryPoint","urlTemplate":"https:\/\/piso13.com\/?s={search_term_string}"},"query-input":{"@type":"PropertyValueSpecification","valueRequired":true,"valueName":"search_term_string"}}],"inLanguage":"es"},{"@type":"Organization","@id":"https:\/\/piso13.com\/#organization","name":"Piso13","url":"https:\/\/piso13.com\/","logo":{"@type":"ImageObject","inLanguage":"es","@id":"https:\/\/piso13.com\/#\/schema\/logo\/image\/","url":"https:\/\/piso13.com\/wp-content\/uploads\/2024\/03\/cropped-LogoPiso13Negro-1-1.png","contentUrl":"https:\/\/piso13.com\/wp-content\/uploads\/2024\/03\/cropped-LogoPiso13Negro-1-1.png","width":381,"height":381,"caption":"Piso13"},"image":{"@id":"https:\/\/piso13.com\/#\/schema\/logo\/image\/"},"sameAs":["https:\/\/www.facebook.com\/OpusOneApp","https:\/\/x.com\/opusoneapp","https:\/\/www.instagram.com\/opusoneapp\/"]}]}},"_links":{"self":[{"href":"https:\/\/piso13.com\/es\/wp-json\/wp\/v2\/pages\/13383","targetHints":{"allow":["GET"]}}],"collection":[{"href":"https:\/\/piso13.com\/es\/wp-json\/wp\/v2\/pages"}],"about":[{"href":"https:\/\/piso13.com\/es\/wp-json\/wp\/v2\/types\/page"}],"author":[{"embeddable":true,"href":"https:\/\/piso13.com\/es\/wp-json\/wp\/v2\/users\/1"}],"replies":[{"embeddable":true,"href":"https:\/\/piso13.com\/es\/wp-json\/wp\/v2\/comments?post=13383"}],"version-history":[{"count":3,"href":"https:\/\/piso13.com\/es\/wp-json\/wp\/v2\/pages\/13383\/revisions"}],"predecessor-version":[{"id":13937,"href":"https:\/\/piso13.com\/es\/wp-json\/wp\/v2\/pages\/13383\/revisions\/13937"}],"wp:attachment":[{"href":"https:\/\/piso13.com\/es\/wp-json\/wp\/v2\/media?parent=13383"}],"curies":[{"name":"wp","href":"https:\/\/api.w.org\/{rel}","templated":true}]}}