{"id":13387,"date":"2023-12-27T21:44:34","date_gmt":"2023-12-27T21:44:34","guid":{"rendered":"http:\/\/piso13.net\/?page_id=13387"},"modified":"2023-12-27T21:44:34","modified_gmt":"2023-12-27T21:44:34","slug":"privacy-policy-2","status":"publish","type":"page","link":"https:\/\/piso13.com\/es\/privacy-policy-2\/","title":{"rendered":"Pol\u00edtica de privacidad"},"content":{"rendered":"<div class=\"wpb-content-wrapper\"><div class=\"vc_row wpb_row vc_row-fluid vc_row_visible\"><div class=\"wpb_column vc_column_container vc_col-sm-12 text-left\"><div class=\"vc_column-inner\"><div class=\"wpb_wrapper\">\n\t<div class=\"wpb_text_column wpb_content_element\" >\n\t\t<div class=\"wpb_wrapper\">\n\t\t\t<p><span style=\"color: #333333;\">Nuestra Pol\u00edtica de Privacidad explica:<\/span><\/p>\n<div style=\"text-align: justify;\"><span style=\"color: #333333;\">Qu\u00e9 informaci\u00f3n recopilamos, por qu\u00e9 la recopilamos y c\u00f3mo utilizamos esa informaci\u00f3n. Si tienes alguna pregunta o inquietud sobre la protecci\u00f3n de datos, no dudes en ponerte en contacto con nosotros por correo electr\u00f3nico a: support@piso13.com.<\/span><\/div>\n<p>&nbsp;<\/p>\n<p><span style=\"color: #333333;\">La informaci\u00f3n que recopilamos.<\/span><\/p>\n<p>&nbsp;<\/p>\n<p><span style=\"color: #333333;\">1. Cuando ingresas a nuestro sitio web.<\/span><\/p>\n<p>&nbsp;<\/p>\n<p><span style=\"color: #333333;\">Cuando ingresas a nuestro sitio web, tu navegador de internet transmite autom\u00e1ticamente datos por razones t\u00e9cnicas. Esta informaci\u00f3n no se recopila ni se almacena por nosotros.<\/span><\/p>\n<p>&nbsp;<\/p>\n<p><span style=\"color: #333333;\">2. Cuando utilizas Opus One.<\/span><\/p>\n<p>&nbsp;<\/p>\n<p><span style=\"color: #333333;\">Podemos recopilar informaci\u00f3n para analizar datos de uso, como la frecuencia con la que a\u00f1ades una tarea o haces clic en \u00e1reas espec\u00edficas de la aplicaci\u00f3n. Tambi\u00e9n recopilamos informaci\u00f3n de registros y de fallos. Toda esta informaci\u00f3n est\u00e1 vinculada a tu cuenta para poder ofrecer un mejor soporte al cliente y mejorar el rendimiento y la estabilidad. No compartimos ni utilizamos esta informaci\u00f3n con fines de seguimiento.<\/span><\/p>\n<p>&nbsp;<\/p>\n<p><span style=\"color: #333333;\">3. Cuando utilizas Opus One en combinaci\u00f3n con una cuenta en la nube registrada.<\/span><\/p>\n<p>&nbsp;<\/p>\n<p><span style=\"color: #333333;\">Podemos recopilar informaci\u00f3n personal relacionada con datos de uso, como la marca de tiempo de tu \u00faltimo inicio de sesi\u00f3n, que ser\u00e1 almacenada por Opus One. Utilizamos estos datos para permitir y proporcionar un uso seguro, eficaz y relacionado con el usuario de Opus One.<\/span><\/p>\n<p>&nbsp;<\/p>\n<p><span style=\"color: #333333;\">Informaci\u00f3n que nos proporcionas.<\/span><\/p>\n<p>&nbsp;<\/p>\n<p><span style=\"color: #333333;\">1. Cuando te suscribes a nuestro bolet\u00edn.<\/span><\/p>\n<p>&nbsp;<\/p>\n<p><span style=\"color: #333333;\">Puedes suscribirte a nuestro bolet\u00edn para recibir informaci\u00f3n general sobre Opus One, actualizaciones, nuevas funciones y otra informaci\u00f3n \u00fatil relacionada con Opus One. Para saber a d\u00f3nde enviarte este bolet\u00edn, necesitamos tu direcci\u00f3n de correo electr\u00f3nico. En caso de que decidas hacerlo, almacenaremos y utilizaremos tu direcci\u00f3n de correo electr\u00f3nico \u00fanicamente para enviarte el bolet\u00edn, y podr\u00e1s cancelar la suscripci\u00f3n en cualquier momento.<\/span><\/p>\n<p>&nbsp;<\/p>\n<p><span style=\"color: #333333;\">2. Otros<\/span><\/p>\n<p>&nbsp;<\/p>\n<p><span style=\"color: #333333;\">Excepcionalmente, cuando te pones en contacto con nosotros por correo electr\u00f3nico o nos env\u00edas mensajes a trav\u00e9s de redes sociales, podemos recopilar informaci\u00f3n personal identificable para proporcionarte informaci\u00f3n. En cualquier caso, solo utilizaremos esta informaci\u00f3n personal para responder a tus consultas, actualizar una notificaci\u00f3n, resolver disputas y\/o solucionar problemas. Esta informaci\u00f3n no se compartir\u00e1 con otros a menos que lo solicites espec\u00edficamente.<\/span><\/p>\n<p>&nbsp;<\/p>\n<p>&nbsp;<\/p>\n<p><span style=\"color: #333333;\">Informaci\u00f3n que proporcionas a otros.<\/span><\/p>\n<p>&nbsp;<\/p>\n<p><span style=\"color: #333333;\">1. Cuando accedes a nuestra p\u00e1gina de soporte en Freshdesk.<\/span><\/p>\n<p>&nbsp;<\/p>\n<p><span style=\"color: #333333;\">Utilizamos un proveedor de terceros, Freshdesk, para ofrecer ayuda y soporte a nuestros usuarios. Para navegar por los foros de soporte o para crear un ticket de soporte, deber\u00e1s registrarte. Al registrarte, proporcionar\u00e1s informaci\u00f3n personal como tu nombre o nombre de usuario y tu correo electr\u00f3nico. Para obtener m\u00e1s informaci\u00f3n, consulta la Pol\u00edtica de Freshdesk: https:\/\/www.freshworks.com\/privacy\/<\/span><\/p>\n<p>&nbsp;<\/p>\n<p><span style=\"color: #333333;\">2. Cuando activas y utilizas el servicio de Pron\u00f3stico del Tiempo en Opus One.<\/span><\/p>\n<p>&nbsp;<\/p>\n<p><span style=\"color: #333333;\">Cuando activas o desactivas la funci\u00f3n de pron\u00f3stico del tiempo en Opus One, se proporcionar\u00e1 informaci\u00f3n considerada como identificable personalmente, como tu ciudad, al Tercer Proveedor encargado de ofrecer dicho servicio. No se env\u00edan identificadores a nuestro proveedor de servicios.<\/span><\/p>\n<p>&nbsp;<\/p>\n<p><span style=\"color: #333333;\">3. Cuando configuras Opus One para recibir alertas y notificaciones push.<\/span><\/p>\n<p>&nbsp;<\/p>\n<p><span style=\"color: #333333;\">Las alertas y notificaciones push son servicios proporcionados por Opus One mediante servicios fuera de nuestro control, que incluyen, entre otros, sistemas como las Notificaciones Push de Apple.<\/span><\/p>\n<p><span style=\"color: #333333;\">Al optar por utilizar estos servicios, comprendes y aceptas que los datos necesarios para proporcionar las alertas, incluyendo, pero no limit\u00e1ndose a: el nombre de la tarea, la prioridad y la hora de vencimiento, se transmitir\u00e1n para su entrega mediante servicios que no est\u00e1n bajo nuestro control, como el Servicio de Notificaciones Push de Apple.<\/span><\/p>\n<p>&nbsp;<\/p>\n<p><span style=\"color: #333333;\">4. Cuando le das permiso a Opus One, as\u00ed como a otras aplicaciones, para acceder a tus Calendarios.<\/span><\/p>\n<p>&nbsp;<\/p>\n<p><span style=\"color: #333333;\">Al habilitar estas funciones, comprendes y aceptas que todos los eventos creados en Opus One, junto con la informaci\u00f3n en ellos, incluyendo, pero no limit\u00e1ndose al nombre del evento, ubicaci\u00f3n, hora de inicio y fin, zona horaria, regla de repetici\u00f3n y notas, se compartir\u00e1n con la aplicaci\u00f3n de Calendario, as\u00ed como con todas las dem\u00e1s aplicaciones que tengan acceso a tus Calendarios.<\/span><\/p>\n<p>&nbsp;<\/p>\n<p><span style=\"color: #333333;\">Informaci\u00f3n que compartes<\/span><\/p>\n<p>&nbsp;<\/p>\n<p><span style=\"color: #333333;\">1. Cuando accedes y comentas en nuestro sitio web.<\/span><\/p>\n<p>&nbsp;<\/p>\n<p><span style=\"color: #333333;\">Algunas partes de nuestro sitio web y nuestros blogs pueden permitirte compartir informaci\u00f3n con otros y publicar informaci\u00f3n personal, como tu nombre o direcci\u00f3n de correo electr\u00f3nico. Esta informaci\u00f3n es de acceso p\u00fablico y puede ser le\u00edda, recopilada y procesada por cualquier persona. Adem\u00e1s, nuestro sitio web, al igual que muchos de nuestros servicios, puede contener enlaces a sitios web o servicios de terceros. No somos responsables de la informaci\u00f3n recopilada por esos terceros, por lo que te animamos a leer sus pol\u00edticas de privacidad antes de enviarles cualquier informaci\u00f3n.<\/span><\/p>\n<p>&nbsp;<\/p>\n<p><span style=\"color: #333333;\">2. Cuando accedes y publicas en nuestros foros de soporte en Freshdesk.<\/span><\/p>\n<p>&nbsp;<\/p>\n<p><span style=\"color: #333333;\">Freshdesk ofrece blogs o foros comunitarios de acceso p\u00fablico. Por lo tanto, cualquier informaci\u00f3n proporcionada en estas \u00e1reas puede ser le\u00edda, recopilada y utilizada por otras personas que las accedan. Para obtener m\u00e1s informaci\u00f3n, consulta la Pol\u00edtica de Freshdesk en https:\/\/www.freshworks.com\/privacy\/.<\/span><\/p>\n<p>&nbsp;<\/p>\n<p><span style=\"color: #333333;\">3. Cuando utilizas Opus One. Muchos de nuestros servicios te permiten compartir informaci\u00f3n con otros.<\/span><\/p>\n<p>&nbsp;<\/p>\n<p><span style=\"color: #333333;\">La informaci\u00f3n que ingreses en Opus One, incluyendo, pero no limit\u00e1ndose a tu calendario, tareas, notas, metas, valores y misi\u00f3n, nunca ser\u00e1 recopilada ni compartida por Piso 13, Inc.<\/span><\/p>\n<p>&nbsp;<\/p>\n<p><span style=\"color: #333333;\">Sin embargo, Opus One te ofrece la opci\u00f3n de compartir esta informaci\u00f3n mediante correo electr\u00f3nico y mensajes, as\u00ed como la opci\u00f3n de publicarla en Facebook, Twitter y otras redes sociales. Comprendes y aceptas que cada vez que utilices cualquiera de las opciones de compartir proporcionadas por Opus One, la informaci\u00f3n compartida ser\u00e1 de acceso p\u00fablico y, por lo tanto, puede ser le\u00edda, recopilada y procesada por cualquier persona.<\/span><\/p>\n<p>&nbsp;<\/p>\n<p><span style=\"color: #333333;\">4. Cuando publicas en nuestro sitio web, p\u00e1gina de Facebook o nos env\u00edas un tuit.<\/span><\/p>\n<p>&nbsp;<\/p>\n<p><span style=\"color: #333333;\">Nuestros blogs y cuentas de redes sociales, incluyendo, pero no limit\u00e1ndose a, Facebook y Twitter, pueden permitirte compartir informaci\u00f3n con otros y publicar informaci\u00f3n personal, como tu nombre o direcci\u00f3n de correo electr\u00f3nico. Esta informaci\u00f3n es de acceso p\u00fablico y puede ser le\u00edda, recopilada y procesada por cualquier persona. Por favor, ten cuidado al utilizarlos.<\/span><\/p>\n<p>&nbsp;<\/p>\n<p><span style=\"color: #333333;\">Informaci\u00f3n que compartimos<\/span><\/p>\n<p>&nbsp;<\/p>\n<p><span style=\"color: #333333;\">Tomamos la privacidad muy en serio, como se indic\u00f3 anteriormente, no almacenamos ninguna informaci\u00f3n sobre las entradas realizadas en Opus One en nuestros servidores. Recopilamos y almacenamos algunos datos, la mayor\u00eda de los cuales no se consideran identificables personalmente. Aun as\u00ed, no compartimos esta ni ninguna otra informaci\u00f3n personal con nadie fuera de nuestra empresa, salvo las excepciones que se describen a continuaci\u00f3n:<\/span><\/p>\n<p>&nbsp;<\/p>\n<p><span style=\"color: #333333;\">Colaboramos con otras empresas que nos brindan servicios, como alojar nuestro sitio web, proporcionar nuestro software de servicio de asistencia, ofrecer pron\u00f3sticos del tiempo, alojar nuestros servicios en la nube, entre otros. Solo compartimos informaci\u00f3n personal con estas empresas si es necesario para que brinden sus servicios. Todas las empresas con las que trabajamos proporcionan al menos sistemas y procesos est\u00e1ndar de la industria para garantizar la seguridad y confidencialidad de tu informaci\u00f3n.<\/span><\/p>\n<p>&nbsp;<\/p>\n<p><span style=\"color: #333333;\">Tambi\u00e9n compartimos informaci\u00f3n personal si la divulgaci\u00f3n de dicha informaci\u00f3n es razonablemente necesaria para cumplir con cualquier ley, regulaci\u00f3n, proceso legal o solicitud gubernamental ejecutable; para hacer cumplir los t\u00e9rminos de servicio aplicables, incluida la investigaci\u00f3n de posibles violaciones de los mismos; para detectar, prevenir o abordar fraudes o problemas de seguridad; y para proteger contra da\u00f1os a los derechos, propiedad o seguridad de Piso 13, Inc, nuestra empresa, sus usuarios o el p\u00fablico, seg\u00fan lo requiera o permita la ley.<\/span><\/p>\n<p>&nbsp;<\/p>\n<p><span style=\"color: #333333;\">Seguridad y Ni\u00f1os<\/span><\/p>\n<p>&nbsp;<\/p>\n<p><span style=\"color: #333333;\">Ni Opus One ni nuestro sitio web y foros est\u00e1n destinados para ser utilizados por ni\u00f1os menores de trece (13) a\u00f1os. Para acceder al sitio web u otros de nuestros servicios, declaras que tienes trece (13) a\u00f1os de edad o m\u00e1s. Si tienes menos de trece (13) a\u00f1os, no est\u00e1s autorizado y debes suspender de inmediato el uso de nuestro sitio web y\/o aplicaciones y servicios correspondientes proporcionados por Piso 13, Ltd.<\/span><\/p>\n<p>&nbsp;<\/p>\n<p><span style=\"color: #333333;\">No recopilamos intencionalmente informaci\u00f3n personal de ni\u00f1os menores de 13 a\u00f1os. Si llegamos a saber que hemos recopilado informaci\u00f3n personal de un ni\u00f1o menor de 13 a\u00f1os, eliminaremos esta informaci\u00f3n de inmediato. Los padres o tutores pueden ponerse en contacto con nosotros en opusone@piso13.com.<\/span><\/p>\n<p>&nbsp;<\/p>\n<p><span style=\"color: #333333;\">Derecho a la Informaci\u00f3n y Correcci\u00f3n<\/span><\/p>\n<p>&nbsp;<\/p>\n<p><span style=\"color: #333333;\">Realizamos esfuerzos de buena fe para brindarte acceso a tus datos, de manera que tengas la oportunidad y los medios para corregir o bloquear datos incorrectos. Para hacerlo, por favor, ponte en contacto con: support@piso13.com.<\/span><\/p>\n<p>&nbsp;<\/p>\n<p><span style=\"color: #333333;\">Procesaremos r\u00e1pidamente estas solicitudes, a menos que estemos obligados a retener informaci\u00f3n por ley o por leg\u00edtimos motivos comerciales. Tambi\u00e9n podemos rechazar solicitudes si son extremadamente impracticables, se repiten de manera irrazonable, requieren un esfuerzo t\u00e9cnico desproporcionado, ponen en riesgo la privacidad de otras personas o si el acceso no es requerido por ley.<\/span><\/p>\n<p>&nbsp;<\/p>\n<p><span style=\"color: #333333;\">Enmiendas a esta Pol\u00edtica de Privacidad<\/span><\/p>\n<p>&nbsp;<\/p>\n<p><span style=\"color: #333333;\">Nos reservamos el derecho de modificar esta pol\u00edtica de privacidad de vez en cuando. Podr\u00e1s revisar la pol\u00edtica actual en: https:\/\/www.piso13.com\/privacy-policy<\/span><\/p>\n<p>&nbsp;<\/p>\n<p><span style=\"color: #333333;\">Cada vez que nuestra pol\u00edtica cambie, publicaremos los cambios en esta p\u00e1gina. Y si los cambios son significativos, proporcionaremos un aviso destacado en nuestro blog, bolet\u00edn informativo y\/o cuentas de redes sociales. Si tienes alguna pregunta sobre nuestra pol\u00edtica de privacidad, por favor cont\u00e1ctanos en opusone@piso13.com.<\/span><\/p>\n<p><span style=\"color: #333333;\">\u00daltima revisi\u00f3n el 7 de diciembre de 2020.<\/span><br \/>\n<span style=\"color: #333333;\">\u00a9 Copyright 2020 Piso 13, Inc. Todos los derechos reservados.<\/span><\/p>\n\n\t\t<\/div>\n\t<\/div>\n<\/div><\/div><\/div><\/div>\n<\/div>","protected":false},"excerpt":{"rendered":"Our Privacy Policy explains: What information we collect, why we collect it and how we use that information. If you have any questions or concerns about data protection you are welcome to contact us via email at: support@piso13.com &nbsp; Information...","protected":false},"author":1,"featured_media":0,"parent":0,"menu_order":0,"comment_status":"closed","ping_status":"closed","template":"","meta":{"_kadence_starter_templates_imported_post":false,"footnotes":""},"class_list":["post-13387","page","type-page","status-publish","hentry"],"yoast_head":"<!-- This site is optimized with the Yoast SEO plugin v23.8 - https:\/\/yoast.com\/wordpress\/plugins\/seo\/ -->\n<title>Privacy Policy - Piso13<\/title>\n<meta name=\"robots\" content=\"index, follow, max-snippet:-1, max-image-preview:large, max-video-preview:-1\" \/>\n<link rel=\"canonical\" href=\"https:\/\/piso13.com\/es\/privacy-policy-2\/\" \/>\n<meta property=\"og:locale\" content=\"es_MX\" \/>\n<meta property=\"og:type\" content=\"article\" \/>\n<meta property=\"og:title\" content=\"Privacy Policy - Piso13\" \/>\n<meta property=\"og:url\" content=\"https:\/\/piso13.com\/es\/privacy-policy-2\/\" \/>\n<meta property=\"og:site_name\" content=\"Piso13\" \/>\n<meta property=\"article:publisher\" content=\"https:\/\/www.facebook.com\/OpusOneApp\" \/>\n<meta name=\"twitter:card\" content=\"summary_large_image\" \/>\n<meta name=\"twitter:site\" content=\"@opusoneapp\" \/>\n<meta name=\"twitter:label1\" content=\"Tiempo de lectura\" \/>\n\t<meta name=\"twitter:data1\" content=\"8 minutos\" \/>\n<script type=\"application\/ld+json\" class=\"yoast-schema-graph\">{\"@context\":\"https:\/\/schema.org\",\"@graph\":[{\"@type\":\"WebPage\",\"@id\":\"https:\/\/piso13.com\/privacy-policy-2\/\",\"url\":\"https:\/\/piso13.com\/privacy-policy-2\/\",\"name\":\"Privacy Policy - Piso13\",\"isPartOf\":{\"@id\":\"https:\/\/piso13.com\/#website\"},\"datePublished\":\"2023-12-27T21:44:34+00:00\",\"dateModified\":\"2023-12-27T21:44:34+00:00\",\"breadcrumb\":{\"@id\":\"https:\/\/piso13.com\/privacy-policy-2\/#breadcrumb\"},\"inLanguage\":\"es\",\"potentialAction\":[{\"@type\":\"ReadAction\",\"target\":[\"https:\/\/piso13.com\/privacy-policy-2\/\"]}]},{\"@type\":\"BreadcrumbList\",\"@id\":\"https:\/\/piso13.com\/privacy-policy-2\/#breadcrumb\",\"itemListElement\":[{\"@type\":\"ListItem\",\"position\":1,\"name\":\"Home\",\"item\":\"https:\/\/piso13.com\/\"},{\"@type\":\"ListItem\",\"position\":2,\"name\":\"Privacy Policy\"}]},{\"@type\":\"WebSite\",\"@id\":\"https:\/\/piso13.com\/#website\",\"url\":\"https:\/\/piso13.com\/\",\"name\":\"Piso13\",\"description\":\"\",\"publisher\":{\"@id\":\"https:\/\/piso13.com\/#organization\"},\"potentialAction\":[{\"@type\":\"SearchAction\",\"target\":{\"@type\":\"EntryPoint\",\"urlTemplate\":\"https:\/\/piso13.com\/?s={search_term_string}\"},\"query-input\":{\"@type\":\"PropertyValueSpecification\",\"valueRequired\":true,\"valueName\":\"search_term_string\"}}],\"inLanguage\":\"es\"},{\"@type\":\"Organization\",\"@id\":\"https:\/\/piso13.com\/#organization\",\"name\":\"Piso13\",\"url\":\"https:\/\/piso13.com\/\",\"logo\":{\"@type\":\"ImageObject\",\"inLanguage\":\"es\",\"@id\":\"https:\/\/piso13.com\/#\/schema\/logo\/image\/\",\"url\":\"https:\/\/piso13.com\/wp-content\/uploads\/2024\/03\/cropped-LogoPiso13Negro-1-1.png\",\"contentUrl\":\"https:\/\/piso13.com\/wp-content\/uploads\/2024\/03\/cropped-LogoPiso13Negro-1-1.png\",\"width\":381,\"height\":381,\"caption\":\"Piso13\"},\"image\":{\"@id\":\"https:\/\/piso13.com\/#\/schema\/logo\/image\/\"},\"sameAs\":[\"https:\/\/www.facebook.com\/OpusOneApp\",\"https:\/\/x.com\/opusoneapp\",\"https:\/\/www.instagram.com\/opusoneapp\/\"]}]}<\/script>\n<!-- \/ Yoast SEO plugin. -->","yoast_head_json":{"title":"Privacy Policy - Piso13","robots":{"index":"index","follow":"follow","max-snippet":"max-snippet:-1","max-image-preview":"max-image-preview:large","max-video-preview":"max-video-preview:-1"},"canonical":"https:\/\/piso13.com\/es\/privacy-policy-2\/","og_locale":"es_MX","og_type":"article","og_title":"Privacy Policy - Piso13","og_url":"https:\/\/piso13.com\/es\/privacy-policy-2\/","og_site_name":"Piso13","article_publisher":"https:\/\/www.facebook.com\/OpusOneApp","twitter_card":"summary_large_image","twitter_site":"@opusoneapp","twitter_misc":{"Tiempo de lectura":"8 minutos"},"schema":{"@context":"https:\/\/schema.org","@graph":[{"@type":"WebPage","@id":"https:\/\/piso13.com\/privacy-policy-2\/","url":"https:\/\/piso13.com\/privacy-policy-2\/","name":"Privacy Policy - Piso13","isPartOf":{"@id":"https:\/\/piso13.com\/#website"},"datePublished":"2023-12-27T21:44:34+00:00","dateModified":"2023-12-27T21:44:34+00:00","breadcrumb":{"@id":"https:\/\/piso13.com\/privacy-policy-2\/#breadcrumb"},"inLanguage":"es","potentialAction":[{"@type":"ReadAction","target":["https:\/\/piso13.com\/privacy-policy-2\/"]}]},{"@type":"BreadcrumbList","@id":"https:\/\/piso13.com\/privacy-policy-2\/#breadcrumb","itemListElement":[{"@type":"ListItem","position":1,"name":"Home","item":"https:\/\/piso13.com\/"},{"@type":"ListItem","position":2,"name":"Privacy Policy"}]},{"@type":"WebSite","@id":"https:\/\/piso13.com\/#website","url":"https:\/\/piso13.com\/","name":"Piso13","description":"","publisher":{"@id":"https:\/\/piso13.com\/#organization"},"potentialAction":[{"@type":"SearchAction","target":{"@type":"EntryPoint","urlTemplate":"https:\/\/piso13.com\/?s={search_term_string}"},"query-input":{"@type":"PropertyValueSpecification","valueRequired":true,"valueName":"search_term_string"}}],"inLanguage":"es"},{"@type":"Organization","@id":"https:\/\/piso13.com\/#organization","name":"Piso13","url":"https:\/\/piso13.com\/","logo":{"@type":"ImageObject","inLanguage":"es","@id":"https:\/\/piso13.com\/#\/schema\/logo\/image\/","url":"https:\/\/piso13.com\/wp-content\/uploads\/2024\/03\/cropped-LogoPiso13Negro-1-1.png","contentUrl":"https:\/\/piso13.com\/wp-content\/uploads\/2024\/03\/cropped-LogoPiso13Negro-1-1.png","width":381,"height":381,"caption":"Piso13"},"image":{"@id":"https:\/\/piso13.com\/#\/schema\/logo\/image\/"},"sameAs":["https:\/\/www.facebook.com\/OpusOneApp","https:\/\/x.com\/opusoneapp","https:\/\/www.instagram.com\/opusoneapp\/"]}]}},"_links":{"self":[{"href":"https:\/\/piso13.com\/es\/wp-json\/wp\/v2\/pages\/13387","targetHints":{"allow":["GET"]}}],"collection":[{"href":"https:\/\/piso13.com\/es\/wp-json\/wp\/v2\/pages"}],"about":[{"href":"https:\/\/piso13.com\/es\/wp-json\/wp\/v2\/types\/page"}],"author":[{"embeddable":true,"href":"https:\/\/piso13.com\/es\/wp-json\/wp\/v2\/users\/1"}],"replies":[{"embeddable":true,"href":"https:\/\/piso13.com\/es\/wp-json\/wp\/v2\/comments?post=13387"}],"version-history":[{"count":2,"href":"https:\/\/piso13.com\/es\/wp-json\/wp\/v2\/pages\/13387\/revisions"}],"predecessor-version":[{"id":13389,"href":"https:\/\/piso13.com\/es\/wp-json\/wp\/v2\/pages\/13387\/revisions\/13389"}],"wp:attachment":[{"href":"https:\/\/piso13.com\/es\/wp-json\/wp\/v2\/media?parent=13387"}],"curies":[{"name":"wp","href":"https:\/\/api.w.org\/{rel}","templated":true}]}}