{"id":13492,"date":"2024-01-25T18:56:31","date_gmt":"2024-01-25T18:56:31","guid":{"rendered":"http:\/\/piso13.net\/?page_id=13492"},"modified":"2024-02-29T19:34:41","modified_gmt":"2024-02-29T19:34:41","slug":"daily-tasks","status":"publish","type":"page","link":"https:\/\/piso13.com\/es\/daily-tasks\/","title":{"rendered":"Tareas Diarias"},"content":{"rendered":"<div class=\"wpb-content-wrapper\"><div data-vc-full-width=\"true\" data-vc-full-width-init=\"false\" class=\"vc_row wpb_row vc_row-fluid vc_row_visible vc_custom_1589906840416 vc_row-has-fill\"><div class=\"wpb_column vc_column_container vc_col-sm-12 text-center\"><div class=\"vc_column-inner  vc_custom_1706211808579\"><div class=\"wpb_wrapper\"><div id=\"pix-el-1706210453005-a2e0d326-a78a\" class=\"\"><div class=\"row pix-waiting pix_tabs_container\"><div class=\"col-12 col-md-8 d-inline-block\"><div class=\"pix_tabs_content animate-in\" data-anim-type=\"fade-in-up\" data-anim-delay=\"200\"><div class=\"tab-content\"><div class=\"tab-pane  show\" role=\"tabpanel\" data-toggle2=\"tab\" id=\"pix-tab-1561659755801-4f117154-3531\" data-bold=\"font-weight-bold\" data-italic=\"\" data-secondary=\"secondary-font\" data-id=\"1561659755801-4f117154-3531\" data-icon=\"\" data-title=\"Daily Notes\" aria-labelledby=\"pix-tab-1561659755801-4f117154-3531\"><div class=\"d-inline-block\" ><div class=\"animate-in  d-inline-block\" data-anim-type=\"fade-in-right\" data-anim-delay=\"200\"><div class=\"pix-img-el    text-center d-inline-block  w-100 rounded-0\"  ><img loading=\"lazy\" decoding=\"async\" class=\"card-img2 pix-img-elem rounded-0  h-1002\" style=\"height:auto;\" width=\"2464\" height=\"1432\" srcset=\"https:\/\/piso13.com\/wp-content\/uploads\/2024\/01\/mac.png 2464w, https:\/\/piso13.com\/wp-content\/uploads\/2024\/01\/mac-300x174.png 300w, https:\/\/piso13.com\/wp-content\/uploads\/2024\/01\/mac-1024x595.png 1024w, https:\/\/piso13.com\/wp-content\/uploads\/2024\/01\/mac-768x446.png 768w, https:\/\/piso13.com\/wp-content\/uploads\/2024\/01\/mac-1536x893.png 1536w, https:\/\/piso13.com\/wp-content\/uploads\/2024\/01\/mac-2048x1190.png 2048w\" sizes=\"auto, (max-width: 2464px) 100vw, 2464px\" src=\"https:\/\/piso13.com\/wp-content\/uploads\/2024\/01\/mac.png\" alt=\"Image link\" \/><\/div><\/div><\/div><div  class=\"pix-heading-el text-center  vc_custom_1709155502921\"><div><div class=\"slide-in-container2\"><h5 class=\"text-heading-default font-weight-bold secondary-font animate-in heading-text el-title_custom_color mb-12\" style=\"\" data-anim-type=\"fade-in-up\" data-anim-delay=\"400\">Una vista perfecta para empezar el d\u00eda.<\/h5><\/div><\/div><\/div><div class=\"pix-el-text w-100 text-center\" ><p class=\"text-18  text-gray-6 text-center\" ><span class=\"text-gray-6 animate-in d-inline-block\" data-anim-delay=\"600\" data-anim-type=\"fade-in-up\">La secci\u00f3n de notas diarias proporciona un espacio conveniente para capturar pensamientos, ideas e informaci\u00f3n importante, lo que facilita una organizaci\u00f3n eficaz y una referencia sencilla a lo largo del d\u00eda.<\/span><\/p><\/div><\/div><div class=\"tab-pane  show\" role=\"tabpanel\" data-toggle2=\"tab\" id=\"pix-tab-1561746161279-ed037058-927b\" data-bold=\"font-weight-bold\" data-italic=\"\" data-secondary=\"secondary-font\" data-id=\"1561746161279-ed037058-927b\" data-icon=\"\" data-title=\"Calendar\" aria-labelledby=\"pix-tab-1561746161279-ed037058-927b\"><div class=\"d-inline-block\" ><div class=\"animate-in  d-inline-block\" data-anim-type=\"fade-in-up\" data-anim-delay=\"200\"><div class=\"pix-img-el    text-center d-inline-block  w-100 rounded-0\"  ><img loading=\"lazy\" decoding=\"async\" class=\"card-img2 pix-img-elem rounded-0  h-1002\" style=\"height:auto;\" width=\"1920\" height=\"1344\" srcset=\"https:\/\/piso13.com\/wp-content\/uploads\/2024\/01\/mockup-of-an-iphone-11-suspended-on-one-corner-2001-el1.png 1920w, https:\/\/piso13.com\/wp-content\/uploads\/2024\/01\/mockup-of-an-iphone-11-suspended-on-one-corner-2001-el1-300x210.png 300w, https:\/\/piso13.com\/wp-content\/uploads\/2024\/01\/mockup-of-an-iphone-11-suspended-on-one-corner-2001-el1-1024x717.png 1024w, https:\/\/piso13.com\/wp-content\/uploads\/2024\/01\/mockup-of-an-iphone-11-suspended-on-one-corner-2001-el1-768x538.png 768w, https:\/\/piso13.com\/wp-content\/uploads\/2024\/01\/mockup-of-an-iphone-11-suspended-on-one-corner-2001-el1-1536x1075.png 1536w\" sizes=\"auto, (max-width: 1920px) 100vw, 1920px\" src=\"https:\/\/piso13.com\/wp-content\/uploads\/2024\/01\/mockup-of-an-iphone-11-suspended-on-one-corner-2001-el1.png\" alt=\"Image link\" \/><\/div><\/div><\/div><div  class=\"pix-heading-el text-center  vc_custom_1709155548161\"><div><div class=\"slide-in-container2\"><h5 class=\"text-heading-default font-weight-bold secondary-font animate-in heading-text el-title_custom_color mb-12\" style=\"\" data-anim-type=\"fade-in-up\" data-anim-delay=\"400\">Vista de calendario<\/h5><\/div><\/div><\/div><div class=\"pix-el-text w-100 text-center\" ><p class=\"text-gray-6 text-center\" ><span class=\"text-gray-6 animate-in d-inline-block\" data-anim-delay=\"600\" data-anim-type=\"fade-in-up\">La secci\u00f3n de eventos diarios sirve como un cronograma completo, lo que lo ayuda a mantenerse informado y preparado para las pr\u00f3ximas actividades, citas y compromisos.<\/span><\/p><\/div><\/div><div class=\"tab-pane  show\" role=\"tabpanel\" data-toggle2=\"tab\" id=\"pix-tab-1561748225008-0726c64f-21d5\" data-bold=\"font-weight-bold\" data-italic=\"\" data-secondary=\"secondary-font\" data-id=\"1561748225008-0726c64f-21d5\" data-icon=\"\" data-title=\"Daily Tasks\" aria-labelledby=\"pix-tab-1561748225008-0726c64f-21d5\"><div class=\"d-inline-block\" ><div class=\"animate-in  d-inline-block\" data-anim-type=\"fade-in-up\" data-anim-delay=\"200\"><div class=\"pix-img-el    text-center d-inline-block  w-100 rounded-0\"  ><img loading=\"lazy\" decoding=\"async\" class=\"card-img2 pix-img-elem rounded-0  h-1002\" style=\"height:auto;\" width=\"3300\" height=\"2474\" srcset=\"https:\/\/piso13.com\/wp-content\/uploads\/2024\/01\/macbook-pro-in-angled-view-over-a-transparent-background-a11985.png 3300w, https:\/\/piso13.com\/wp-content\/uploads\/2024\/01\/macbook-pro-in-angled-view-over-a-transparent-background-a11985-300x225.png 300w, https:\/\/piso13.com\/wp-content\/uploads\/2024\/01\/macbook-pro-in-angled-view-over-a-transparent-background-a11985-1024x768.png 1024w, https:\/\/piso13.com\/wp-content\/uploads\/2024\/01\/macbook-pro-in-angled-view-over-a-transparent-background-a11985-768x576.png 768w, https:\/\/piso13.com\/wp-content\/uploads\/2024\/01\/macbook-pro-in-angled-view-over-a-transparent-background-a11985-1536x1152.png 1536w, https:\/\/piso13.com\/wp-content\/uploads\/2024\/01\/macbook-pro-in-angled-view-over-a-transparent-background-a11985-2048x1535.png 2048w, https:\/\/piso13.com\/wp-content\/uploads\/2024\/01\/macbook-pro-in-angled-view-over-a-transparent-background-a11985-600x450.png 600w\" sizes=\"auto, (max-width: 3300px) 100vw, 3300px\" src=\"https:\/\/piso13.com\/wp-content\/uploads\/2024\/01\/macbook-pro-in-angled-view-over-a-transparent-background-a11985.png\" alt=\"Image link\" \/><\/div><\/div><\/div><div  class=\"pix-heading-el text-center  vc_custom_1709155676760\"><div><div class=\"slide-in-container2\"><h5 class=\"text-heading-default font-weight-bold secondary-font animate-in heading-text el-title_custom_color mb-12\" style=\"\" data-anim-type=\"fade-in-up\" data-anim-delay=\"400\">Vista de las Tareas Maestras<\/h5><\/div><\/div><\/div><div class=\"pix-el-text w-100 text-center\" ><p class=\"text-gray-6 text-center\" ><span class=\"text-gray-6 animate-in d-inline-block\" data-anim-delay=\"600\" data-anim-type=\"fade-in-up\">La secci\u00f3n de tareas diarias ofrece una visi\u00f3n enfocada y pr\u00e1ctica de las actividades esenciales, gui\u00e1ndote a lo largo del d\u00eda con claridad y prop\u00f3sito.<\/span><\/p><\/div><\/div><\/div><\/div><\/div><div class=\"col-12 col-md-4 d-inline-block\"><div class=\"sticky-top\" style=\"top:110px;\"><div class=\"text-left\"><span class=\"pix-badge-element h6 d-inline-flex mr-1\"  ><span class=\"badge font-weight-bold secondary-font bg-gray-6  vc_custom_1709234937377\" style=\" \"><span class=\"text-white\" style=\"\">Realiza un Recorrido<\/span><\/span><\/span><\/div><div  class=\"pix-heading-el text-left\"><div><div class=\"slide-in-container2\"><h3 class=\"text-heading-default font-weight-bold animate-in heading-text el-title_custom_color mb-12\" style=\"padding-top:20px;\" data-anim-type=\"fade-in-up\" data-anim-delay=\"200\">Un Plan Diario para Tu Alegr\u00eda<\/h3><\/div><\/div><div class=\"slide-in-container2 w-100\"><div class=\"mb-0 text-gray-6  animate-in\" data-anim-type=\"fade-in-up\" data-anim-delay=\"200\" style=\"padding-top:10px;\">El uso de un gestor de tareas diarias mejora la productividad y la organizaci\u00f3n, garantizando una gesti\u00f3n eficiente del tiempo y un enfoque simplificado para alcanzar objetivos.<\/div><\/div><\/div><div class=\"nav pix_tabs_btns text-left flex-column nav-pills pix-pills-solid animate-in\" data-anim-type=\"fade-in-up\" data-anim-delay=\"200\" role=\"tablist\" id=\"v-pills-tab\"  aria-orientation=\"vertical\" style=\"padding-top:20px;\"><div class=\"nav-item mx-0\"><a class=\"nav-link pix-tabs-btn text-24 py-2 mb-2 text-left font-weight-bold  secondary-font\" data-id=\"1561659755801-4f117154-3531\" id=\"pix-tab-btn-1561659755801-4f117154-3531\" role=\"tab\" data-toggle=\"pill\" href=\"#pix-tab-1561659755801-4f117154-3531\"  aria-controls=\"pix-tab-1561659755801-4f117154-3531\" aria-selected=\"true\">Notas Diarias<\/a><\/div><div class=\"nav-item mx-0\"><a class=\"nav-link pix-tabs-btn text-24 py-2 mb-2 text-left font-weight-bold  secondary-font\" data-id=\"1561746161279-ed037058-927b\" id=\"pix-tab-btn-1561746161279-ed037058-927b\" role=\"tab\" data-toggle=\"pill\" href=\"#pix-tab-1561746161279-ed037058-927b\"  aria-controls=\"pix-tab-1561746161279-ed037058-927b\" aria-selected=\"true\">Calendario<\/a><\/div><div class=\"nav-item mx-0\"><a class=\"nav-link pix-tabs-btn text-24 py-2 mb-2 text-left font-weight-bold  secondary-font\" data-id=\"1561748225008-0726c64f-21d5\" id=\"pix-tab-btn-1561748225008-0726c64f-21d5\" role=\"tab\" data-toggle=\"pill\" href=\"#pix-tab-1561748225008-0726c64f-21d5\"  aria-controls=\"pix-tab-1561748225008-0726c64f-21d5\" aria-selected=\"true\">Tareas Diarias<\/a><\/div><\/div><\/div><\/div><\/div><\/div><\/div><\/div><\/div><\/div><div class=\"vc_row-full-width vc_clearfix\"><\/div><section data-vc-full-width=\"true\" data-vc-full-width-init=\"false\" class=\"vc_section vc_section_visible vc_custom_1591859967693 vc_section-has-fill\" data-section-name=\"\"><div data-vc-full-width=\"true\" data-vc-full-width-init=\"false\" class=\"vc_row wpb_row vc_row-fluid vc_row_visible vc_custom_1590714209338 vc_row-o-content-middle vc_row-flex\"><div class=\"wpb_column vc_column_container vc_col-sm-6 text-left\"><div class=\"vc_column-inner\"><div class=\"wpb_wrapper\"><div id=\"el1708981104590-55102be0-e168\" class=\"pix-el-text   w-100\" ><p class=\"\"><h3><strong>Potencia tu escritura: Presentamos nuestro avanzado editor de texto enriquecido.<\/strong><\/h3>\n<\/p><\/div><div class=\"pix-el-text w-100   vc_custom_1709235274121\" ><div class=\"d-inline-block\" style=\"max-width:500px;\"><p class=\"text-20  text-gray-6\" ><span class=\"text-gray-6 animate-in d-inline-block\" data-anim-delay=\"1000\" data-anim-type=\"fade-in-up\">\"Mejora tu experiencia de creaci\u00f3n de contenido con nuestro avanzado editor de texto enriquecido de \u00faltima generaci\u00f3n. Mezcla sin esfuerzo la creatividad y la funcionalidad mientras elaboras documentos convincentes, gracias a opciones de formato intuitivas y una interfaz f\u00e1cil de usar. Toma el control de tu proceso de escritura y da vida a tus ideas con precisi\u00f3n y facilidad.\"<\/span><\/p><\/div><\/div><\/div><\/div><\/div><div class=\"wpb_column vc_column_container vc_col-sm-6 text-center\"><div class=\"vc_column-inner\"><div class=\"wpb_wrapper\">\n\t<div  class=\"wpb_single_image wpb_content_element vc_align_left\">\n\t\t\n\t\t<figure class=\"wpb_wrapper vc_figure\">\n\t\t\t<div class=\"vc_single_image-wrapper   vc_box_border_grey\"><img loading=\"lazy\" decoding=\"async\" width=\"1920\" height=\"1440\" src=\"https:\/\/piso13.com\/wp-content\/uploads\/2024\/01\/iphone-xs-mockup-22485.png\" class=\"vc_single_image-img attachment-full\" alt=\"\" title=\"iphone-xs-mockup-22485\" srcset=\"https:\/\/piso13.com\/wp-content\/uploads\/2024\/01\/iphone-xs-mockup-22485.png 1920w, https:\/\/piso13.com\/wp-content\/uploads\/2024\/01\/iphone-xs-mockup-22485-300x225.png 300w, https:\/\/piso13.com\/wp-content\/uploads\/2024\/01\/iphone-xs-mockup-22485-1024x768.png 1024w, https:\/\/piso13.com\/wp-content\/uploads\/2024\/01\/iphone-xs-mockup-22485-768x576.png 768w, https:\/\/piso13.com\/wp-content\/uploads\/2024\/01\/iphone-xs-mockup-22485-1536x1152.png 1536w, https:\/\/piso13.com\/wp-content\/uploads\/2024\/01\/iphone-xs-mockup-22485-600x450.png 600w\" sizes=\"auto, (max-width: 1920px) 100vw, 1920px\" \/><\/div>\n\t\t<\/figure>\n\t<\/div>\n<\/div><\/div><\/div><\/div><div class=\"vc_row-full-width vc_clearfix\"><\/div><div data-vc-full-width=\"true\" data-vc-full-width-init=\"false\" class=\"vc_row wpb_row vc_row-fluid vc_row_visible vc_custom_1590714209338 vc_row-o-content-middle vc_row-flex\"><div class=\"wpb_column vc_column_container vc_col-sm-6 text-left\"><div class=\"vc_column-inner\"><div class=\"wpb_wrapper\">\n\t<div  class=\"wpb_single_image wpb_content_element vc_align_left\">\n\t\t\n\t\t<figure class=\"wpb_wrapper vc_figure\">\n\t\t\t<div class=\"vc_single_image-wrapper   vc_box_border_grey\"><img loading=\"lazy\" decoding=\"async\" width=\"1140\" height=\"1164\" src=\"https:\/\/piso13.com\/wp-content\/uploads\/2024\/01\/Screenshot-2024-01-25-at-9.01.58\u202fPM.png\" class=\"vc_single_image-img attachment-full\" alt=\"\" title=\"Screenshot 2024-01-25 at 9.01.58\u202fPM\" srcset=\"https:\/\/piso13.com\/wp-content\/uploads\/2024\/01\/Screenshot-2024-01-25-at-9.01.58\u202fPM.png 1140w, https:\/\/piso13.com\/wp-content\/uploads\/2024\/01\/Screenshot-2024-01-25-at-9.01.58\u202fPM-294x300.png 294w, https:\/\/piso13.com\/wp-content\/uploads\/2024\/01\/Screenshot-2024-01-25-at-9.01.58\u202fPM-1003x1024.png 1003w, https:\/\/piso13.com\/wp-content\/uploads\/2024\/01\/Screenshot-2024-01-25-at-9.01.58\u202fPM-768x784.png 768w\" sizes=\"auto, (max-width: 1140px) 100vw, 1140px\" \/><\/div>\n\t\t<\/figure>\n\t<\/div>\n<\/div><\/div><\/div><div class=\"wpb_column vc_column_container vc_col-sm-6 text-center\"><div class=\"vc_column-inner\"><div class=\"wpb_wrapper\"><div id=\"el1708981152100-2e6380cc-35ea\" class=\"pix-el-text   w-100\" ><p class=\"\"><h3 style=\"text-align: left;\"><strong>Vista de Tarjetas de Tareas: Una Instant\u00e1nea Visual de Tus Objetivos Diarios<\/strong><\/h3>\n<\/p><\/div><div class=\"pix-el-text w-100   vc_custom_1709235263697\" ><div class=\"d-inline-block\" style=\"max-width:500px;\"><p class=\"text-20  text-gray-6\" ><span class=\"text-gray-6 animate-in d-inline-block\" data-anim-delay=\"1000\" data-anim-type=\"fade-in-up\">Desbloquea todo el potencial de la gesti\u00f3n de tareas con nuestras s\u00f3lidas caracter\u00edsticas, que incluyen alarmas para recordatorios oportunos, reglas de repetici\u00f3n flexibles, opciones de categorizaci\u00f3n intuitivas, listas de verificaci\u00f3n completas y la capacidad de desglosar tareas en subtareas manejables. \u00a1Tu productividad nunca ha sido tan personalizada y eficiente!<\/span><\/p><\/div><\/div><\/div><\/div><\/div><\/div><div class=\"vc_row-full-width vc_clearfix\"><\/div><\/section><div class=\"vc_row-full-width vc_clearfix\"><\/div>\n<\/div>","protected":false},"excerpt":{"rendered":"A perfect view to start the day.The daily notes section provides a convenient space to capture thoughts, ideas and important information, facilitating effective organization and easy reference throughout your day.Calendar ViewThe daily events section serves as a complete schedule, helping...","protected":false},"author":1,"featured_media":0,"parent":0,"menu_order":0,"comment_status":"closed","ping_status":"closed","template":"","meta":{"_kadence_starter_templates_imported_post":false,"footnotes":""},"class_list":["post-13492","page","type-page","status-publish","hentry"],"yoast_head":"<!-- This site is optimized with the Yoast SEO plugin v23.8 - https:\/\/yoast.com\/wordpress\/plugins\/seo\/ -->\n<title>Daily Tasks - Piso13<\/title>\n<meta name=\"robots\" content=\"index, follow, max-snippet:-1, max-image-preview:large, max-video-preview:-1\" \/>\n<link rel=\"canonical\" href=\"https:\/\/piso13.com\/es\/daily-tasks\/\" \/>\n<meta property=\"og:locale\" content=\"es_MX\" \/>\n<meta property=\"og:type\" content=\"article\" \/>\n<meta property=\"og:title\" content=\"Daily Tasks - Piso13\" \/>\n<meta property=\"og:url\" content=\"https:\/\/piso13.com\/es\/daily-tasks\/\" \/>\n<meta property=\"og:site_name\" content=\"Piso13\" \/>\n<meta property=\"article:publisher\" content=\"https:\/\/www.facebook.com\/OpusOneApp\" \/>\n<meta property=\"article:modified_time\" content=\"2024-02-29T19:34:41+00:00\" \/>\n<meta name=\"twitter:card\" content=\"summary_large_image\" \/>\n<meta name=\"twitter:site\" content=\"@opusoneapp\" \/>\n<meta name=\"twitter:label1\" content=\"Tiempo de lectura\" \/>\n\t<meta name=\"twitter:data1\" content=\"4 minutos\" \/>\n<script type=\"application\/ld+json\" class=\"yoast-schema-graph\">{\"@context\":\"https:\/\/schema.org\",\"@graph\":[{\"@type\":\"WebPage\",\"@id\":\"https:\/\/piso13.com\/daily-tasks\/\",\"url\":\"https:\/\/piso13.com\/daily-tasks\/\",\"name\":\"Daily Tasks - Piso13\",\"isPartOf\":{\"@id\":\"https:\/\/piso13.com\/#website\"},\"datePublished\":\"2024-01-25T18:56:31+00:00\",\"dateModified\":\"2024-02-29T19:34:41+00:00\",\"breadcrumb\":{\"@id\":\"https:\/\/piso13.com\/daily-tasks\/#breadcrumb\"},\"inLanguage\":\"es\",\"potentialAction\":[{\"@type\":\"ReadAction\",\"target\":[\"https:\/\/piso13.com\/daily-tasks\/\"]}]},{\"@type\":\"BreadcrumbList\",\"@id\":\"https:\/\/piso13.com\/daily-tasks\/#breadcrumb\",\"itemListElement\":[{\"@type\":\"ListItem\",\"position\":1,\"name\":\"Home\",\"item\":\"https:\/\/piso13.com\/\"},{\"@type\":\"ListItem\",\"position\":2,\"name\":\"Daily Tasks\"}]},{\"@type\":\"WebSite\",\"@id\":\"https:\/\/piso13.com\/#website\",\"url\":\"https:\/\/piso13.com\/\",\"name\":\"Piso13\",\"description\":\"\",\"publisher\":{\"@id\":\"https:\/\/piso13.com\/#organization\"},\"potentialAction\":[{\"@type\":\"SearchAction\",\"target\":{\"@type\":\"EntryPoint\",\"urlTemplate\":\"https:\/\/piso13.com\/?s={search_term_string}\"},\"query-input\":{\"@type\":\"PropertyValueSpecification\",\"valueRequired\":true,\"valueName\":\"search_term_string\"}}],\"inLanguage\":\"es\"},{\"@type\":\"Organization\",\"@id\":\"https:\/\/piso13.com\/#organization\",\"name\":\"Piso13\",\"url\":\"https:\/\/piso13.com\/\",\"logo\":{\"@type\":\"ImageObject\",\"inLanguage\":\"es\",\"@id\":\"https:\/\/piso13.com\/#\/schema\/logo\/image\/\",\"url\":\"https:\/\/piso13.com\/wp-content\/uploads\/2024\/03\/cropped-LogoPiso13Negro-1-1.png\",\"contentUrl\":\"https:\/\/piso13.com\/wp-content\/uploads\/2024\/03\/cropped-LogoPiso13Negro-1-1.png\",\"width\":381,\"height\":381,\"caption\":\"Piso13\"},\"image\":{\"@id\":\"https:\/\/piso13.com\/#\/schema\/logo\/image\/\"},\"sameAs\":[\"https:\/\/www.facebook.com\/OpusOneApp\",\"https:\/\/x.com\/opusoneapp\",\"https:\/\/www.instagram.com\/opusoneapp\/\"]}]}<\/script>\n<!-- \/ Yoast SEO plugin. -->","yoast_head_json":{"title":"Daily Tasks - Piso13","robots":{"index":"index","follow":"follow","max-snippet":"max-snippet:-1","max-image-preview":"max-image-preview:large","max-video-preview":"max-video-preview:-1"},"canonical":"https:\/\/piso13.com\/es\/daily-tasks\/","og_locale":"es_MX","og_type":"article","og_title":"Daily Tasks - Piso13","og_url":"https:\/\/piso13.com\/es\/daily-tasks\/","og_site_name":"Piso13","article_publisher":"https:\/\/www.facebook.com\/OpusOneApp","article_modified_time":"2024-02-29T19:34:41+00:00","twitter_card":"summary_large_image","twitter_site":"@opusoneapp","twitter_misc":{"Tiempo de lectura":"4 minutos"},"schema":{"@context":"https:\/\/schema.org","@graph":[{"@type":"WebPage","@id":"https:\/\/piso13.com\/daily-tasks\/","url":"https:\/\/piso13.com\/daily-tasks\/","name":"Daily Tasks - Piso13","isPartOf":{"@id":"https:\/\/piso13.com\/#website"},"datePublished":"2024-01-25T18:56:31+00:00","dateModified":"2024-02-29T19:34:41+00:00","breadcrumb":{"@id":"https:\/\/piso13.com\/daily-tasks\/#breadcrumb"},"inLanguage":"es","potentialAction":[{"@type":"ReadAction","target":["https:\/\/piso13.com\/daily-tasks\/"]}]},{"@type":"BreadcrumbList","@id":"https:\/\/piso13.com\/daily-tasks\/#breadcrumb","itemListElement":[{"@type":"ListItem","position":1,"name":"Home","item":"https:\/\/piso13.com\/"},{"@type":"ListItem","position":2,"name":"Daily Tasks"}]},{"@type":"WebSite","@id":"https:\/\/piso13.com\/#website","url":"https:\/\/piso13.com\/","name":"Piso13","description":"","publisher":{"@id":"https:\/\/piso13.com\/#organization"},"potentialAction":[{"@type":"SearchAction","target":{"@type":"EntryPoint","urlTemplate":"https:\/\/piso13.com\/?s={search_term_string}"},"query-input":{"@type":"PropertyValueSpecification","valueRequired":true,"valueName":"search_term_string"}}],"inLanguage":"es"},{"@type":"Organization","@id":"https:\/\/piso13.com\/#organization","name":"Piso13","url":"https:\/\/piso13.com\/","logo":{"@type":"ImageObject","inLanguage":"es","@id":"https:\/\/piso13.com\/#\/schema\/logo\/image\/","url":"https:\/\/piso13.com\/wp-content\/uploads\/2024\/03\/cropped-LogoPiso13Negro-1-1.png","contentUrl":"https:\/\/piso13.com\/wp-content\/uploads\/2024\/03\/cropped-LogoPiso13Negro-1-1.png","width":381,"height":381,"caption":"Piso13"},"image":{"@id":"https:\/\/piso13.com\/#\/schema\/logo\/image\/"},"sameAs":["https:\/\/www.facebook.com\/OpusOneApp","https:\/\/x.com\/opusoneapp","https:\/\/www.instagram.com\/opusoneapp\/"]}]}},"_links":{"self":[{"href":"https:\/\/piso13.com\/es\/wp-json\/wp\/v2\/pages\/13492","targetHints":{"allow":["GET"]}}],"collection":[{"href":"https:\/\/piso13.com\/es\/wp-json\/wp\/v2\/pages"}],"about":[{"href":"https:\/\/piso13.com\/es\/wp-json\/wp\/v2\/types\/page"}],"author":[{"embeddable":true,"href":"https:\/\/piso13.com\/es\/wp-json\/wp\/v2\/users\/1"}],"replies":[{"embeddable":true,"href":"https:\/\/piso13.com\/es\/wp-json\/wp\/v2\/comments?post=13492"}],"version-history":[{"count":5,"href":"https:\/\/piso13.com\/es\/wp-json\/wp\/v2\/pages\/13492\/revisions"}],"predecessor-version":[{"id":13770,"href":"https:\/\/piso13.com\/es\/wp-json\/wp\/v2\/pages\/13492\/revisions\/13770"}],"wp:attachment":[{"href":"https:\/\/piso13.com\/es\/wp-json\/wp\/v2\/media?parent=13492"}],"curies":[{"name":"wp","href":"https:\/\/api.w.org\/{rel}","templated":true}]}}