{"id":13508,"date":"2024-01-31T19:36:09","date_gmt":"2024-01-31T19:36:09","guid":{"rendered":"http:\/\/piso13.net\/?page_id=13508"},"modified":"2024-02-29T19:33:15","modified_gmt":"2024-02-29T19:33:15","slug":"master-tasks","status":"publish","type":"page","link":"https:\/\/piso13.com\/es\/master-tasks\/","title":{"rendered":"Tareas Maestras"},"content":{"rendered":"<div class=\"wpb-content-wrapper\"><div data-vc-full-width=\"true\" data-vc-full-width-init=\"false\" class=\"vc_row wpb_row vc_row-fluid vc_row_visible vc_custom_1589906840416 vc_row-has-fill\"><div class=\"wpb_column vc_column_container vc_col-sm-12 text-center\"><div class=\"vc_column-inner  vc_custom_1706211808579\"><div class=\"wpb_wrapper\"><div id=\"pix-el-1706210453005-a2e0d326-a78a\" class=\"\"><div class=\"row pix-waiting pix_tabs_container\"><div class=\"col-12 col-md-8 d-inline-block\"><div class=\"pix_tabs_content animate-in\" data-anim-type=\"fade-in-up\" data-anim-delay=\"200\"><div class=\"tab-content\"><div class=\"tab-pane  show\" role=\"tabpanel\" data-toggle2=\"tab\" id=\"pix-tab-1561746161279-ed037058-927b\" data-bold=\"font-weight-bold\" data-italic=\"\" data-secondary=\"secondary-font\" data-id=\"1561746161279-ed037058-927b\" data-icon=\"\" data-title=\"Calendar\" aria-labelledby=\"pix-tab-1561746161279-ed037058-927b\"><div class=\"d-inline-block\" ><div class=\"animate-in  d-inline-block\" data-anim-type=\"fade-in-up\" data-anim-delay=\"200\"><div class=\"pix-img-el    text-center d-inline-block  w-100 rounded-0\"  ><img loading=\"lazy\" decoding=\"async\" class=\"card-img2 pix-img-elem rounded-0  h-1002\" style=\"height:auto;\" width=\"1920\" height=\"1415\" srcset=\"https:\/\/piso13.com\/wp-content\/uploads\/2024\/01\/mockup-of-an-iphone-11-floating-in-portrait-position-at-a-customizable-set-234-el.png 1920w, https:\/\/piso13.com\/wp-content\/uploads\/2024\/01\/mockup-of-an-iphone-11-floating-in-portrait-position-at-a-customizable-set-234-el-300x221.png 300w, https:\/\/piso13.com\/wp-content\/uploads\/2024\/01\/mockup-of-an-iphone-11-floating-in-portrait-position-at-a-customizable-set-234-el-1024x755.png 1024w, https:\/\/piso13.com\/wp-content\/uploads\/2024\/01\/mockup-of-an-iphone-11-floating-in-portrait-position-at-a-customizable-set-234-el-768x566.png 768w, https:\/\/piso13.com\/wp-content\/uploads\/2024\/01\/mockup-of-an-iphone-11-floating-in-portrait-position-at-a-customizable-set-234-el-1536x1132.png 1536w\" sizes=\"auto, (max-width: 1920px) 100vw, 1920px\" src=\"https:\/\/piso13.com\/wp-content\/uploads\/2024\/01\/mockup-of-an-iphone-11-floating-in-portrait-position-at-a-customizable-set-234-el.png\" alt=\"Image link\" \/><\/div><\/div><\/div><div  class=\"pix-heading-el text-center  vc_custom_1706211744498\"><div><div class=\"slide-in-container2\"><h5 class=\"text-heading-default font-weight-bold secondary-font animate-in heading-text el-title_custom_color mb-12\" style=\"\" data-anim-type=\"fade-in-up\" data-anim-delay=\"400\">Eventos del Calendario<\/h5><\/div><\/div><\/div><div class=\"pix-el-text w-100 text-center\" ><p class=\"text-18  text-gray-6 text-center\" ><span class=\"text-gray-6 animate-in d-inline-block\" data-anim-delay=\"600\" data-anim-type=\"fade-in-up\">La secci\u00f3n de eventos diarios sirve como un programa completo que lo ayuda a mantenerse informado y preparado para las pr\u00f3ximas actividades, citas y compromisos.<\/span><\/p><\/div><\/div><div class=\"tab-pane  show\" role=\"tabpanel\" data-toggle2=\"tab\" id=\"pix-tab-1561748225008-0726c64f-21d5\" data-bold=\"font-weight-bold\" data-italic=\"\" data-secondary=\"secondary-font\" data-id=\"1561748225008-0726c64f-21d5\" data-icon=\"\" data-title=\"Master Task\" aria-labelledby=\"pix-tab-1561748225008-0726c64f-21d5\"><div class=\"d-inline-block\" ><div class=\"animate-in  d-inline-block\" data-anim-type=\"fade-in-up\" data-anim-delay=\"200\"><div class=\"pix-img-el    text-center d-inline-block  w-100 rounded-0\"  ><img loading=\"lazy\" decoding=\"async\" class=\"card-img2 pix-img-elem rounded-0  h-1002\" style=\"height:auto;\" width=\"1500\" height=\"911\" srcset=\"https:\/\/piso13.com\/wp-content\/uploads\/2024\/01\/macbook-pro-mockup-floating-over-a-transparent-background-a11409-10.jpg 1500w, https:\/\/piso13.com\/wp-content\/uploads\/2024\/01\/macbook-pro-mockup-floating-over-a-transparent-background-a11409-10-300x182.jpg 300w, https:\/\/piso13.com\/wp-content\/uploads\/2024\/01\/macbook-pro-mockup-floating-over-a-transparent-background-a11409-10-1024x622.jpg 1024w, https:\/\/piso13.com\/wp-content\/uploads\/2024\/01\/macbook-pro-mockup-floating-over-a-transparent-background-a11409-10-768x466.jpg 768w\" sizes=\"auto, (max-width: 1500px) 100vw, 1500px\" src=\"https:\/\/piso13.com\/wp-content\/uploads\/2024\/01\/macbook-pro-mockup-floating-over-a-transparent-background-a11409-10.jpg\" alt=\"Image link\" \/><\/div><\/div><\/div><div  class=\"pix-heading-el text-center  vc_custom_1706211687063\"><div><div class=\"slide-in-container2\"><h5 class=\"text-heading-default font-weight-bold secondary-font animate-in heading-text el-title_custom_color mb-12\" style=\"\" data-anim-type=\"fade-in-up\" data-anim-delay=\"400\">Vista de las Tareas Maestras<\/h5><\/div><\/div><\/div><div class=\"pix-el-text w-100 text-center\" ><p class=\"text-18  text-gray-6 text-center\" ><span class=\"text-gray-6 animate-in d-inline-block\" data-anim-delay=\"600\" data-anim-type=\"fade-in-up\">La secci\u00f3n de tareas maestras proporciona una descripci\u00f3n general enfocada y pr\u00e1ctica de las actividades esenciales, gui\u00e1ndolo a lo largo de su d\u00eda con claridad y prop\u00f3sito.<\/span><\/p><\/div><\/div><\/div><\/div><\/div><div class=\"col-12 col-md-4 d-inline-block\"><div class=\"sticky-top\" style=\"top:110px;\"><div class=\"text-left\"><span class=\"pix-badge-element h6 d-inline-flex mr-1\"  ><span class=\"badge font-weight-bold secondary-font bg-green  vc_custom_1709235095533\" style=\" \"><span class=\"text-white\" style=\"\">Realiza un Recorrido<\/span><\/span><\/span><\/div><div  class=\"pix-heading-el text-left\"><div><div class=\"slide-in-container2\"><h3 class=\"text-heading-default font-weight-bold animate-in heading-text el-title_custom_color mb-12\" style=\"padding-top:20px;\" data-anim-type=\"fade-in-up\" data-anim-delay=\"200\">Tareas Maestras con visualizaci\u00f3n del calendario<\/h3><\/div><\/div><div class=\"slide-in-container2 w-100\"><div class=\"mb-0 text-gray-6  animate-in\" data-anim-type=\"fade-in-up\" data-anim-delay=\"200\" style=\"padding-top:10px;\">Las tareas sin fechas de entrega encuentran su lugar junto con una vista de calendario, ofreciendo una combinaci\u00f3n armoniosa de estructura y flexibilidad.<\/div><\/div><\/div><div class=\"nav pix_tabs_btns text-left flex-column nav-pills pix-pills-solid animate-in\" data-anim-type=\"fade-in-up\" data-anim-delay=\"200\" role=\"tablist\" id=\"v-pills-tab\"  aria-orientation=\"vertical\" style=\"padding-top:20px;\"><div class=\"nav-item mx-0\"><a class=\"nav-link pix-tabs-btn text-24 py-2 mb-2 text-left font-weight-bold  secondary-font\" data-id=\"1561746161279-ed037058-927b\" id=\"pix-tab-btn-1561746161279-ed037058-927b\" role=\"tab\" data-toggle=\"pill\" href=\"#pix-tab-1561746161279-ed037058-927b\"  aria-controls=\"pix-tab-1561746161279-ed037058-927b\" aria-selected=\"true\">Calendario<\/a><\/div><div class=\"nav-item mx-0\"><a class=\"nav-link pix-tabs-btn text-24 py-2 mb-2 text-left font-weight-bold  secondary-font\" data-id=\"1561748225008-0726c64f-21d5\" id=\"pix-tab-btn-1561748225008-0726c64f-21d5\" role=\"tab\" data-toggle=\"pill\" href=\"#pix-tab-1561748225008-0726c64f-21d5\"  aria-controls=\"pix-tab-1561748225008-0726c64f-21d5\" aria-selected=\"true\">Tareas Maestras<\/a><\/div><\/div><\/div><\/div><\/div><\/div><\/div><\/div><\/div><\/div><div class=\"vc_row-full-width vc_clearfix\"><\/div><section data-vc-full-width=\"true\" data-vc-full-width-init=\"false\" class=\"vc_section vc_section_visible vc_custom_1591859967693 vc_section-has-fill\" data-section-name=\"\"><div data-vc-full-width=\"true\" data-vc-full-width-init=\"false\" class=\"vc_row wpb_row vc_row-fluid vc_row_visible vc_custom_1590714209338 vc_row-o-content-middle vc_row-flex\"><div class=\"wpb_column vc_column_container vc_col-sm-6 text-left\"><div class=\"vc_column-inner\"><div class=\"wpb_wrapper\"><div id=\"el1706816867396-bdc1222c-5993\" class=\"pix-highlighted-element text-center\"><h3 class=\"pix-highlighted-items\" style=\"\" data-anim-type=\"\" data-anim-delay=\"0\"><span id=\"el1706816867396-bdc1222c-5993-0\" class=\"pix-highlight-bg align-middle2  animate-in\" data-anim-type=\"highlight-grow\" data-anim-delay=\"200\"><span class=\"pix-highlighted-text  pix-highlight-item font-weight-normal  font-weight-bold heading-font text-heading-default\">B\u00fasquedas eternas: <\/span><\/span><span id=\"el1706816867396-bdc1222c-5993-1\" class=\"\"><span class=\"pix-highlighted-text pix-highlight-item font-weight-normal  heading-font text-heading-default\">Tareas Maestras por Categoria o Roles de Vida<\/span><\/span><\/h3><\/div><div class=\"pix-el-text w-100   vc_custom_1709235151801\" ><div class=\"d-inline-block\" style=\"max-width:500px;\"><p class=\"text-20  text-gray-6\" ><span class=\"text-gray-6 animate-in d-inline-block\" data-anim-delay=\"1000\" data-anim-type=\"fade-in-up\">Ad\u00e9ntrate en un mundo de perpetuo crecimiento con nuestra secci\u00f3n Eternal Pursuits, donde las tareas sin fechas l\u00edmite se alinean perfectamente con el ritmo de tu vida. Navegue sin esfuerzo organizando tareas seg\u00fan categor\u00edas o roles de vida, ofreciendo un enfoque personalizado en su viaje de mejora continua.<\/span><\/p><\/div><\/div><\/div><\/div><\/div><div class=\"wpb_column vc_column_container vc_col-sm-6 text-center\"><div class=\"vc_column-inner\"><div class=\"wpb_wrapper\">\n\t<div  class=\"wpb_single_image wpb_content_element vc_align_left\">\n\t\t\n\t\t<figure class=\"wpb_wrapper vc_figure\">\n\t\t\t<div class=\"vc_single_image-wrapper   vc_box_border_grey\"><img loading=\"lazy\" decoding=\"async\" width=\"1463\" height=\"2292\" src=\"https:\/\/piso13.com\/wp-content\/uploads\/2024\/01\/master-task.png\" class=\"vc_single_image-img attachment-full\" alt=\"\" title=\"master-task\" srcset=\"https:\/\/piso13.com\/wp-content\/uploads\/2024\/01\/master-task.png 1463w, https:\/\/piso13.com\/wp-content\/uploads\/2024\/01\/master-task-191x300.png 191w, https:\/\/piso13.com\/wp-content\/uploads\/2024\/01\/master-task-654x1024.png 654w, https:\/\/piso13.com\/wp-content\/uploads\/2024\/01\/master-task-768x1203.png 768w, https:\/\/piso13.com\/wp-content\/uploads\/2024\/01\/master-task-980x1536.png 980w, https:\/\/piso13.com\/wp-content\/uploads\/2024\/01\/master-task-1307x2048.png 1307w\" sizes=\"auto, (max-width: 1463px) 100vw, 1463px\" \/><\/div>\n\t\t<\/figure>\n\t<\/div>\n<\/div><\/div><\/div><\/div><div class=\"vc_row-full-width vc_clearfix\"><\/div><div data-vc-full-width=\"true\" data-vc-full-width-init=\"false\" class=\"vc_row wpb_row vc_row-fluid vc_row_visible vc_custom_1590714209338 vc_row-o-content-middle vc_row-flex\"><div class=\"wpb_column vc_column_container vc_col-sm-6 text-left\"><div class=\"vc_column-inner\"><div class=\"wpb_wrapper\">\n\t<div  class=\"wpb_single_image wpb_content_element vc_align_left\">\n\t\t\n\t\t<figure class=\"wpb_wrapper vc_figure\">\n\t\t\t<div class=\"vc_single_image-wrapper   vc_box_border_grey\"><img loading=\"lazy\" decoding=\"async\" width=\"1600\" height=\"1322\" src=\"https:\/\/piso13.com\/wp-content\/uploads\/2024\/01\/task-view.jpg\" class=\"vc_single_image-img attachment-full\" alt=\"\" title=\"task-view\" srcset=\"https:\/\/piso13.com\/wp-content\/uploads\/2024\/01\/task-view.jpg 1600w, https:\/\/piso13.com\/wp-content\/uploads\/2024\/01\/task-view-300x248.jpg 300w, https:\/\/piso13.com\/wp-content\/uploads\/2024\/01\/task-view-1024x846.jpg 1024w, https:\/\/piso13.com\/wp-content\/uploads\/2024\/01\/task-view-768x635.jpg 768w, https:\/\/piso13.com\/wp-content\/uploads\/2024\/01\/task-view-1536x1269.jpg 1536w\" sizes=\"auto, (max-width: 1600px) 100vw, 1600px\" \/><\/div>\n\t\t<\/figure>\n\t<\/div>\n<\/div><\/div><\/div><div class=\"wpb_column vc_column_container vc_col-sm-6 text-center\"><div class=\"vc_column-inner\"><div class=\"wpb_wrapper\"><div id=\"el1706817042381-83188c3b-50c9\" class=\"pix-highlighted-element text-center\"><h3 class=\"pix-highlighted-items\" style=\"\" data-anim-type=\"\" data-anim-delay=\"0\"><span id=\"el1706817042381-83188c3b-50c9-0\" class=\"pix-highlight-bg align-middle2  el1706817042381-83188c3b-50c9-0 animate-in\" data-anim-type=\"highlight-grow\" data-anim-delay=\"200\"><span class=\"pix-highlighted-text  pix-highlight-item font-weight-normal  font-weight-bold heading-font text-heading-default\">Vista de Tareas Maestras <\/span><\/span><span id=\"el1706817042381-83188c3b-50c9-1\" class=\"\"><span class=\"pix-highlighted-text pix-highlight-item font-weight-normal  heading-font text-heading-default\">Un tapiz visual de tus responsabilidades<\/span><\/span><\/h3><\/div><div class=\"pix-el-text w-100   vc_custom_1709235185299\" ><div class=\"d-inline-block\" style=\"max-width:500px;\"><p class=\"text-20  text-gray-6\" ><span class=\"text-gray-6 animate-in d-inline-block\" data-anim-delay=\"1000\" data-anim-type=\"fade-in-up\">Libere todo el potencial de la gesti\u00f3n de tareas con nuestras s\u00f3lidas funciones, seleccione el estado, cambie la prioridad, agregue subtareas y listas de verificaci\u00f3n. \u00a1Su productividad nunca ha sido m\u00e1s personalizada y eficiente!<\/span><\/p><\/div><\/div><\/div><\/div><\/div><\/div><div class=\"vc_row-full-width vc_clearfix\"><\/div><\/section><div class=\"vc_row-full-width vc_clearfix\"><\/div>\n<\/div>","protected":false},"excerpt":{"rendered":"Events ViewThe daily events section serves as a comprehensive schedule, helping you stay informed and prepared for upcoming activities, appointments, and engagements.Task Card ViewThe master tasks section provides a focused and practical overview of essential activities, guiding you through your...","protected":false},"author":1,"featured_media":0,"parent":0,"menu_order":0,"comment_status":"closed","ping_status":"closed","template":"","meta":{"_kadence_starter_templates_imported_post":false,"footnotes":""},"class_list":["post-13508","page","type-page","status-publish","hentry"],"yoast_head":"<!-- This site is optimized with the Yoast SEO plugin v23.8 - https:\/\/yoast.com\/wordpress\/plugins\/seo\/ -->\n<title>Master Tasks - Piso13<\/title>\n<meta name=\"robots\" content=\"index, follow, max-snippet:-1, max-image-preview:large, max-video-preview:-1\" \/>\n<link rel=\"canonical\" href=\"https:\/\/piso13.com\/es\/master-tasks\/\" \/>\n<meta property=\"og:locale\" content=\"es_MX\" \/>\n<meta property=\"og:type\" content=\"article\" \/>\n<meta property=\"og:title\" content=\"Master Tasks - Piso13\" \/>\n<meta property=\"og:url\" content=\"https:\/\/piso13.com\/es\/master-tasks\/\" \/>\n<meta property=\"og:site_name\" content=\"Piso13\" \/>\n<meta property=\"article:publisher\" content=\"https:\/\/www.facebook.com\/OpusOneApp\" \/>\n<meta property=\"article:modified_time\" content=\"2024-02-29T19:33:15+00:00\" \/>\n<meta name=\"twitter:card\" content=\"summary_large_image\" \/>\n<meta name=\"twitter:site\" content=\"@opusoneapp\" \/>\n<meta name=\"twitter:label1\" content=\"Tiempo de lectura\" \/>\n\t<meta name=\"twitter:data1\" content=\"4 minutos\" \/>\n<script type=\"application\/ld+json\" class=\"yoast-schema-graph\">{\"@context\":\"https:\/\/schema.org\",\"@graph\":[{\"@type\":\"WebPage\",\"@id\":\"https:\/\/piso13.com\/master-tasks\/\",\"url\":\"https:\/\/piso13.com\/master-tasks\/\",\"name\":\"Master Tasks - Piso13\",\"isPartOf\":{\"@id\":\"https:\/\/piso13.com\/#website\"},\"datePublished\":\"2024-01-31T19:36:09+00:00\",\"dateModified\":\"2024-02-29T19:33:15+00:00\",\"breadcrumb\":{\"@id\":\"https:\/\/piso13.com\/master-tasks\/#breadcrumb\"},\"inLanguage\":\"es\",\"potentialAction\":[{\"@type\":\"ReadAction\",\"target\":[\"https:\/\/piso13.com\/master-tasks\/\"]}]},{\"@type\":\"BreadcrumbList\",\"@id\":\"https:\/\/piso13.com\/master-tasks\/#breadcrumb\",\"itemListElement\":[{\"@type\":\"ListItem\",\"position\":1,\"name\":\"Home\",\"item\":\"https:\/\/piso13.com\/\"},{\"@type\":\"ListItem\",\"position\":2,\"name\":\"Master Tasks\"}]},{\"@type\":\"WebSite\",\"@id\":\"https:\/\/piso13.com\/#website\",\"url\":\"https:\/\/piso13.com\/\",\"name\":\"Piso13\",\"description\":\"\",\"publisher\":{\"@id\":\"https:\/\/piso13.com\/#organization\"},\"potentialAction\":[{\"@type\":\"SearchAction\",\"target\":{\"@type\":\"EntryPoint\",\"urlTemplate\":\"https:\/\/piso13.com\/?s={search_term_string}\"},\"query-input\":{\"@type\":\"PropertyValueSpecification\",\"valueRequired\":true,\"valueName\":\"search_term_string\"}}],\"inLanguage\":\"es\"},{\"@type\":\"Organization\",\"@id\":\"https:\/\/piso13.com\/#organization\",\"name\":\"Piso13\",\"url\":\"https:\/\/piso13.com\/\",\"logo\":{\"@type\":\"ImageObject\",\"inLanguage\":\"es\",\"@id\":\"https:\/\/piso13.com\/#\/schema\/logo\/image\/\",\"url\":\"https:\/\/piso13.com\/wp-content\/uploads\/2024\/03\/cropped-LogoPiso13Negro-1-1.png\",\"contentUrl\":\"https:\/\/piso13.com\/wp-content\/uploads\/2024\/03\/cropped-LogoPiso13Negro-1-1.png\",\"width\":381,\"height\":381,\"caption\":\"Piso13\"},\"image\":{\"@id\":\"https:\/\/piso13.com\/#\/schema\/logo\/image\/\"},\"sameAs\":[\"https:\/\/www.facebook.com\/OpusOneApp\",\"https:\/\/x.com\/opusoneapp\",\"https:\/\/www.instagram.com\/opusoneapp\/\"]}]}<\/script>\n<!-- \/ Yoast SEO plugin. -->","yoast_head_json":{"title":"Master Tasks - Piso13","robots":{"index":"index","follow":"follow","max-snippet":"max-snippet:-1","max-image-preview":"max-image-preview:large","max-video-preview":"max-video-preview:-1"},"canonical":"https:\/\/piso13.com\/es\/master-tasks\/","og_locale":"es_MX","og_type":"article","og_title":"Master Tasks - Piso13","og_url":"https:\/\/piso13.com\/es\/master-tasks\/","og_site_name":"Piso13","article_publisher":"https:\/\/www.facebook.com\/OpusOneApp","article_modified_time":"2024-02-29T19:33:15+00:00","twitter_card":"summary_large_image","twitter_site":"@opusoneapp","twitter_misc":{"Tiempo de lectura":"4 minutos"},"schema":{"@context":"https:\/\/schema.org","@graph":[{"@type":"WebPage","@id":"https:\/\/piso13.com\/master-tasks\/","url":"https:\/\/piso13.com\/master-tasks\/","name":"Master Tasks - Piso13","isPartOf":{"@id":"https:\/\/piso13.com\/#website"},"datePublished":"2024-01-31T19:36:09+00:00","dateModified":"2024-02-29T19:33:15+00:00","breadcrumb":{"@id":"https:\/\/piso13.com\/master-tasks\/#breadcrumb"},"inLanguage":"es","potentialAction":[{"@type":"ReadAction","target":["https:\/\/piso13.com\/master-tasks\/"]}]},{"@type":"BreadcrumbList","@id":"https:\/\/piso13.com\/master-tasks\/#breadcrumb","itemListElement":[{"@type":"ListItem","position":1,"name":"Home","item":"https:\/\/piso13.com\/"},{"@type":"ListItem","position":2,"name":"Master Tasks"}]},{"@type":"WebSite","@id":"https:\/\/piso13.com\/#website","url":"https:\/\/piso13.com\/","name":"Piso13","description":"","publisher":{"@id":"https:\/\/piso13.com\/#organization"},"potentialAction":[{"@type":"SearchAction","target":{"@type":"EntryPoint","urlTemplate":"https:\/\/piso13.com\/?s={search_term_string}"},"query-input":{"@type":"PropertyValueSpecification","valueRequired":true,"valueName":"search_term_string"}}],"inLanguage":"es"},{"@type":"Organization","@id":"https:\/\/piso13.com\/#organization","name":"Piso13","url":"https:\/\/piso13.com\/","logo":{"@type":"ImageObject","inLanguage":"es","@id":"https:\/\/piso13.com\/#\/schema\/logo\/image\/","url":"https:\/\/piso13.com\/wp-content\/uploads\/2024\/03\/cropped-LogoPiso13Negro-1-1.png","contentUrl":"https:\/\/piso13.com\/wp-content\/uploads\/2024\/03\/cropped-LogoPiso13Negro-1-1.png","width":381,"height":381,"caption":"Piso13"},"image":{"@id":"https:\/\/piso13.com\/#\/schema\/logo\/image\/"},"sameAs":["https:\/\/www.facebook.com\/OpusOneApp","https:\/\/x.com\/opusoneapp","https:\/\/www.instagram.com\/opusoneapp\/"]}]}},"_links":{"self":[{"href":"https:\/\/piso13.com\/es\/wp-json\/wp\/v2\/pages\/13508","targetHints":{"allow":["GET"]}}],"collection":[{"href":"https:\/\/piso13.com\/es\/wp-json\/wp\/v2\/pages"}],"about":[{"href":"https:\/\/piso13.com\/es\/wp-json\/wp\/v2\/types\/page"}],"author":[{"embeddable":true,"href":"https:\/\/piso13.com\/es\/wp-json\/wp\/v2\/users\/1"}],"replies":[{"embeddable":true,"href":"https:\/\/piso13.com\/es\/wp-json\/wp\/v2\/comments?post=13508"}],"version-history":[{"count":5,"href":"https:\/\/piso13.com\/es\/wp-json\/wp\/v2\/pages\/13508\/revisions"}],"predecessor-version":[{"id":13769,"href":"https:\/\/piso13.com\/es\/wp-json\/wp\/v2\/pages\/13508\/revisions\/13769"}],"wp:attachment":[{"href":"https:\/\/piso13.com\/es\/wp-json\/wp\/v2\/media?parent=13508"}],"curies":[{"name":"wp","href":"https:\/\/api.w.org\/{rel}","templated":true}]}}