{"id":13520,"date":"2024-01-31T20:36:46","date_gmt":"2024-01-31T20:36:46","guid":{"rendered":"http:\/\/piso13.net\/?page_id=13520"},"modified":"2024-02-29T19:37:07","modified_gmt":"2024-02-29T19:37:07","slug":"mission","status":"publish","type":"page","link":"https:\/\/piso13.com\/es\/mission\/","title":{"rendered":"Misi\u00f3n"},"content":{"rendered":"<div class=\"wpb-content-wrapper\"><section data-vc-full-width=\"true\" data-vc-full-width-init=\"false\" class=\"vc_section vc_section_visible vc_custom_1591859967693 vc_section-has-fill\" data-section-name=\"\"><div data-vc-full-width=\"true\" data-vc-full-width-init=\"false\" class=\"vc_row wpb_row vc_row-fluid vc_row_visible vc_custom_1590714209338 vc_row-o-content-middle vc_row-flex\"><div class=\"wpb_column vc_column_container vc_col-sm-6 text-left\"><div class=\"vc_column-inner\"><div class=\"wpb_wrapper\"><div id=\"el1706212244242-b7e054ee-b6a7\" class=\"mb-3 text-left\"><div class=\"d-inline-block\" style=\"max-width:600px;\"><h3 class=\"mb-32 pix-sliding-headline-2 animate-in font-weight-bold body-font display-4\" data-anim-type=\"pix-sliding-text\" pix-anim-delay=\"500\" data-class=\"body-font text-heading-default\" style=\"\"><span class=\"slide-in-container\"><span class=\"pix-sliding-item body-font text-heading-default\" style=\"transition-delay: 0ms;\">Misi\u00f3n<\/span><\/span> <span class=\"slide-in-container\"><span class=\"pix-sliding-item body-font text-heading-default\" style=\"transition-delay: 150ms;\">Empoderamiento<\/span><\/span> <span class=\"slide-in-container\"><span class=\"pix-sliding-item body-font text-heading-default\" style=\"transition-delay: 300ms;\">personal<\/span><\/span> <\/h3><\/div><\/div><div class=\"pix-el-text w-100\" ><div class=\"d-inline-block\" style=\"max-width:500px;\"><p class=\"text-20  text-gray-6\" ><span class=\"text-gray-6 animate-in d-inline-block\" data-anim-delay=\"1000\" data-anim-type=\"fade-in-up\">Crea tu Declaraci\u00f3n de Misi\u00f3n Personal con la ayuda del Asistente del Constructor de Misiones. Este espacio dedicado te capacita para definir tu prop\u00f3sito, alinear acciones con valores y embarcarte en un viaje de autorrealizaci\u00f3n. Deja que tu misi\u00f3n sea la br\u00fajula que gu\u00eda tanto tus esfuerzos personales como profesionales.<\/span><\/p><\/div><\/div><\/div><\/div><\/div><div class=\"wpb_column vc_column_container vc_col-sm-6 text-center\"><div class=\"vc_column-inner\"><div class=\"wpb_wrapper\">\n\t<div  class=\"wpb_single_image wpb_content_element vc_align_left\">\n\t\t\n\t\t<figure class=\"wpb_wrapper vc_figure\">\n\t\t\t<div class=\"vc_single_image-wrapper   vc_box_border_grey\"><img loading=\"lazy\" decoding=\"async\" width=\"1800\" height=\"1854\" src=\"https:\/\/piso13.com\/wp-content\/uploads\/2024\/01\/mission.jpg\" class=\"vc_single_image-img attachment-full\" alt=\"\" title=\"mission\" srcset=\"https:\/\/piso13.com\/wp-content\/uploads\/2024\/01\/mission.jpg 1800w, https:\/\/piso13.com\/wp-content\/uploads\/2024\/01\/mission-291x300.jpg 291w, https:\/\/piso13.com\/wp-content\/uploads\/2024\/01\/mission-994x1024.jpg 994w, https:\/\/piso13.com\/wp-content\/uploads\/2024\/01\/mission-768x791.jpg 768w, https:\/\/piso13.com\/wp-content\/uploads\/2024\/01\/mission-1491x1536.jpg 1491w\" sizes=\"auto, (max-width: 1800px) 100vw, 1800px\" \/><\/div>\n\t\t<\/figure>\n\t<\/div>\n<\/div><\/div><\/div><\/div><div class=\"vc_row-full-width vc_clearfix\"><\/div><div data-vc-full-width=\"true\" data-vc-full-width-init=\"false\" class=\"vc_row wpb_row vc_row-fluid vc_row_visible vc_custom_1590714209338 vc_row-o-content-middle vc_row-flex\"><div class=\"wpb_column vc_column_container vc_col-sm-6 text-left\"><div class=\"vc_column-inner\"><div class=\"wpb_wrapper\">\n\t<div  class=\"wpb_single_image wpb_content_element vc_align_left\">\n\t\t\n\t\t<figure class=\"wpb_wrapper vc_figure\">\n\t\t\t<div class=\"vc_single_image-wrapper   vc_box_border_grey\"><img loading=\"lazy\" decoding=\"async\" width=\"2000\" height=\"2060\" src=\"https:\/\/piso13.com\/wp-content\/uploads\/2024\/01\/mission-ios-2.png\" class=\"vc_single_image-img attachment-full\" alt=\"\" title=\"mission-ios-2\" srcset=\"https:\/\/piso13.com\/wp-content\/uploads\/2024\/01\/mission-ios-2.png 2000w, https:\/\/piso13.com\/wp-content\/uploads\/2024\/01\/mission-ios-2-291x300.png 291w, https:\/\/piso13.com\/wp-content\/uploads\/2024\/01\/mission-ios-2-994x1024.png 994w, https:\/\/piso13.com\/wp-content\/uploads\/2024\/01\/mission-ios-2-768x791.png 768w, https:\/\/piso13.com\/wp-content\/uploads\/2024\/01\/mission-ios-2-1491x1536.png 1491w, https:\/\/piso13.com\/wp-content\/uploads\/2024\/01\/mission-ios-2-1988x2048.png 1988w\" sizes=\"auto, (max-width: 2000px) 100vw, 2000px\" \/><\/div>\n\t\t<\/figure>\n\t<\/div>\n<\/div><\/div><\/div><div class=\"wpb_column vc_column_container vc_col-sm-6 text-center\"><div class=\"vc_column-inner\"><div class=\"wpb_wrapper\"><div id=\"el1706816395987-f07a663f-2b05\" class=\"pix-highlighted-element text-center\"><h3 class=\"pix-highlighted-items\" style=\"\" data-anim-type=\"\" data-anim-delay=\"0\"><span id=\"el1706816395987-f07a663f-2b05-0\" class=\"pix-highlight-bg align-middle2  animate-in\" data-anim-type=\"highlight-grow\" data-anim-delay=\"200\"><span class=\"pix-highlighted-text  pix-highlight-item font-weight-normal  font-weight-bold heading-font text-heading-default\">El poder del prop\u00f3sito: <\/span><\/span><span id=\"el1706816395987-f07a663f-2b05-1\" class=\"\"><span class=\"pix-highlighted-text pix-highlight-item font-weight-normal  heading-font text-heading-default\">Revelando los beneficios de la Declaraci\u00f3n de Misi\u00f3n Personal<\/span><\/span><\/h3><\/div><div class=\"pix-el-text w-100   vc_custom_1709235417448\" ><div class=\"d-inline-block\" style=\"max-width:500px;\"><p class=\"text-18  text-gray-6\" ><span class=\"text-gray-6 animate-in d-inline-block\" data-anim-delay=\"1000\" data-anim-type=\"fade-in-up\">Elaborar una declaraci\u00f3n de misi\u00f3n personal es un proceso transformador que proporciona una hoja de ruta clara para navegar la vida. Esta concisa declaraci\u00f3n de valores y aspiraciones sirve como luz gu\u00eda que orienta las decisiones y acciones. Fomenta la concentraci\u00f3n, ayuda a priorizar opciones alineadas con las creencias fundamentales y contribuye a una comprensi\u00f3n m\u00e1s profunda de uno mismo. Adoptar una declaraci\u00f3n de misi\u00f3n permite a las personas establecer metas significativas, seguir caminos aut\u00e9nticos y vivir una vida m\u00e1s intencional y decidida, ofreciendo resiliencia y base frente a las incertidumbres de la vida.<\/span><\/p><\/div><\/div><\/div><\/div><\/div><\/div><div class=\"vc_row-full-width vc_clearfix\"><\/div><\/section><div class=\"vc_row-full-width vc_clearfix\"><\/div><div class=\"vc_row wpb_row vc_row-fluid vc_row_visible\"><div class=\"wpb_column vc_column_container vc_col-sm-12 text-left\"><div class=\"vc_column-inner\"><div class=\"wpb_wrapper\"><div  class=\"pix-heading-el text-center\"><div><div class=\"slide-in-container2\"><h3 class=\"text-heading-default font-weight-bold heading-text el-title_custom_color mb-12\" style=\"\" data-anim-type=\"\" data-anim-delay=\"0\">Asistente para el constructor de misiones<\/h3><\/div><\/div><\/div><div class=\"vc_empty_space\"   style=\"height: 32px\"><span class=\"vc_empty_space_inner\"><\/span><\/div><div class=\"pix-el-text w-100 text-center\" ><p class=\"text-20  text-heading-default text-center\" >Este es el espacio donde puede ingresar su Declaraci\u00f3n de Misi\u00f3n Personal. Para obtener ayuda para redactar una declaraci\u00f3n de misi\u00f3n, ejecute el Asistente de creaci\u00f3n de misiones.<\/p><\/div><div class=\"vc_empty_space\"   style=\"height: 32px\"><span class=\"vc_empty_space_inner\"><\/span><\/div><div class=\"\"><div id=\"pix-slider-54147067\" class=\"pix-main-slider pix-fix-x2  pix-style-standard pix-effect-standard   pix-slider-3 pix-slider-dots\" data-flickity='{\"autoPlay\":false,\"freeScroll\":false,\"prevNextButtons\":true,\"wrapAround\":true,\"pageDots\":true,\"adaptiveHeight\":true,\"rightToLeft\":false,\"cellAlign\":\"center\",\"contain\":true,\"slider_effect\":\"pix-effect-standard\",\"pix_id\":\"#pix-slider-54147067\"}'><div class=\"carousel-cell\"><div class=\"slide-inner pix-p-10\"><div class=\"pix-slider-effects\"><div class=\"text-left w-100 d-inline-block rounded-0\"  ><img loading=\"lazy\" decoding=\"async\" class=\"card-img rounded-0 h-100\" width=\"828\" height=\"1792\" srcset=\"https:\/\/piso13.com\/wp-content\/uploads\/2024\/01\/IMG_2692-139x300.png 139w, https:\/\/piso13.com\/wp-content\/uploads\/2024\/01\/IMG_2692-473x1024.png 473w, https:\/\/piso13.com\/wp-content\/uploads\/2024\/01\/IMG_2692-768x1662.png 768w, https:\/\/piso13.com\/wp-content\/uploads\/2024\/01\/IMG_2692-710x1536.png 710w, https:\/\/piso13.com\/wp-content\/uploads\/2024\/01\/IMG_2692.png 828w\" sizes=\"auto, (max-width: 828px) 100vw, 828px\" src=\"https:\/\/piso13.com\/wp-content\/uploads\/2024\/01\/IMG_2692.png\" alt=\"\" style=\"\"\/><\/div><\/div><\/div><\/div><div class=\"carousel-cell\"><div class=\"slide-inner pix-p-10\"><div class=\"pix-slider-effects\"><div class=\"text-left w-100 d-inline-block rounded-0\"  ><img loading=\"lazy\" decoding=\"async\" class=\"card-img rounded-0 h-100\" width=\"828\" height=\"1792\" srcset=\"https:\/\/piso13.com\/wp-content\/uploads\/2024\/01\/IMG_2693-139x300.png 139w, https:\/\/piso13.com\/wp-content\/uploads\/2024\/01\/IMG_2693-473x1024.png 473w, https:\/\/piso13.com\/wp-content\/uploads\/2024\/01\/IMG_2693-768x1662.png 768w, https:\/\/piso13.com\/wp-content\/uploads\/2024\/01\/IMG_2693-710x1536.png 710w, https:\/\/piso13.com\/wp-content\/uploads\/2024\/01\/IMG_2693.png 828w\" sizes=\"auto, (max-width: 828px) 100vw, 828px\" src=\"https:\/\/piso13.com\/wp-content\/uploads\/2024\/01\/IMG_2693.png\" alt=\"\" style=\"\"\/><\/div><\/div><\/div><\/div><div class=\"carousel-cell\"><div class=\"slide-inner pix-p-10\"><div class=\"pix-slider-effects\"><div class=\"text-left w-100 d-inline-block rounded-0\"  ><img loading=\"lazy\" decoding=\"async\" class=\"card-img rounded-0 h-100\" width=\"828\" height=\"1792\" srcset=\"https:\/\/piso13.com\/wp-content\/uploads\/2024\/01\/IMG_2694-139x300.png 139w, https:\/\/piso13.com\/wp-content\/uploads\/2024\/01\/IMG_2694-473x1024.png 473w, https:\/\/piso13.com\/wp-content\/uploads\/2024\/01\/IMG_2694-768x1662.png 768w, https:\/\/piso13.com\/wp-content\/uploads\/2024\/01\/IMG_2694-710x1536.png 710w, https:\/\/piso13.com\/wp-content\/uploads\/2024\/01\/IMG_2694.png 828w\" sizes=\"auto, (max-width: 828px) 100vw, 828px\" src=\"https:\/\/piso13.com\/wp-content\/uploads\/2024\/01\/IMG_2694.png\" alt=\"\" style=\"\"\/><\/div><\/div><\/div><\/div><div class=\"carousel-cell\"><div class=\"slide-inner pix-p-10\"><div class=\"pix-slider-effects\"><div class=\"text-left w-100 d-inline-block rounded-0\"  ><img loading=\"lazy\" decoding=\"async\" class=\"card-img rounded-0 h-100\" width=\"828\" height=\"1792\" srcset=\"https:\/\/piso13.com\/wp-content\/uploads\/2024\/01\/IMG_2695-139x300.png 139w, https:\/\/piso13.com\/wp-content\/uploads\/2024\/01\/IMG_2695-473x1024.png 473w, https:\/\/piso13.com\/wp-content\/uploads\/2024\/01\/IMG_2695-768x1662.png 768w, https:\/\/piso13.com\/wp-content\/uploads\/2024\/01\/IMG_2695-710x1536.png 710w, https:\/\/piso13.com\/wp-content\/uploads\/2024\/01\/IMG_2695.png 828w\" sizes=\"auto, (max-width: 828px) 100vw, 828px\" src=\"https:\/\/piso13.com\/wp-content\/uploads\/2024\/01\/IMG_2695.png\" alt=\"\" style=\"\"\/><\/div><\/div><\/div><\/div><div class=\"carousel-cell\"><div class=\"slide-inner pix-p-10\"><div class=\"pix-slider-effects\"><div class=\"text-left w-100 d-inline-block rounded-0\"  ><img loading=\"lazy\" decoding=\"async\" class=\"card-img rounded-0 h-100\" width=\"828\" height=\"1792\" srcset=\"https:\/\/piso13.com\/wp-content\/uploads\/2024\/01\/IMG_2696-139x300.png 139w, https:\/\/piso13.com\/wp-content\/uploads\/2024\/01\/IMG_2696-473x1024.png 473w, https:\/\/piso13.com\/wp-content\/uploads\/2024\/01\/IMG_2696-768x1662.png 768w, https:\/\/piso13.com\/wp-content\/uploads\/2024\/01\/IMG_2696-710x1536.png 710w, https:\/\/piso13.com\/wp-content\/uploads\/2024\/01\/IMG_2696.png 828w\" sizes=\"auto, (max-width: 828px) 100vw, 828px\" src=\"https:\/\/piso13.com\/wp-content\/uploads\/2024\/01\/IMG_2696.png\" alt=\"\" style=\"\"\/><\/div><\/div><\/div><\/div><\/div><\/div><\/div><\/div><\/div><\/div>\n<\/div>","protected":false},"excerpt":{"rendered":"Mission&#32; Empowerment&#32; Zone&#32; Create your Personal Mission Statement with the guidance of the Mission Builder Assistant. This dedicated space empowers you to define your purpose, align actions with values, and embark on a journey of self-fulfillment. Let your mission be...","protected":false},"author":1,"featured_media":0,"parent":0,"menu_order":0,"comment_status":"closed","ping_status":"closed","template":"","meta":{"_kadence_starter_templates_imported_post":false,"footnotes":""},"class_list":["post-13520","page","type-page","status-publish","hentry"],"yoast_head":"<!-- This site is optimized with the Yoast SEO plugin v23.8 - https:\/\/yoast.com\/wordpress\/plugins\/seo\/ -->\n<title>Mission - Piso13<\/title>\n<meta name=\"robots\" content=\"index, follow, max-snippet:-1, max-image-preview:large, max-video-preview:-1\" \/>\n<link rel=\"canonical\" href=\"https:\/\/piso13.com\/es\/mission\/\" \/>\n<meta property=\"og:locale\" content=\"es_MX\" \/>\n<meta property=\"og:type\" content=\"article\" \/>\n<meta property=\"og:title\" content=\"Mission - Piso13\" \/>\n<meta property=\"og:url\" content=\"https:\/\/piso13.com\/es\/mission\/\" \/>\n<meta property=\"og:site_name\" content=\"Piso13\" \/>\n<meta property=\"article:publisher\" content=\"https:\/\/www.facebook.com\/OpusOneApp\" \/>\n<meta property=\"article:modified_time\" content=\"2024-02-29T19:37:07+00:00\" \/>\n<meta name=\"twitter:card\" content=\"summary_large_image\" \/>\n<meta name=\"twitter:site\" content=\"@opusoneapp\" \/>\n<meta name=\"twitter:label1\" content=\"Tiempo de lectura\" \/>\n\t<meta name=\"twitter:data1\" content=\"3 minutos\" \/>\n<script type=\"application\/ld+json\" class=\"yoast-schema-graph\">{\"@context\":\"https:\/\/schema.org\",\"@graph\":[{\"@type\":\"WebPage\",\"@id\":\"https:\/\/piso13.com\/mission\/\",\"url\":\"https:\/\/piso13.com\/mission\/\",\"name\":\"Mission - Piso13\",\"isPartOf\":{\"@id\":\"https:\/\/piso13.com\/#website\"},\"datePublished\":\"2024-01-31T20:36:46+00:00\",\"dateModified\":\"2024-02-29T19:37:07+00:00\",\"breadcrumb\":{\"@id\":\"https:\/\/piso13.com\/mission\/#breadcrumb\"},\"inLanguage\":\"es\",\"potentialAction\":[{\"@type\":\"ReadAction\",\"target\":[\"https:\/\/piso13.com\/mission\/\"]}]},{\"@type\":\"BreadcrumbList\",\"@id\":\"https:\/\/piso13.com\/mission\/#breadcrumb\",\"itemListElement\":[{\"@type\":\"ListItem\",\"position\":1,\"name\":\"Home\",\"item\":\"https:\/\/piso13.com\/\"},{\"@type\":\"ListItem\",\"position\":2,\"name\":\"Mission\"}]},{\"@type\":\"WebSite\",\"@id\":\"https:\/\/piso13.com\/#website\",\"url\":\"https:\/\/piso13.com\/\",\"name\":\"Piso13\",\"description\":\"\",\"publisher\":{\"@id\":\"https:\/\/piso13.com\/#organization\"},\"potentialAction\":[{\"@type\":\"SearchAction\",\"target\":{\"@type\":\"EntryPoint\",\"urlTemplate\":\"https:\/\/piso13.com\/?s={search_term_string}\"},\"query-input\":{\"@type\":\"PropertyValueSpecification\",\"valueRequired\":true,\"valueName\":\"search_term_string\"}}],\"inLanguage\":\"es\"},{\"@type\":\"Organization\",\"@id\":\"https:\/\/piso13.com\/#organization\",\"name\":\"Piso13\",\"url\":\"https:\/\/piso13.com\/\",\"logo\":{\"@type\":\"ImageObject\",\"inLanguage\":\"es\",\"@id\":\"https:\/\/piso13.com\/#\/schema\/logo\/image\/\",\"url\":\"https:\/\/piso13.com\/wp-content\/uploads\/2024\/03\/cropped-LogoPiso13Negro-1-1.png\",\"contentUrl\":\"https:\/\/piso13.com\/wp-content\/uploads\/2024\/03\/cropped-LogoPiso13Negro-1-1.png\",\"width\":381,\"height\":381,\"caption\":\"Piso13\"},\"image\":{\"@id\":\"https:\/\/piso13.com\/#\/schema\/logo\/image\/\"},\"sameAs\":[\"https:\/\/www.facebook.com\/OpusOneApp\",\"https:\/\/x.com\/opusoneapp\",\"https:\/\/www.instagram.com\/opusoneapp\/\"]}]}<\/script>\n<!-- \/ Yoast SEO plugin. -->","yoast_head_json":{"title":"Mission - Piso13","robots":{"index":"index","follow":"follow","max-snippet":"max-snippet:-1","max-image-preview":"max-image-preview:large","max-video-preview":"max-video-preview:-1"},"canonical":"https:\/\/piso13.com\/es\/mission\/","og_locale":"es_MX","og_type":"article","og_title":"Mission - Piso13","og_url":"https:\/\/piso13.com\/es\/mission\/","og_site_name":"Piso13","article_publisher":"https:\/\/www.facebook.com\/OpusOneApp","article_modified_time":"2024-02-29T19:37:07+00:00","twitter_card":"summary_large_image","twitter_site":"@opusoneapp","twitter_misc":{"Tiempo de lectura":"3 minutos"},"schema":{"@context":"https:\/\/schema.org","@graph":[{"@type":"WebPage","@id":"https:\/\/piso13.com\/mission\/","url":"https:\/\/piso13.com\/mission\/","name":"Mission - Piso13","isPartOf":{"@id":"https:\/\/piso13.com\/#website"},"datePublished":"2024-01-31T20:36:46+00:00","dateModified":"2024-02-29T19:37:07+00:00","breadcrumb":{"@id":"https:\/\/piso13.com\/mission\/#breadcrumb"},"inLanguage":"es","potentialAction":[{"@type":"ReadAction","target":["https:\/\/piso13.com\/mission\/"]}]},{"@type":"BreadcrumbList","@id":"https:\/\/piso13.com\/mission\/#breadcrumb","itemListElement":[{"@type":"ListItem","position":1,"name":"Home","item":"https:\/\/piso13.com\/"},{"@type":"ListItem","position":2,"name":"Mission"}]},{"@type":"WebSite","@id":"https:\/\/piso13.com\/#website","url":"https:\/\/piso13.com\/","name":"Piso13","description":"","publisher":{"@id":"https:\/\/piso13.com\/#organization"},"potentialAction":[{"@type":"SearchAction","target":{"@type":"EntryPoint","urlTemplate":"https:\/\/piso13.com\/?s={search_term_string}"},"query-input":{"@type":"PropertyValueSpecification","valueRequired":true,"valueName":"search_term_string"}}],"inLanguage":"es"},{"@type":"Organization","@id":"https:\/\/piso13.com\/#organization","name":"Piso13","url":"https:\/\/piso13.com\/","logo":{"@type":"ImageObject","inLanguage":"es","@id":"https:\/\/piso13.com\/#\/schema\/logo\/image\/","url":"https:\/\/piso13.com\/wp-content\/uploads\/2024\/03\/cropped-LogoPiso13Negro-1-1.png","contentUrl":"https:\/\/piso13.com\/wp-content\/uploads\/2024\/03\/cropped-LogoPiso13Negro-1-1.png","width":381,"height":381,"caption":"Piso13"},"image":{"@id":"https:\/\/piso13.com\/#\/schema\/logo\/image\/"},"sameAs":["https:\/\/www.facebook.com\/OpusOneApp","https:\/\/x.com\/opusoneapp","https:\/\/www.instagram.com\/opusoneapp\/"]}]}},"_links":{"self":[{"href":"https:\/\/piso13.com\/es\/wp-json\/wp\/v2\/pages\/13520","targetHints":{"allow":["GET"]}}],"collection":[{"href":"https:\/\/piso13.com\/es\/wp-json\/wp\/v2\/pages"}],"about":[{"href":"https:\/\/piso13.com\/es\/wp-json\/wp\/v2\/types\/page"}],"author":[{"embeddable":true,"href":"https:\/\/piso13.com\/es\/wp-json\/wp\/v2\/users\/1"}],"replies":[{"embeddable":true,"href":"https:\/\/piso13.com\/es\/wp-json\/wp\/v2\/comments?post=13520"}],"version-history":[{"count":5,"href":"https:\/\/piso13.com\/es\/wp-json\/wp\/v2\/pages\/13520\/revisions"}],"predecessor-version":[{"id":13771,"href":"https:\/\/piso13.com\/es\/wp-json\/wp\/v2\/pages\/13520\/revisions\/13771"}],"wp:attachment":[{"href":"https:\/\/piso13.com\/es\/wp-json\/wp\/v2\/media?parent=13520"}],"curies":[{"name":"wp","href":"https:\/\/api.w.org\/{rel}","templated":true}]}}