{"id":13535,"date":"2024-02-01T19:55:22","date_gmt":"2024-02-01T19:55:22","guid":{"rendered":"http:\/\/piso13.net\/?page_id=13535"},"modified":"2024-02-09T19:54:00","modified_gmt":"2024-02-09T19:54:00","slug":"goals","status":"publish","type":"page","link":"https:\/\/piso13.com\/es\/goals\/","title":{"rendered":"Metas"},"content":{"rendered":"<div class=\"wpb-content-wrapper\"><div data-vc-full-width=\"true\" data-vc-full-width-init=\"false\" class=\"vc_row wpb_row vc_row-fluid vc_row_visible vc_custom_1589906840416 vc_row-has-fill\"><div class=\"wpb_column vc_column_container vc_col-sm-12 text-center\"><div class=\"vc_column-inner  vc_custom_1706211808579\"><div class=\"wpb_wrapper\"><div id=\"pix-el-1706210453005-a2e0d326-a78a\" class=\"\"><div class=\"row pix-waiting pix_tabs_container\"><div class=\"col-12 col-md-8 d-inline-block\"><div class=\"pix_tabs_content animate-in\" data-anim-type=\"fade-in-up\" data-anim-delay=\"200\"><div class=\"tab-content\"><div class=\"tab-pane  show\" role=\"tabpanel\" data-toggle2=\"tab\" id=\"pix-tab-1561746161279-ed037058-927b\" data-bold=\"font-weight-bold\" data-italic=\"\" data-secondary=\"secondary-font\" data-id=\"1561746161279-ed037058-927b\" data-icon=\"\" data-title=\"Goals\" aria-labelledby=\"pix-tab-1561746161279-ed037058-927b\"><div class=\"d-inline-block\" ><div class=\"animate-in  d-inline-block\" data-anim-type=\"fade-in-up\" data-anim-delay=\"200\"><div class=\"pix-img-el    text-center d-inline-block  w-100 rounded-0\"  ><img loading=\"lazy\" decoding=\"async\" class=\"card-img2 pix-img-elem rounded-0  h-1002\" style=\"height:auto;\" width=\"1800\" height=\"1483\" srcset=\"https:\/\/piso13.com\/wp-content\/uploads\/2024\/02\/goal-mac.png 1800w, https:\/\/piso13.com\/wp-content\/uploads\/2024\/02\/goal-mac-300x247.png 300w, https:\/\/piso13.com\/wp-content\/uploads\/2024\/02\/goal-mac-1024x844.png 1024w, https:\/\/piso13.com\/wp-content\/uploads\/2024\/02\/goal-mac-768x633.png 768w, https:\/\/piso13.com\/wp-content\/uploads\/2024\/02\/goal-mac-1536x1265.png 1536w\" sizes=\"auto, (max-width: 1800px) 100vw, 1800px\" src=\"https:\/\/piso13.com\/wp-content\/uploads\/2024\/02\/goal-mac.png\" alt=\"Image link\" \/><\/div><\/div><\/div><\/div><div class=\"tab-pane  show\" role=\"tabpanel\" data-toggle2=\"tab\" id=\"pix-tab-1561748225008-0726c64f-21d5\" data-bold=\"font-weight-bold\" data-italic=\"\" data-secondary=\"secondary-font\" data-id=\"1561748225008-0726c64f-21d5\" data-icon=\"\" data-title=\"Achievements\" aria-labelledby=\"pix-tab-1561748225008-0726c64f-21d5\"><div class=\"d-inline-block\" ><div class=\"animate-in  d-inline-block\" data-anim-type=\"fade-in-up\" data-anim-delay=\"200\"><div class=\"pix-img-el    text-center d-inline-block  w-100 rounded-0\"  ><img loading=\"lazy\" decoding=\"async\" class=\"card-img2 pix-img-elem rounded-0  h-1002\" style=\"width:auto;max-height:550px;\" width=\"1200\" height=\"1969\" srcset=\"https:\/\/piso13.com\/wp-content\/uploads\/2024\/02\/achievaments.png 1200w, https:\/\/piso13.com\/wp-content\/uploads\/2024\/02\/achievaments-183x300.png 183w, https:\/\/piso13.com\/wp-content\/uploads\/2024\/02\/achievaments-624x1024.png 624w, https:\/\/piso13.com\/wp-content\/uploads\/2024\/02\/achievaments-768x1260.png 768w, https:\/\/piso13.com\/wp-content\/uploads\/2024\/02\/achievaments-936x1536.png 936w\" sizes=\"auto, (max-width: 1200px) 100vw, 1200px\" src=\"https:\/\/piso13.com\/wp-content\/uploads\/2024\/02\/achievaments.png\" alt=\"Image link\" \/><\/div><\/div><\/div><\/div><\/div><\/div><\/div><div class=\"col-12 col-md-4 d-inline-block\"><div class=\"sticky-top\" style=\"top:110px;\"><div class=\"text-left\"><span class=\"pix-badge-element h6 d-inline-flex mr-1\"  ><span class=\"badge font-weight-bold secondary-font bg-green  vc_custom_1707247739436\" style=\" \"><span class=\"text-white\" style=\"\">Realiza un Recorrido<\/span><\/span><\/span><\/div><div  class=\"pix-heading-el text-left\"><div><div class=\"slide-in-container2\"><h3 class=\"text-heading-default font-weight-bold animate-in heading-text el-title_custom_color mb-12\" style=\"padding-top:20px;\" data-anim-type=\"fade-in-up\" data-anim-delay=\"200\">Define tus metas<\/h3><\/div><\/div><div class=\"slide-in-container2 w-100\"><div class=\"mb-0 text-body-default  animate-in\" data-anim-type=\"fade-in-up\" data-anim-delay=\"200\" style=\"padding-top:10px;\">Acepta tus aspiraciones, establece metas ambiciosas y deja que el fuego de la motivaci\u00f3n te impulse hacia el \u00e9xito y la realizaci\u00f3n.<\/div><\/div><\/div><div class=\"nav pix_tabs_btns text-left flex-column nav-pills pix-pills-solid animate-in\" data-anim-type=\"fade-in-up\" data-anim-delay=\"200\" role=\"tablist\" id=\"v-pills-tab\"  aria-orientation=\"vertical\" style=\"padding-top:20px;\"><div class=\"nav-item mx-0\"><a class=\"nav-link pix-tabs-btn text-24 py-2 mb-2 text-left font-weight-bold  secondary-font\" data-id=\"1561746161279-ed037058-927b\" id=\"pix-tab-btn-1561746161279-ed037058-927b\" role=\"tab\" data-toggle=\"pill\" href=\"#pix-tab-1561746161279-ed037058-927b\"  aria-controls=\"pix-tab-1561746161279-ed037058-927b\" aria-selected=\"true\">Metas<\/a><\/div><div class=\"nav-item mx-0\"><a class=\"nav-link pix-tabs-btn text-24 py-2 mb-2 text-left font-weight-bold  secondary-font\" data-id=\"1561748225008-0726c64f-21d5\" id=\"pix-tab-btn-1561748225008-0726c64f-21d5\" role=\"tab\" data-toggle=\"pill\" href=\"#pix-tab-1561748225008-0726c64f-21d5\"  aria-controls=\"pix-tab-1561748225008-0726c64f-21d5\" aria-selected=\"true\">Logros<\/a><\/div><\/div><\/div><\/div><\/div><\/div><div class=\"vc_empty_space\"   style=\"height: 100px\"><span class=\"vc_empty_space_inner\"><\/span><\/div><div class=\"pix-el-text w-100\" ><p class=\"text-20  text-body-default\" >Utilice nuestras secciones de crecimiento para dedicar tiempo a las cosas que le importan. Cree objetivos INTELIGENTES, organ\u00edcelos por categor\u00edas, agregue tareas y lleve un registro de su viaje. Y si lo deseas, incluso puedes publicarlos en Facebook para animarte m\u00e1s. Luego, mantenga una lista de sus logros para levantar la moral y utilice experiencias pasadas para planificar mejor sus pr\u00f3ximos objetivos.<\/p><\/div><\/div><\/div><\/div><\/div><div class=\"vc_row-full-width vc_clearfix\"><\/div><section data-vc-full-width=\"true\" data-vc-full-width-init=\"false\" class=\"vc_section vc_section_visible vc_custom_1591859967693 vc_section-has-fill\" data-section-name=\"\"><div data-vc-full-width=\"true\" data-vc-full-width-init=\"false\" class=\"vc_row wpb_row vc_row-fluid vc_row_visible vc_custom_1590714209338 vc_row-o-content-middle vc_row-flex\"><div class=\"wpb_column vc_column_container vc_col-sm-6 text-left\"><div class=\"vc_column-inner\"><div class=\"wpb_wrapper\"><div id=\"el1706816867396-bdc1222c-5993\" class=\"pix-highlighted-element text-center\"><h3 class=\"pix-highlighted-items\" style=\"\" data-anim-type=\"\" data-anim-delay=\"0\"><span id=\"el1706816867396-bdc1222c-5993-0\" class=\"pix-highlight-bg align-middle2  animate-in\" data-anim-type=\"highlight-grow\" data-anim-delay=\"200\"><span class=\"pix-highlighted-text  pix-highlight-item font-weight-normal  font-weight-bold heading-font text-heading-default\">Alcanzar tus metas <\/span><\/span><span id=\"el1706816867396-bdc1222c-5993-1\" class=\"\"><span class=\"pix-highlighted-text pix-highlight-item font-weight-normal  heading-font text-heading-default\"> Est\u00e1 a la vuelta de la esquina<\/span><\/span><\/h3><\/div><div class=\"pix-el-text w-100\" ><div class=\"d-inline-block\" style=\"max-width:500px;\"><p class=\"text-20  text-body-default\" ><span class=\"text-body-default animate-in d-inline-block\" data-anim-delay=\"1000\" data-anim-type=\"fade-in-up\">Bienvenido a la secci\u00f3n de tarjetas de objetivos, dise\u00f1ada para agilizar el camino hacia tus sue\u00f1os! Comience por categorizar sus aspiraciones, ya sea que giren en torno al desarrollo personal, hitos profesionales, salud u otros aspectos de la vida. Agregue notas del Registro de objetivos para que sirvan como recordatorios y reflexiones motivadores. Profundice describiendo sus objetivos con detalles espec\u00edficos, dividi\u00e9ndolos en hitos mensurables y pasos viables.<\/span><\/p><\/div><\/div><\/div><\/div><\/div><div class=\"wpb_column vc_column_container vc_col-sm-6 text-center\"><div class=\"vc_column-inner\"><div class=\"wpb_wrapper\">\n\t<div  class=\"wpb_single_image wpb_content_element vc_align_left\">\n\t\t\n\t\t<figure class=\"wpb_wrapper vc_figure\">\n\t\t\t<div class=\"vc_single_image-wrapper   vc_box_border_grey\"><img loading=\"lazy\" decoding=\"async\" width=\"1200\" height=\"1969\" src=\"https:\/\/piso13.com\/wp-content\/uploads\/2024\/02\/goal-card.png\" class=\"vc_single_image-img attachment-full\" alt=\"\" title=\"goal-card\" srcset=\"https:\/\/piso13.com\/wp-content\/uploads\/2024\/02\/goal-card.png 1200w, https:\/\/piso13.com\/wp-content\/uploads\/2024\/02\/goal-card-183x300.png 183w, https:\/\/piso13.com\/wp-content\/uploads\/2024\/02\/goal-card-624x1024.png 624w, https:\/\/piso13.com\/wp-content\/uploads\/2024\/02\/goal-card-768x1260.png 768w, https:\/\/piso13.com\/wp-content\/uploads\/2024\/02\/goal-card-936x1536.png 936w\" sizes=\"auto, (max-width: 1200px) 100vw, 1200px\" \/><\/div>\n\t\t<\/figure>\n\t<\/div>\n<\/div><\/div><\/div><\/div><div class=\"vc_row-full-width vc_clearfix\"><\/div><\/section><div class=\"vc_row-full-width vc_clearfix\"><\/div><div class=\"vc_row wpb_row vc_row-fluid vc_row_visible\"><div class=\"wpb_column vc_column_container vc_col-sm-12 text-left\"><div class=\"vc_column-inner\"><div class=\"wpb_wrapper\"><div class=\"pix-el-text w-100 text-center\" ><p class=\"text-20  text-body-default text-center\" ><span class=\"text-body-default animate-in d-inline-block\" data-anim-delay=\"1000\" data-anim-type=\"fade-in-up\">Integre sus objetivos perfectamente en su calendario para realizar un seguimiento del progreso. Establezca una fecha objetivo para crear urgencia e impulsar acciones consistentes. Mejore su planificaci\u00f3n agregando tareas diarias e identificando tareas maestras: hitos clave que marcan un progreso significativo. Nuestra aplicaci\u00f3n transforma tus objetivos de ideas en realidades alcanzables, proporcion\u00e1ndote las herramientas para recorrer tu viaje y celebrar cada paso hacia el \u00e9xito.<\/span><\/p><\/div><\/div><\/div><\/div><\/div>\n<\/div>","protected":false},"excerpt":{"rendered":"Take a TourDefine your GoalsEmbrace your aspirations, set ambitious goals, and let the fire of motivation propel you towards success and fulfillment.GoalsAchievementsUse our Growth Sections to make time for the things that matter to you. Create SMART goals, arrange them...","protected":false},"author":1,"featured_media":0,"parent":0,"menu_order":0,"comment_status":"closed","ping_status":"closed","template":"","meta":{"_kadence_starter_templates_imported_post":false,"footnotes":""},"class_list":["post-13535","page","type-page","status-publish","hentry"],"yoast_head":"<!-- This site is optimized with the Yoast SEO plugin v23.8 - https:\/\/yoast.com\/wordpress\/plugins\/seo\/ -->\n<title>Goals - Piso13<\/title>\n<meta name=\"robots\" content=\"index, follow, max-snippet:-1, max-image-preview:large, max-video-preview:-1\" \/>\n<link rel=\"canonical\" href=\"https:\/\/piso13.com\/es\/goals\/\" \/>\n<meta property=\"og:locale\" content=\"es_MX\" \/>\n<meta property=\"og:type\" content=\"article\" \/>\n<meta property=\"og:title\" content=\"Goals - Piso13\" \/>\n<meta property=\"og:url\" content=\"https:\/\/piso13.com\/es\/goals\/\" \/>\n<meta property=\"og:site_name\" content=\"Piso13\" \/>\n<meta property=\"article:publisher\" content=\"https:\/\/www.facebook.com\/OpusOneApp\" \/>\n<meta property=\"article:modified_time\" content=\"2024-02-09T19:54:00+00:00\" \/>\n<meta name=\"twitter:card\" content=\"summary_large_image\" \/>\n<meta name=\"twitter:site\" content=\"@opusoneapp\" \/>\n<meta name=\"twitter:label1\" content=\"Tiempo de lectura\" \/>\n\t<meta name=\"twitter:data1\" content=\"3 minutos\" \/>\n<script type=\"application\/ld+json\" class=\"yoast-schema-graph\">{\"@context\":\"https:\/\/schema.org\",\"@graph\":[{\"@type\":\"WebPage\",\"@id\":\"https:\/\/piso13.com\/goals\/\",\"url\":\"https:\/\/piso13.com\/goals\/\",\"name\":\"Goals - Piso13\",\"isPartOf\":{\"@id\":\"https:\/\/piso13.com\/#website\"},\"datePublished\":\"2024-02-01T19:55:22+00:00\",\"dateModified\":\"2024-02-09T19:54:00+00:00\",\"breadcrumb\":{\"@id\":\"https:\/\/piso13.com\/goals\/#breadcrumb\"},\"inLanguage\":\"es\",\"potentialAction\":[{\"@type\":\"ReadAction\",\"target\":[\"https:\/\/piso13.com\/goals\/\"]}]},{\"@type\":\"BreadcrumbList\",\"@id\":\"https:\/\/piso13.com\/goals\/#breadcrumb\",\"itemListElement\":[{\"@type\":\"ListItem\",\"position\":1,\"name\":\"Home\",\"item\":\"https:\/\/piso13.com\/\"},{\"@type\":\"ListItem\",\"position\":2,\"name\":\"Goals\"}]},{\"@type\":\"WebSite\",\"@id\":\"https:\/\/piso13.com\/#website\",\"url\":\"https:\/\/piso13.com\/\",\"name\":\"Piso13\",\"description\":\"\",\"publisher\":{\"@id\":\"https:\/\/piso13.com\/#organization\"},\"potentialAction\":[{\"@type\":\"SearchAction\",\"target\":{\"@type\":\"EntryPoint\",\"urlTemplate\":\"https:\/\/piso13.com\/?s={search_term_string}\"},\"query-input\":{\"@type\":\"PropertyValueSpecification\",\"valueRequired\":true,\"valueName\":\"search_term_string\"}}],\"inLanguage\":\"es\"},{\"@type\":\"Organization\",\"@id\":\"https:\/\/piso13.com\/#organization\",\"name\":\"Piso13\",\"url\":\"https:\/\/piso13.com\/\",\"logo\":{\"@type\":\"ImageObject\",\"inLanguage\":\"es\",\"@id\":\"https:\/\/piso13.com\/#\/schema\/logo\/image\/\",\"url\":\"https:\/\/piso13.com\/wp-content\/uploads\/2024\/03\/cropped-LogoPiso13Negro-1-1.png\",\"contentUrl\":\"https:\/\/piso13.com\/wp-content\/uploads\/2024\/03\/cropped-LogoPiso13Negro-1-1.png\",\"width\":381,\"height\":381,\"caption\":\"Piso13\"},\"image\":{\"@id\":\"https:\/\/piso13.com\/#\/schema\/logo\/image\/\"},\"sameAs\":[\"https:\/\/www.facebook.com\/OpusOneApp\",\"https:\/\/x.com\/opusoneapp\",\"https:\/\/www.instagram.com\/opusoneapp\/\"]}]}<\/script>\n<!-- \/ Yoast SEO plugin. -->","yoast_head_json":{"title":"Goals - Piso13","robots":{"index":"index","follow":"follow","max-snippet":"max-snippet:-1","max-image-preview":"max-image-preview:large","max-video-preview":"max-video-preview:-1"},"canonical":"https:\/\/piso13.com\/es\/goals\/","og_locale":"es_MX","og_type":"article","og_title":"Goals - Piso13","og_url":"https:\/\/piso13.com\/es\/goals\/","og_site_name":"Piso13","article_publisher":"https:\/\/www.facebook.com\/OpusOneApp","article_modified_time":"2024-02-09T19:54:00+00:00","twitter_card":"summary_large_image","twitter_site":"@opusoneapp","twitter_misc":{"Tiempo de lectura":"3 minutos"},"schema":{"@context":"https:\/\/schema.org","@graph":[{"@type":"WebPage","@id":"https:\/\/piso13.com\/goals\/","url":"https:\/\/piso13.com\/goals\/","name":"Goals - Piso13","isPartOf":{"@id":"https:\/\/piso13.com\/#website"},"datePublished":"2024-02-01T19:55:22+00:00","dateModified":"2024-02-09T19:54:00+00:00","breadcrumb":{"@id":"https:\/\/piso13.com\/goals\/#breadcrumb"},"inLanguage":"es","potentialAction":[{"@type":"ReadAction","target":["https:\/\/piso13.com\/goals\/"]}]},{"@type":"BreadcrumbList","@id":"https:\/\/piso13.com\/goals\/#breadcrumb","itemListElement":[{"@type":"ListItem","position":1,"name":"Home","item":"https:\/\/piso13.com\/"},{"@type":"ListItem","position":2,"name":"Goals"}]},{"@type":"WebSite","@id":"https:\/\/piso13.com\/#website","url":"https:\/\/piso13.com\/","name":"Piso13","description":"","publisher":{"@id":"https:\/\/piso13.com\/#organization"},"potentialAction":[{"@type":"SearchAction","target":{"@type":"EntryPoint","urlTemplate":"https:\/\/piso13.com\/?s={search_term_string}"},"query-input":{"@type":"PropertyValueSpecification","valueRequired":true,"valueName":"search_term_string"}}],"inLanguage":"es"},{"@type":"Organization","@id":"https:\/\/piso13.com\/#organization","name":"Piso13","url":"https:\/\/piso13.com\/","logo":{"@type":"ImageObject","inLanguage":"es","@id":"https:\/\/piso13.com\/#\/schema\/logo\/image\/","url":"https:\/\/piso13.com\/wp-content\/uploads\/2024\/03\/cropped-LogoPiso13Negro-1-1.png","contentUrl":"https:\/\/piso13.com\/wp-content\/uploads\/2024\/03\/cropped-LogoPiso13Negro-1-1.png","width":381,"height":381,"caption":"Piso13"},"image":{"@id":"https:\/\/piso13.com\/#\/schema\/logo\/image\/"},"sameAs":["https:\/\/www.facebook.com\/OpusOneApp","https:\/\/x.com\/opusoneapp","https:\/\/www.instagram.com\/opusoneapp\/"]}]}},"_links":{"self":[{"href":"https:\/\/piso13.com\/es\/wp-json\/wp\/v2\/pages\/13535","targetHints":{"allow":["GET"]}}],"collection":[{"href":"https:\/\/piso13.com\/es\/wp-json\/wp\/v2\/pages"}],"about":[{"href":"https:\/\/piso13.com\/es\/wp-json\/wp\/v2\/types\/page"}],"author":[{"embeddable":true,"href":"https:\/\/piso13.com\/es\/wp-json\/wp\/v2\/users\/1"}],"replies":[{"embeddable":true,"href":"https:\/\/piso13.com\/es\/wp-json\/wp\/v2\/comments?post=13535"}],"version-history":[{"count":5,"href":"https:\/\/piso13.com\/es\/wp-json\/wp\/v2\/pages\/13535\/revisions"}],"predecessor-version":[{"id":13606,"href":"https:\/\/piso13.com\/es\/wp-json\/wp\/v2\/pages\/13535\/revisions\/13606"}],"wp:attachment":[{"href":"https:\/\/piso13.com\/es\/wp-json\/wp\/v2\/media?parent=13535"}],"curies":[{"name":"wp","href":"https:\/\/api.w.org\/{rel}","templated":true}]}}