{"id":13550,"date":"2024-02-06T19:52:39","date_gmt":"2024-02-06T19:52:39","guid":{"rendered":"http:\/\/piso13.net\/?page_id=13550"},"modified":"2024-02-29T19:38:17","modified_gmt":"2024-02-29T19:38:17","slug":"meeting-planner","status":"publish","type":"page","link":"https:\/\/piso13.com\/es\/meeting-planner\/","title":{"rendered":"Planificador de Reuniones"},"content":{"rendered":"<div class=\"wpb-content-wrapper\"><section data-vc-full-width=\"true\" data-vc-full-width-init=\"false\" class=\"vc_section vc_section_visible vc_custom_1591859967693 vc_section-has-fill\" data-section-name=\"\"><div data-vc-full-width=\"true\" data-vc-full-width-init=\"false\" class=\"vc_row wpb_row vc_row-fluid vc_row_visible vc_custom_1590714209338 vc_row-o-content-middle vc_row-flex\"><div class=\"wpb_column vc_column_container vc_col-sm-6 text-left\"><div class=\"vc_column-inner\"><div class=\"wpb_wrapper\"><div id=\"el1706816867396-bdc1222c-5993\" class=\"pix-highlighted-element text-center\"><h3 class=\"pix-highlighted-items\" style=\"\" data-anim-type=\"\" data-anim-delay=\"0\"><span id=\"el1706816867396-bdc1222c-5993-0\" class=\"pix-highlight-bg align-middle2  animate-in\" data-anim-type=\"highlight-grow\" data-anim-delay=\"200\"><span class=\"pix-highlighted-text  pix-highlight-item font-weight-normal  font-weight-bold heading-font text-heading-default\">Reuniones de precisi\u00f3n: <\/span><\/span><span id=\"el1706816867396-bdc1222c-5993-1\" class=\"\"><span class=\"pix-highlighted-text pix-highlight-item font-weight-normal  heading-font text-heading-default\">Un Planificador Integral para <\/span><\/span><span id=\"el1706816867396-bdc1222c-5993-2\" class=\"\"><span class=\"pix-highlighted-text pix-highlight-item font-weight-normal  heading-font text-heading-default\">una Ejecuci\u00f3n de Eventos sin Problemas<\/span><\/span><\/h3><\/div><div class=\"pix-el-text w-100   vc_custom_1709235473349\" ><div class=\"d-inline-block\" style=\"max-width:600px;\"><p class=\"text-20  text-gray-6\" ><span class=\"text-gray-6 animate-in d-inline-block\" data-anim-delay=\"1000\" data-anim-type=\"fade-in-up\">Bienvenido a nuestra secci\u00f3n de Planificaci\u00f3n de Reuniones, donde la eficiencia se encuentra con la precisi\u00f3n. Comienza seleccionando una hora de inicio y finalizaci\u00f3n, asegurando una utilizaci\u00f3n \u00f3ptima de cada momento. Elige una categor\u00eda adecuada para tu reuni\u00f3n, brindando claridad y estructura. Articula claramente el prop\u00f3sito de tu reuni\u00f3n para establecer el tono de discusiones productivas.<\/span><\/p><\/div><\/div><\/div><\/div><\/div><div class=\"wpb_column vc_column_container vc_col-sm-6 text-center\"><div class=\"vc_column-inner\"><div class=\"wpb_wrapper\">\n\t<div  class=\"wpb_single_image wpb_content_element vc_align_left\">\n\t\t\n\t\t<figure class=\"wpb_wrapper vc_figure\">\n\t\t\t<div class=\"vc_single_image-wrapper   vc_box_border_grey\"><img loading=\"lazy\" decoding=\"async\" width=\"1300\" height=\"2133\" src=\"https:\/\/piso13.com\/wp-content\/uploads\/2024\/02\/meeting.png\" class=\"vc_single_image-img attachment-full\" alt=\"\" title=\"meeting\" srcset=\"https:\/\/piso13.com\/wp-content\/uploads\/2024\/02\/meeting.png 1300w, https:\/\/piso13.com\/wp-content\/uploads\/2024\/02\/meeting-183x300.png 183w, https:\/\/piso13.com\/wp-content\/uploads\/2024\/02\/meeting-624x1024.png 624w, https:\/\/piso13.com\/wp-content\/uploads\/2024\/02\/meeting-768x1260.png 768w, https:\/\/piso13.com\/wp-content\/uploads\/2024\/02\/meeting-936x1536.png 936w, https:\/\/piso13.com\/wp-content\/uploads\/2024\/02\/meeting-1248x2048.png 1248w\" sizes=\"auto, (max-width: 1300px) 100vw, 1300px\" \/><\/div>\n\t\t<\/figure>\n\t<\/div>\n<\/div><\/div><\/div><\/div><div class=\"vc_row-full-width vc_clearfix\"><\/div><div class=\"vc_row wpb_row vc_row-fluid vc_row_visible vc_custom_1707508296896\"><div class=\"wpb_column vc_column_container vc_col-sm-12 text-left\"><div class=\"vc_column-inner\"><div class=\"wpb_wrapper\"><div class=\"pix-el-text w-100 text-center  vc_custom_1709235486716\" ><p class=\"text-20  text-gray-6 text-center\" ><span class=\"text-gray-6 animate-in d-inline-block\" data-anim-delay=\"1000\" data-anim-type=\"fade-in-up\">Optimiza tu preparaci\u00f3n con secciones designadas para especificar asistentes, tareas y puntos de la agenda. Define las tareas a realizar y asigna responsabilidades de manera fluida. Captura la esencia de tu reuni\u00f3n escribiendo notas detalladas, fomentando un registro completo de ideas y decisiones. Como prueba de nuestro compromiso con la minuciosidad, env\u00eda f\u00e1cilmente minutas meticulosamente elaboradas despu\u00e9s de la reuni\u00f3n. Mejora tu experiencia en las reuniones con nuestras herramientas de planificaci\u00f3n meticulosa, transformando cada sesi\u00f3n en un \u00e9xito perfectamente orquestado.<\/span><\/p><\/div><\/div><\/div><\/div><\/div><\/section><div class=\"vc_row-full-width vc_clearfix\"><\/div><section data-vc-full-width=\"true\" data-vc-full-width-init=\"false\" class=\"vc_section vc_section_visible pix-intro-1 vc_custom_1590538075095 vc_section-has-fill vc_row-o-full-height\" data-section-name=\"Introduction\"><div class=\"fullpage-container\"><div class=\"pix-intro-img jarallax\" data-jarallax data-speed=\"0.8\"><img decoding=\"async\" loading=\"lazy\" class=\"jarallax-img pix-opacity-10\"  src=\"https:\/\/essentials.pixfort.com\/slides\/wp-content\/uploads\/sites\/10\/2020\/05\/stack-bg-1.jpg\" alt=\"\" \/><\/div><\/div><div class=\"vc_row wpb_row vc_row-fluid vc_row_visible vc_custom_1589488523403\"><div class=\"wpb_column vc_column_container vc_col-sm-12 text-center\"><div class=\"vc_column-inner\"><div class=\"wpb_wrapper\"><div id=\"el1707251791399-2aa57d03-2681\" class=\"mb-3 text-center  vc_custom_1707335162997\"><div class=\"d-inline-block\" style=\"max-width:800px;\"><h2 class=\"mb-32 pix-sliding-headline-2 animate-in font-weight-bold secondary-font display-3\" data-anim-type=\"pix-sliding-text\" pix-anim-delay=\"500\" data-class=\"secondary-font text-white\" style=\"\"><span class=\"slide-in-container\"><span class=\"pix-sliding-item secondary-font text-white\" style=\"transition-delay: 0ms;\">Vistas<\/span><\/span> <span class=\"slide-in-container\"><span class=\"pix-sliding-item secondary-font text-white\" style=\"transition-delay: 150ms;\">de planificaci\u00f3n<\/span><\/span> <span class=\"slide-in-container\"><span class=\"pix-sliding-item secondary-font text-white\" style=\"transition-delay: 300ms;\">m\u00faltiples<\/span><\/span> <\/h2><\/div><\/div><div class=\"pix-el-text w-100 text-center  vc_custom_1707335370188\" ><p class=\"text-20  text-body-default text-center\" ><span class=\"text-body-default animate-in d-inline-block\" data-anim-delay=\"200\" data-anim-type=\"fade-in-up\">Nuestras diferentes Vistas de planificaci\u00f3n con la lista de tareas al lado le permiten echar un vistazo a un d\u00eda, semana o mes completo y echar un vistazo a la carga de trabajo que tiene por delante. Vuelva a priorizar y reprogramar f\u00e1cilmente los d\u00edas con overbooking o underbooking simplemente arrastrando y soltando tareas, eventos e incluso objetivos.<\/span><\/p><\/div><a  href=\"https:\/\/itunes.apple.com\/us\/app\/opus-one\/id941852977?ls=1&mt=8\" class=\"btn mb-2    vc_custom_1707335240087  btn-blink-white d-inline-block pix-hover-item     secondary-font btn-rounded btn-lg\"     ><i class=\"font-weight-bold pixicon-smartphone  pix-hover-left  mr-1\"><\/i> <span class=\"font-weight-bold\" >Descarga para iOS<\/span><\/a><a  href=\"https:\/\/itunes.apple.com\/us\/app\/opus-one\/id940668697?ls=1&mt=12\" class=\"btn mb-2    vc_custom_1707335339407  btn-blink-white d-inline-block pix-hover-item     secondary-font btn-rounded btn-lg\"     ><i class=\"font-weight-bold pixicon-laptop-2  pix-hover-left  mr-1\"><\/i> <span class=\"font-weight-bold\" >Descarga para Mac<\/span><\/a><\/div><\/div><\/div><\/div><div class=\"vc_row wpb_row vc_row-fluid vc_row_visible\"><div class=\"wpb_column vc_column_container vc_col-sm-12 vc_col-md-offset-1 vc_col-md-10 text-left\"><div class=\"vc_column-inner  vc_custom_1589381175717\"><div class=\"wpb_wrapper\"><div class=\"pix-fancy-mockup\"><div class=\"pix-fancy-content\"><img decoding=\"async\" class=\"\" src=\"https:\/\/piso13.com\/wp-content\/uploads\/2024\/02\/meeting-min.png\" alt=\"\"><\/div>\n                    <img loading=\"lazy\" decoding=\"async\" class=\"pix-fancy-device-img\" width=\"2732\" height=\"2048\" src=\"https:\/\/piso13.com\/wp-content\/plugins\/pixfort-core\/functions\/images\/ipad.png\" alt=\"\"><\/div><div class=\"pix-el-text w-100 text-center  vc_custom_1707335398973\" ><div class=\"d-inline-block\" style=\"max-width:800px;\"><p class=\"text-20  text-body-default text-center\" ><span class=\"text-body-default animate-in d-inline-block\" data-anim-delay=\"400\" data-anim-type=\"fade-in-up\">Realiza un seguimiento de las tareas y eventos a\u00fan por programar en una Lista maestra. Luego, con el uso del Planificador, encuentre espacios para agregarlos a su agenda actual.<\/span><\/p><\/div><\/div><\/div><\/div><\/div><\/div><\/section><div class=\"vc_row-full-width vc_clearfix\"><\/div>\n<\/div>","protected":false},"excerpt":{"rendered":"Precision Meetings: A Comprehensive Planner for Seamless Event ExecutionWelcome to our Meeting Planner section, where efficiency meets precision. Begin by selecting a start and end time, ensuring optimal utilization of every moment. Choose a fitting category for your meeting, providing...","protected":false},"author":1,"featured_media":0,"parent":0,"menu_order":0,"comment_status":"closed","ping_status":"closed","template":"","meta":{"_kadence_starter_templates_imported_post":false,"footnotes":""},"class_list":["post-13550","page","type-page","status-publish","hentry"],"yoast_head":"<!-- This site is optimized with the Yoast SEO plugin v23.8 - https:\/\/yoast.com\/wordpress\/plugins\/seo\/ -->\n<title>Meeting Planner - Piso13<\/title>\n<meta name=\"robots\" content=\"index, follow, max-snippet:-1, max-image-preview:large, max-video-preview:-1\" \/>\n<link rel=\"canonical\" href=\"https:\/\/piso13.com\/es\/meeting-planner\/\" \/>\n<meta property=\"og:locale\" content=\"es_MX\" \/>\n<meta property=\"og:type\" content=\"article\" \/>\n<meta property=\"og:title\" content=\"Meeting Planner - Piso13\" \/>\n<meta property=\"og:url\" content=\"https:\/\/piso13.com\/es\/meeting-planner\/\" \/>\n<meta property=\"og:site_name\" content=\"Piso13\" \/>\n<meta property=\"article:publisher\" content=\"https:\/\/www.facebook.com\/OpusOneApp\" \/>\n<meta property=\"article:modified_time\" content=\"2024-02-29T19:38:17+00:00\" \/>\n<meta name=\"twitter:card\" content=\"summary_large_image\" \/>\n<meta name=\"twitter:site\" content=\"@opusoneapp\" \/>\n<meta name=\"twitter:label1\" content=\"Tiempo de lectura\" \/>\n\t<meta name=\"twitter:data1\" content=\"4 minutos\" \/>\n<script type=\"application\/ld+json\" class=\"yoast-schema-graph\">{\"@context\":\"https:\/\/schema.org\",\"@graph\":[{\"@type\":\"WebPage\",\"@id\":\"https:\/\/piso13.com\/meeting-planner\/\",\"url\":\"https:\/\/piso13.com\/meeting-planner\/\",\"name\":\"Meeting Planner - Piso13\",\"isPartOf\":{\"@id\":\"https:\/\/piso13.com\/#website\"},\"datePublished\":\"2024-02-06T19:52:39+00:00\",\"dateModified\":\"2024-02-29T19:38:17+00:00\",\"breadcrumb\":{\"@id\":\"https:\/\/piso13.com\/meeting-planner\/#breadcrumb\"},\"inLanguage\":\"es\",\"potentialAction\":[{\"@type\":\"ReadAction\",\"target\":[\"https:\/\/piso13.com\/meeting-planner\/\"]}]},{\"@type\":\"BreadcrumbList\",\"@id\":\"https:\/\/piso13.com\/meeting-planner\/#breadcrumb\",\"itemListElement\":[{\"@type\":\"ListItem\",\"position\":1,\"name\":\"Home\",\"item\":\"https:\/\/piso13.com\/\"},{\"@type\":\"ListItem\",\"position\":2,\"name\":\"Meeting Planner\"}]},{\"@type\":\"WebSite\",\"@id\":\"https:\/\/piso13.com\/#website\",\"url\":\"https:\/\/piso13.com\/\",\"name\":\"Piso13\",\"description\":\"\",\"publisher\":{\"@id\":\"https:\/\/piso13.com\/#organization\"},\"potentialAction\":[{\"@type\":\"SearchAction\",\"target\":{\"@type\":\"EntryPoint\",\"urlTemplate\":\"https:\/\/piso13.com\/?s={search_term_string}\"},\"query-input\":{\"@type\":\"PropertyValueSpecification\",\"valueRequired\":true,\"valueName\":\"search_term_string\"}}],\"inLanguage\":\"es\"},{\"@type\":\"Organization\",\"@id\":\"https:\/\/piso13.com\/#organization\",\"name\":\"Piso13\",\"url\":\"https:\/\/piso13.com\/\",\"logo\":{\"@type\":\"ImageObject\",\"inLanguage\":\"es\",\"@id\":\"https:\/\/piso13.com\/#\/schema\/logo\/image\/\",\"url\":\"https:\/\/piso13.com\/wp-content\/uploads\/2024\/03\/cropped-LogoPiso13Negro-1-1.png\",\"contentUrl\":\"https:\/\/piso13.com\/wp-content\/uploads\/2024\/03\/cropped-LogoPiso13Negro-1-1.png\",\"width\":381,\"height\":381,\"caption\":\"Piso13\"},\"image\":{\"@id\":\"https:\/\/piso13.com\/#\/schema\/logo\/image\/\"},\"sameAs\":[\"https:\/\/www.facebook.com\/OpusOneApp\",\"https:\/\/x.com\/opusoneapp\",\"https:\/\/www.instagram.com\/opusoneapp\/\"]}]}<\/script>\n<!-- \/ Yoast SEO plugin. -->","yoast_head_json":{"title":"Meeting Planner - Piso13","robots":{"index":"index","follow":"follow","max-snippet":"max-snippet:-1","max-image-preview":"max-image-preview:large","max-video-preview":"max-video-preview:-1"},"canonical":"https:\/\/piso13.com\/es\/meeting-planner\/","og_locale":"es_MX","og_type":"article","og_title":"Meeting Planner - Piso13","og_url":"https:\/\/piso13.com\/es\/meeting-planner\/","og_site_name":"Piso13","article_publisher":"https:\/\/www.facebook.com\/OpusOneApp","article_modified_time":"2024-02-29T19:38:17+00:00","twitter_card":"summary_large_image","twitter_site":"@opusoneapp","twitter_misc":{"Tiempo de lectura":"4 minutos"},"schema":{"@context":"https:\/\/schema.org","@graph":[{"@type":"WebPage","@id":"https:\/\/piso13.com\/meeting-planner\/","url":"https:\/\/piso13.com\/meeting-planner\/","name":"Meeting Planner - Piso13","isPartOf":{"@id":"https:\/\/piso13.com\/#website"},"datePublished":"2024-02-06T19:52:39+00:00","dateModified":"2024-02-29T19:38:17+00:00","breadcrumb":{"@id":"https:\/\/piso13.com\/meeting-planner\/#breadcrumb"},"inLanguage":"es","potentialAction":[{"@type":"ReadAction","target":["https:\/\/piso13.com\/meeting-planner\/"]}]},{"@type":"BreadcrumbList","@id":"https:\/\/piso13.com\/meeting-planner\/#breadcrumb","itemListElement":[{"@type":"ListItem","position":1,"name":"Home","item":"https:\/\/piso13.com\/"},{"@type":"ListItem","position":2,"name":"Meeting Planner"}]},{"@type":"WebSite","@id":"https:\/\/piso13.com\/#website","url":"https:\/\/piso13.com\/","name":"Piso13","description":"","publisher":{"@id":"https:\/\/piso13.com\/#organization"},"potentialAction":[{"@type":"SearchAction","target":{"@type":"EntryPoint","urlTemplate":"https:\/\/piso13.com\/?s={search_term_string}"},"query-input":{"@type":"PropertyValueSpecification","valueRequired":true,"valueName":"search_term_string"}}],"inLanguage":"es"},{"@type":"Organization","@id":"https:\/\/piso13.com\/#organization","name":"Piso13","url":"https:\/\/piso13.com\/","logo":{"@type":"ImageObject","inLanguage":"es","@id":"https:\/\/piso13.com\/#\/schema\/logo\/image\/","url":"https:\/\/piso13.com\/wp-content\/uploads\/2024\/03\/cropped-LogoPiso13Negro-1-1.png","contentUrl":"https:\/\/piso13.com\/wp-content\/uploads\/2024\/03\/cropped-LogoPiso13Negro-1-1.png","width":381,"height":381,"caption":"Piso13"},"image":{"@id":"https:\/\/piso13.com\/#\/schema\/logo\/image\/"},"sameAs":["https:\/\/www.facebook.com\/OpusOneApp","https:\/\/x.com\/opusoneapp","https:\/\/www.instagram.com\/opusoneapp\/"]}]}},"_links":{"self":[{"href":"https:\/\/piso13.com\/es\/wp-json\/wp\/v2\/pages\/13550","targetHints":{"allow":["GET"]}}],"collection":[{"href":"https:\/\/piso13.com\/es\/wp-json\/wp\/v2\/pages"}],"about":[{"href":"https:\/\/piso13.com\/es\/wp-json\/wp\/v2\/types\/page"}],"author":[{"embeddable":true,"href":"https:\/\/piso13.com\/es\/wp-json\/wp\/v2\/users\/1"}],"replies":[{"embeddable":true,"href":"https:\/\/piso13.com\/es\/wp-json\/wp\/v2\/comments?post=13550"}],"version-history":[{"count":5,"href":"https:\/\/piso13.com\/es\/wp-json\/wp\/v2\/pages\/13550\/revisions"}],"predecessor-version":[{"id":13772,"href":"https:\/\/piso13.com\/es\/wp-json\/wp\/v2\/pages\/13550\/revisions\/13772"}],"wp:attachment":[{"href":"https:\/\/piso13.com\/es\/wp-json\/wp\/v2\/media?parent=13550"}],"curies":[{"name":"wp","href":"https:\/\/api.w.org\/{rel}","templated":true}]}}