{"id":13565,"date":"2024-02-09T09:33:12","date_gmt":"2024-02-09T09:33:12","guid":{"rendered":"http:\/\/piso13.net\/?page_id=13565"},"modified":"2024-02-09T14:53:37","modified_gmt":"2024-02-09T14:53:37","slug":"cloud-sync-help","status":"publish","type":"page","link":"https:\/\/piso13.com\/es\/cloud-sync-help\/","title":{"rendered":"Cloud Sync Help"},"content":{"rendered":"<div class=\"wpb-content-wrapper\"><div class=\"vc_row wpb_row vc_row-fluid vc_row_visible\"><div class=\"wpb_column vc_column_container vc_col-sm-12 text-left\"><div class=\"vc_column-inner\"><div class=\"wpb_wrapper\"><div  class=\"pix-heading-el text-center\"><div><div class=\"slide-in-container2\"><h1 class=\"text-heading-default font-weight-bold heading-text el-title_custom_color mb-12\" style=\"\" data-anim-type=\"\" data-anim-delay=\"0\">1. Cuenta iCloud<\/h1><\/div><\/div><\/div>\n\t<div class=\"wpb_text_column wpb_content_element\" >\n\t\t<div class=\"wpb_wrapper\">\n\t\t\t<p><span style=\"color: #333333;font-size: 18px;\">Opus One utiliza iCloud Drive para sincronizar entre dispositivos. Por lo tanto, el primer paso es asegurarte de que has iniciado sesi\u00f3n correctamente en tu cuenta de iCloud en tu dispositivo.<\/span><\/p>\n<p><span style=\"color: #333333;font-size: 18px;\">\u200b<\/span><\/p>\n<ol>\n<li><span style=\"color: #333333;font-size: 18px;\">Iniciado sesi\u00f3n en tu cuenta de iCloud<\/span><\/li>\n<li><span style=\"color: #333333;font-size: 18px;\">iCloud Drive est\u00e1 activado<\/span><\/li>\n<li><span style=\"color: #333333;font-size: 18px;\">Opus One is not restricted or disabled<\/span><\/li>\n<\/ol>\n\n\t\t<\/div>\n\t<\/div>\n<\/div><\/div><\/div><\/div><div class=\"vc_row wpb_row vc_row-fluid vc_row_visible\"><div class=\"wpb_column vc_column_container vc_col-sm-6 text-left\"><div class=\"vc_column-inner\"><div class=\"wpb_wrapper\"><div class=\"d-inline-block\" ><div class=\"pix-img-el    text-left d-inline-block  w-100 rounded-0\"  ><img loading=\"lazy\" decoding=\"async\" class=\"card-img2 pix-img-elem rounded-0  h-1002\" style=\"height:auto;\" width=\"1196\" height=\"912\" srcset=\"https:\/\/piso13.com\/wp-content\/uploads\/2024\/02\/Screenshot-2024-02-09-at-10.38.46\u202fAM.png 1196w, https:\/\/piso13.com\/wp-content\/uploads\/2024\/02\/Screenshot-2024-02-09-at-10.38.46\u202fAM-300x229.png 300w, https:\/\/piso13.com\/wp-content\/uploads\/2024\/02\/Screenshot-2024-02-09-at-10.38.46\u202fAM-1024x781.png 1024w, https:\/\/piso13.com\/wp-content\/uploads\/2024\/02\/Screenshot-2024-02-09-at-10.38.46\u202fAM-768x586.png 768w\" sizes=\"auto, (max-width: 1196px) 100vw, 1196px\" src=\"https:\/\/piso13.com\/wp-content\/uploads\/2024\/02\/Screenshot-2024-02-09-at-10.38.46\u202fAM.png\" alt=\"Image link\" \/><\/div><\/div>\n\t<div class=\"wpb_text_column wpb_content_element\" >\n\t\t<div class=\"wpb_wrapper\">\n\t\t\t<p class=\"font_7 wixui-rich-text__text\"><span style=\"color: #333333;font-size: 18px;\">iOS: Abre la aplicaci\u00f3n Configuraci\u00f3n en tu dispositivo iOS, aseg\u00farate de que has iniciado sesi\u00f3n. Haz clic en la opci\u00f3n iCloud.<\/span><\/p>\n\n\t\t<\/div>\n\t<\/div>\n<\/div><\/div><\/div><div class=\"wpb_column vc_column_container vc_col-sm-6 text-left\"><div class=\"vc_column-inner\"><div class=\"wpb_wrapper\"><div class=\"d-inline-block\" ><div class=\"pix-img-el    text-left d-inline-block  w-100 rounded-0\"  ><img loading=\"lazy\" decoding=\"async\" class=\"card-img2 pix-img-elem rounded-0  h-1002\" style=\"height:auto;\" width=\"1196\" height=\"896\" srcset=\"https:\/\/piso13.com\/wp-content\/uploads\/2024\/02\/Screenshot-2024-02-09-at-10.46.57\u202fAM.png 1196w, https:\/\/piso13.com\/wp-content\/uploads\/2024\/02\/Screenshot-2024-02-09-at-10.46.57\u202fAM-300x225.png 300w, https:\/\/piso13.com\/wp-content\/uploads\/2024\/02\/Screenshot-2024-02-09-at-10.46.57\u202fAM-1024x767.png 1024w, https:\/\/piso13.com\/wp-content\/uploads\/2024\/02\/Screenshot-2024-02-09-at-10.46.57\u202fAM-768x575.png 768w, https:\/\/piso13.com\/wp-content\/uploads\/2024\/02\/Screenshot-2024-02-09-at-10.46.57\u202fAM-600x450.png 600w\" sizes=\"auto, (max-width: 1196px) 100vw, 1196px\" src=\"https:\/\/piso13.com\/wp-content\/uploads\/2024\/02\/Screenshot-2024-02-09-at-10.46.57\u202fAM.png\" alt=\"Image link\" \/><\/div><\/div>\n\t<div class=\"wpb_text_column wpb_content_element  vc_custom_1707490307002\" >\n\t\t<div class=\"wpb_wrapper\">\n\t\t\t<div id=\"comp-js54ddi8\" class=\"BaOVQ8 tz5f0K comp-js54ddi8 wixui-rich-text\" data-testid=\"richTextElement\">\n<p class=\"font_9 wixui-rich-text__text\"><span style=\"color: #333333;font-size: 18px;\">Verifica que iCloud Drive est\u00e9 activado y que Opus One est\u00e9 habilitado.<\/span><\/p>\n<\/div>\n\n\t\t<\/div>\n\t<\/div>\n<\/div><\/div><\/div><\/div><div class=\"vc_row wpb_row vc_row-fluid vc_row_visible\"><div class=\"wpb_column vc_column_container vc_col-sm-12 text-left\"><div class=\"vc_column-inner\"><div class=\"wpb_wrapper\">\n\t<div class=\"wpb_text_column wpb_content_element  vc_custom_1707490328554\" >\n\t\t<div class=\"wpb_wrapper\">\n\t\t\t<h4 class=\"font_6 wixui-rich-text__text\"><strong>MACOS<\/strong><\/h4>\n<div id=\"comp-js551y82\" class=\"BaOVQ8 tz5f0K comp-js551y82 wixui-rich-text\" data-testid=\"richTextElement\">\n<p class=\"font_9 wixui-rich-text__text\"><span style=\"color: #333333;font-size: 18px;\">Abre el panel de preferencias del sistema y selecciona Configuraci\u00f3n de iCloud.<\/span><\/p>\n<\/div>\n\n\t\t<\/div>\n\t<\/div>\n<div class=\"d-inline-block\" ><div class=\"pix-img-el    text-left d-inline-block  w-100 rounded-0\"  ><img loading=\"lazy\" decoding=\"async\" class=\"card-img2 pix-img-elem rounded-0  h-1002\" style=\"height:auto;\" width=\"1196\" height=\"852\" srcset=\"https:\/\/piso13.com\/wp-content\/uploads\/2024\/02\/1.png 1196w, https:\/\/piso13.com\/wp-content\/uploads\/2024\/02\/1-300x214.png 300w, https:\/\/piso13.com\/wp-content\/uploads\/2024\/02\/1-1024x729.png 1024w, https:\/\/piso13.com\/wp-content\/uploads\/2024\/02\/1-768x547.png 768w\" sizes=\"auto, (max-width: 1196px) 100vw, 1196px\" src=\"https:\/\/piso13.com\/wp-content\/uploads\/2024\/02\/1.png\" alt=\"Image link\" \/><\/div><\/div>\n\t<div class=\"wpb_text_column wpb_content_element  vc_custom_1707490343228\" >\n\t\t<div class=\"wpb_wrapper\">\n\t\t\t<div id=\"comp-js55610j\" class=\"BaOVQ8 tz5f0K comp-js55610j wixui-rich-text\" data-testid=\"richTextElement\">\n<p class=\"font_9 wixui-rich-text__text\"><span style=\"color: #333333;font-size: 18px;\">Verifica que iCloud Drive est\u00e9 habilitado y haz clic en 'Opciones'.<\/span><\/p>\n<\/div>\n\n\t\t<\/div>\n\t<\/div>\n<div class=\"d-inline-block\" ><div class=\"pix-img-el    text-left d-inline-block  w-100 rounded-0\"  ><img loading=\"lazy\" decoding=\"async\" class=\"card-img2 pix-img-elem rounded-0  h-1002\" style=\"height:auto;\" width=\"1198\" height=\"1014\" srcset=\"https:\/\/piso13.com\/wp-content\/uploads\/2024\/02\/2.png 1198w, https:\/\/piso13.com\/wp-content\/uploads\/2024\/02\/2-300x254.png 300w, https:\/\/piso13.com\/wp-content\/uploads\/2024\/02\/2-1024x867.png 1024w, https:\/\/piso13.com\/wp-content\/uploads\/2024\/02\/2-768x650.png 768w\" sizes=\"auto, (max-width: 1198px) 100vw, 1198px\" src=\"https:\/\/piso13.com\/wp-content\/uploads\/2024\/02\/2.png\" alt=\"Image link\" \/><\/div><\/div>\n\t<div class=\"wpb_text_column wpb_content_element  vc_custom_1707490354961\" >\n\t\t<div class=\"wpb_wrapper\">\n\t\t\t<p><span style=\"color: #333333;font-size: 18px;\">En la pesta\u00f1a Documentos, busca Opus One en la lista y aseg\u00farate de que la aplicaci\u00f3n est\u00e9 activada<\/span><\/p>\n\n\t\t<\/div>\n\t<\/div>\n<div class=\"d-inline-block\" ><div class=\"pix-img-el    text-left d-inline-block  w-100 rounded-0\"  ><img loading=\"lazy\" decoding=\"async\" class=\"card-img2 pix-img-elem rounded-0  h-1002\" style=\"height:auto;\" width=\"1194\" height=\"798\" srcset=\"https:\/\/piso13.com\/wp-content\/uploads\/2024\/02\/3.png 1194w, https:\/\/piso13.com\/wp-content\/uploads\/2024\/02\/3-300x201.png 300w, https:\/\/piso13.com\/wp-content\/uploads\/2024\/02\/3-1024x684.png 1024w, https:\/\/piso13.com\/wp-content\/uploads\/2024\/02\/3-768x513.png 768w\" sizes=\"auto, (max-width: 1194px) 100vw, 1194px\" src=\"https:\/\/piso13.com\/wp-content\/uploads\/2024\/02\/3.png\" alt=\"Image link\" \/><\/div><\/div><div  class=\"pix-heading-el text-center  vc_custom_1707472940345\"><div><div class=\"slide-in-container2\"><h1 class=\"text-heading-default font-weight-bold heading-text el-title_custom_color mb-12\" style=\"\" data-anim-type=\"\" data-anim-delay=\"0\">2. Permisos iCloud<\/h1><\/div><\/div><\/div>\n\t<div class=\"wpb_text_column wpb_content_element\" >\n\t\t<div class=\"wpb_wrapper\">\n\t\t\t<div id=\"comp-js56032b\" class=\"BaOVQ8 tz5f0K comp-js56032b wixui-rich-text\" data-testid=\"richTextElement\">\n<p class=\"font_7 wixui-rich-text__text\"><span style=\"color: #333333;font-size: 18px;\">Debes asegurarte de que Opus One haya sido concedido permisos para usar iCloud.<\/span><\/p>\n<\/div>\n<h4 id=\"comp-jskusm62\" class=\"Vd6aQZ ignore-focus comp-jskusm62\" tabindex=\"-1\" role=\"region\" aria-label=\"iCloud Permissons\"><strong><span style=\"color: #333333;font-size: 18px;\">IOS<\/span><\/strong><\/h4>\n<div id=\"comp-js563d0f\" class=\"BaOVQ8 tz5f0K comp-js563d0f wixui-rich-text\" data-testid=\"richTextElement\">\n<p class=\"font_7 wixui-rich-text__text\"><span style=\"color: #333333;font-size: 18px;\">Si el Asistente de Sincronizaci\u00f3n de Opus One falla debido a los permisos de iCloud, aseg\u00farate de que iCloud no est\u00e9 bloqueado por controles parentales.<\/span><\/p>\n<h4 class=\"font_7 wixui-rich-text__text\"><strong><span style=\"color: #333333;font-size: 18px;\">MacOS<\/span><\/strong><\/h4>\n<\/div>\n<div id=\"comp-js55dmgt\" class=\"BaOVQ8 tz5f0K comp-js55dmgt wixui-rich-text\" data-testid=\"richTextElement\">\n<p class=\"font_7 wixui-rich-text__text\"><span style=\"color: #333333;font-size: 18px;\">En macOS, debes abrir Preferencias del Sistema -&gt; iCloud -&gt; iCloud Drive -&gt; B\u00fascame por correo electr\u00f3nico y verificar que Opus One est\u00e9 activado.<\/span><\/p>\n<\/div>\n\n\t\t<\/div>\n\t<\/div>\n<div class=\"d-inline-block\" ><div class=\"pix-img-el    text-left d-inline-block  w-100 rounded-0\"  ><img loading=\"lazy\" decoding=\"async\" class=\"card-img2 pix-img-elem rounded-0  h-1002\" style=\"height:auto;\" width=\"1196\" height=\"876\" srcset=\"https:\/\/piso13.com\/wp-content\/uploads\/2024\/02\/Screenshot-2024-02-09-at-11.02.45\u202fAM.png 1196w, https:\/\/piso13.com\/wp-content\/uploads\/2024\/02\/Screenshot-2024-02-09-at-11.02.45\u202fAM-300x220.png 300w, https:\/\/piso13.com\/wp-content\/uploads\/2024\/02\/Screenshot-2024-02-09-at-11.02.45\u202fAM-1024x750.png 1024w, https:\/\/piso13.com\/wp-content\/uploads\/2024\/02\/Screenshot-2024-02-09-at-11.02.45\u202fAM-768x563.png 768w\" sizes=\"auto, (max-width: 1196px) 100vw, 1196px\" src=\"https:\/\/piso13.com\/wp-content\/uploads\/2024\/02\/Screenshot-2024-02-09-at-11.02.45\u202fAM.png\" alt=\"Image link\" \/><\/div><\/div><div  class=\"pix-heading-el text-center  vc_custom_1707473033115\"><div><div class=\"slide-in-container2\"><h1 class=\"text-heading-default font-weight-bold heading-text el-title_custom_color mb-12\" style=\"\" data-anim-type=\"\" data-anim-delay=\"0\">3. Suscripci\u00f3n<\/h1><\/div><\/div><\/div>\n\t<div class=\"wpb_text_column wpb_content_element\" >\n\t\t<div class=\"wpb_wrapper\">\n\t\t\t<p><span style=\"color: #333333;font-size: 18px;\">Solo necesitas una suscripci\u00f3n para usar Opus One en iPhone, iPad o tu computadora con MacOS. Incluso puedes utilizar varios port\u00e1tiles o computadoras de escritorio, as\u00ed como m\u00faltiples iPads o iPhones, siempre y cuando utilices el mismo ID de iCloud.<\/span><\/p>\n<p><span style=\"color: #333333;font-size: 18px;\">Si tienes problemas para activar tu suscripci\u00f3n, sigue estos pasos:<\/span><span style=\"color: #333333;\">\u200b<\/span><\/p>\n<p><span style=\"color: #333333;font-size: 18px;\">Abre Opus One en el dispositivo donde originalmente compraste tu suscripci\u00f3n.<\/span><\/p>\n<p><span style=\"color: #333333;font-size: 18px;\">Verifica que tienes una suscripci\u00f3n activa en la opci\u00f3n 'Convi\u00e9rtete en Pro' en la configuraci\u00f3n. Si no es as\u00ed, intenta restaurar las compras desde la misma ventana. Aseg\u00farate de que Opus One fue descargado con la misma cuenta que tienes en tu suscripci\u00f3n, en caso de tener m\u00faltiples cuentas.<\/span><\/p>\n<p><span style=\"color: #333333;font-size: 18px;\">Una vez activado, aseg\u00farate de que puedes sincronizar en el panel de Configuraci\u00f3n o Preferencias de la Nube.<\/span><\/p>\n<p><span style=\"color: #333333;font-size: 18px;\">Ve a tus otros dispositivos y abre la opci\u00f3n 'Convi\u00e9rtete en Pro'. Si a\u00fan no est\u00e1 activado, busca el bot\u00f3n de informaci\u00f3n en la parte superior y env\u00edanos los diagn\u00f3sticos a support@piso13.com.<\/span><\/p>\n\n\t\t<\/div>\n\t<\/div>\n<\/div><\/div><\/div><\/div>\n<\/div>","protected":false},"excerpt":{"rendered":"1. iCloud account Opus One uses iCloud Drive to synchronize between devices. So the first step is to make sure you are correctly logged in to your iCloud account on your device. \u200b Logged in to your iCloud Account iCloud...","protected":false},"author":1,"featured_media":0,"parent":0,"menu_order":0,"comment_status":"closed","ping_status":"closed","template":"","meta":{"_kadence_starter_templates_imported_post":false,"footnotes":""},"class_list":["post-13565","page","type-page","status-publish","hentry"],"yoast_head":"<!-- This site is optimized with the Yoast SEO plugin v23.8 - https:\/\/yoast.com\/wordpress\/plugins\/seo\/ -->\n<title>Cloud Sync Help - Piso13<\/title>\n<meta name=\"robots\" content=\"index, follow, max-snippet:-1, max-image-preview:large, max-video-preview:-1\" \/>\n<link rel=\"canonical\" href=\"https:\/\/piso13.com\/es\/cloud-sync-help\/\" \/>\n<meta property=\"og:locale\" content=\"es_MX\" \/>\n<meta property=\"og:type\" content=\"article\" \/>\n<meta property=\"og:title\" content=\"Cloud Sync Help - Piso13\" \/>\n<meta property=\"og:url\" content=\"https:\/\/piso13.com\/es\/cloud-sync-help\/\" \/>\n<meta property=\"og:site_name\" content=\"Piso13\" \/>\n<meta property=\"article:publisher\" content=\"https:\/\/www.facebook.com\/OpusOneApp\" \/>\n<meta property=\"article:modified_time\" content=\"2024-02-09T14:53:37+00:00\" \/>\n<meta name=\"twitter:card\" content=\"summary_large_image\" \/>\n<meta name=\"twitter:site\" content=\"@opusoneapp\" \/>\n<meta name=\"twitter:label1\" content=\"Tiempo de lectura\" \/>\n\t<meta name=\"twitter:data1\" content=\"3 minutos\" \/>\n<script type=\"application\/ld+json\" class=\"yoast-schema-graph\">{\"@context\":\"https:\/\/schema.org\",\"@graph\":[{\"@type\":\"WebPage\",\"@id\":\"https:\/\/piso13.com\/cloud-sync-help\/\",\"url\":\"https:\/\/piso13.com\/cloud-sync-help\/\",\"name\":\"Cloud Sync Help - Piso13\",\"isPartOf\":{\"@id\":\"https:\/\/piso13.com\/#website\"},\"datePublished\":\"2024-02-09T09:33:12+00:00\",\"dateModified\":\"2024-02-09T14:53:37+00:00\",\"breadcrumb\":{\"@id\":\"https:\/\/piso13.com\/cloud-sync-help\/#breadcrumb\"},\"inLanguage\":\"es\",\"potentialAction\":[{\"@type\":\"ReadAction\",\"target\":[\"https:\/\/piso13.com\/cloud-sync-help\/\"]}]},{\"@type\":\"BreadcrumbList\",\"@id\":\"https:\/\/piso13.com\/cloud-sync-help\/#breadcrumb\",\"itemListElement\":[{\"@type\":\"ListItem\",\"position\":1,\"name\":\"Home\",\"item\":\"https:\/\/piso13.com\/\"},{\"@type\":\"ListItem\",\"position\":2,\"name\":\"Cloud Sync Help\"}]},{\"@type\":\"WebSite\",\"@id\":\"https:\/\/piso13.com\/#website\",\"url\":\"https:\/\/piso13.com\/\",\"name\":\"Piso13\",\"description\":\"\",\"publisher\":{\"@id\":\"https:\/\/piso13.com\/#organization\"},\"potentialAction\":[{\"@type\":\"SearchAction\",\"target\":{\"@type\":\"EntryPoint\",\"urlTemplate\":\"https:\/\/piso13.com\/?s={search_term_string}\"},\"query-input\":{\"@type\":\"PropertyValueSpecification\",\"valueRequired\":true,\"valueName\":\"search_term_string\"}}],\"inLanguage\":\"es\"},{\"@type\":\"Organization\",\"@id\":\"https:\/\/piso13.com\/#organization\",\"name\":\"Piso13\",\"url\":\"https:\/\/piso13.com\/\",\"logo\":{\"@type\":\"ImageObject\",\"inLanguage\":\"es\",\"@id\":\"https:\/\/piso13.com\/#\/schema\/logo\/image\/\",\"url\":\"https:\/\/piso13.com\/wp-content\/uploads\/2024\/03\/cropped-LogoPiso13Negro-1-1.png\",\"contentUrl\":\"https:\/\/piso13.com\/wp-content\/uploads\/2024\/03\/cropped-LogoPiso13Negro-1-1.png\",\"width\":381,\"height\":381,\"caption\":\"Piso13\"},\"image\":{\"@id\":\"https:\/\/piso13.com\/#\/schema\/logo\/image\/\"},\"sameAs\":[\"https:\/\/www.facebook.com\/OpusOneApp\",\"https:\/\/x.com\/opusoneapp\",\"https:\/\/www.instagram.com\/opusoneapp\/\"]}]}<\/script>\n<!-- \/ Yoast SEO plugin. -->","yoast_head_json":{"title":"Cloud Sync Help - Piso13","robots":{"index":"index","follow":"follow","max-snippet":"max-snippet:-1","max-image-preview":"max-image-preview:large","max-video-preview":"max-video-preview:-1"},"canonical":"https:\/\/piso13.com\/es\/cloud-sync-help\/","og_locale":"es_MX","og_type":"article","og_title":"Cloud Sync Help - Piso13","og_url":"https:\/\/piso13.com\/es\/cloud-sync-help\/","og_site_name":"Piso13","article_publisher":"https:\/\/www.facebook.com\/OpusOneApp","article_modified_time":"2024-02-09T14:53:37+00:00","twitter_card":"summary_large_image","twitter_site":"@opusoneapp","twitter_misc":{"Tiempo de lectura":"3 minutos"},"schema":{"@context":"https:\/\/schema.org","@graph":[{"@type":"WebPage","@id":"https:\/\/piso13.com\/cloud-sync-help\/","url":"https:\/\/piso13.com\/cloud-sync-help\/","name":"Cloud Sync Help - Piso13","isPartOf":{"@id":"https:\/\/piso13.com\/#website"},"datePublished":"2024-02-09T09:33:12+00:00","dateModified":"2024-02-09T14:53:37+00:00","breadcrumb":{"@id":"https:\/\/piso13.com\/cloud-sync-help\/#breadcrumb"},"inLanguage":"es","potentialAction":[{"@type":"ReadAction","target":["https:\/\/piso13.com\/cloud-sync-help\/"]}]},{"@type":"BreadcrumbList","@id":"https:\/\/piso13.com\/cloud-sync-help\/#breadcrumb","itemListElement":[{"@type":"ListItem","position":1,"name":"Home","item":"https:\/\/piso13.com\/"},{"@type":"ListItem","position":2,"name":"Cloud Sync Help"}]},{"@type":"WebSite","@id":"https:\/\/piso13.com\/#website","url":"https:\/\/piso13.com\/","name":"Piso13","description":"","publisher":{"@id":"https:\/\/piso13.com\/#organization"},"potentialAction":[{"@type":"SearchAction","target":{"@type":"EntryPoint","urlTemplate":"https:\/\/piso13.com\/?s={search_term_string}"},"query-input":{"@type":"PropertyValueSpecification","valueRequired":true,"valueName":"search_term_string"}}],"inLanguage":"es"},{"@type":"Organization","@id":"https:\/\/piso13.com\/#organization","name":"Piso13","url":"https:\/\/piso13.com\/","logo":{"@type":"ImageObject","inLanguage":"es","@id":"https:\/\/piso13.com\/#\/schema\/logo\/image\/","url":"https:\/\/piso13.com\/wp-content\/uploads\/2024\/03\/cropped-LogoPiso13Negro-1-1.png","contentUrl":"https:\/\/piso13.com\/wp-content\/uploads\/2024\/03\/cropped-LogoPiso13Negro-1-1.png","width":381,"height":381,"caption":"Piso13"},"image":{"@id":"https:\/\/piso13.com\/#\/schema\/logo\/image\/"},"sameAs":["https:\/\/www.facebook.com\/OpusOneApp","https:\/\/x.com\/opusoneapp","https:\/\/www.instagram.com\/opusoneapp\/"]}]}},"_links":{"self":[{"href":"https:\/\/piso13.com\/es\/wp-json\/wp\/v2\/pages\/13565","targetHints":{"allow":["GET"]}}],"collection":[{"href":"https:\/\/piso13.com\/es\/wp-json\/wp\/v2\/pages"}],"about":[{"href":"https:\/\/piso13.com\/es\/wp-json\/wp\/v2\/types\/page"}],"author":[{"embeddable":true,"href":"https:\/\/piso13.com\/es\/wp-json\/wp\/v2\/users\/1"}],"replies":[{"embeddable":true,"href":"https:\/\/piso13.com\/es\/wp-json\/wp\/v2\/comments?post=13565"}],"version-history":[{"count":5,"href":"https:\/\/piso13.com\/es\/wp-json\/wp\/v2\/pages\/13565\/revisions"}],"predecessor-version":[{"id":13594,"href":"https:\/\/piso13.com\/es\/wp-json\/wp\/v2\/pages\/13565\/revisions\/13594"}],"wp:attachment":[{"href":"https:\/\/piso13.com\/es\/wp-json\/wp\/v2\/media?parent=13565"}],"curies":[{"name":"wp","href":"https:\/\/api.w.org\/{rel}","templated":true}]}}