{"id":13577,"date":"2024-02-09T10:09:25","date_gmt":"2024-02-09T10:09:25","guid":{"rendered":"http:\/\/piso13.net\/?page_id=13577"},"modified":"2024-02-09T14:50:31","modified_gmt":"2024-02-09T14:50:31","slug":"sync-problems-for-macos","status":"publish","type":"page","link":"https:\/\/piso13.com\/es\/sync-problems-for-macos\/","title":{"rendered":"Sync Problems for MacOS"},"content":{"rendered":"<div class=\"wpb-content-wrapper\"><div class=\"vc_row wpb_row vc_row-fluid vc_row_visible\"><div class=\"wpb_column vc_column_container vc_col-sm-12 text-left\"><div class=\"vc_column-inner\"><div class=\"wpb_wrapper\">\n\t<div class=\"wpb_text_column wpb_content_element\" >\n\t\t<div class=\"wpb_wrapper\">\n\t\t\t<p><span style=\"color: #333333;font-size: 18px;\">Si Opus One no est\u00e1n funcionando bien entre s\u00ed, aqu\u00ed tienes un paso a paso sobre c\u00f3mo corregir escenarios comunes:<\/span><\/p>\n\n\t\t<\/div>\n\t<\/div>\n<div class=\"vc_message_box vc_message_box-standard vc_message_box-rounded vc_color-info\" ><div class=\"vc_message_box-icon\"><i class=\"fas fa-info-circle\"><\/i><\/div><p style=\"font-size: 18px;\">NOTA: Por favor, intenta actualizar tu Opus One a la \u00faltima versi\u00f3n disponible en la App Store.<\/p>\n<p style=\"font-size: 18px;\">Tambi\u00e9n sugerimos crear una copia de seguridad de tu informaci\u00f3n.<\/p>\n<\/div>\n\t<div class=\"wpb_text_column wpb_content_element\" >\n\t\t<div class=\"wpb_wrapper\">\n\t\t\t<p><span style=\"color: #333333;font-size: 18px;\">1. Verifica que tus suscripciones se reconozcan como 'Activas'. Aqu\u00ed tienes un enlace sobre c\u00f3mo verificarlo en MacOS e iOS:<\/span><\/p>\n<p><span style=\"color: #333333;font-size: 18px;\">Para verificar que la suscripci\u00f3n est\u00e9 activada, por favor revisa el siguiente enlace:<\/span><\/p>\n<p><a href=\"https:\/\/buy.itunes.apple.com\/WebObjects\/MZFinance.woa\/wa\/DirectAction\/manageSubscriptions\">https:\/\/buy.itunes.apple.com\/WebObjects\/MZFinance.woa\/wa\/DirectAction\/manageSubscriptions<\/a><\/p>\n\n\t\t<\/div>\n\t<\/div>\n<div class=\"d-inline-block\" ><div class=\"pix-img-el    text-left d-inline-block  w-100 rounded-0\"  ><img loading=\"lazy\" decoding=\"async\" class=\"card-img2 pix-img-elem rounded-0  h-1002\" style=\"height:auto;\" width=\"1196\" height=\"322\" srcset=\"https:\/\/piso13.com\/wp-content\/uploads\/2024\/02\/Screenshot-2024-02-09-at-11.09.41\u202fAM.png 1196w, https:\/\/piso13.com\/wp-content\/uploads\/2024\/02\/Screenshot-2024-02-09-at-11.09.41\u202fAM-300x81.png 300w, https:\/\/piso13.com\/wp-content\/uploads\/2024\/02\/Screenshot-2024-02-09-at-11.09.41\u202fAM-1024x276.png 1024w, https:\/\/piso13.com\/wp-content\/uploads\/2024\/02\/Screenshot-2024-02-09-at-11.09.41\u202fAM-768x207.png 768w\" sizes=\"auto, (max-width: 1196px) 100vw, 1196px\" src=\"https:\/\/piso13.com\/wp-content\/uploads\/2024\/02\/Screenshot-2024-02-09-at-11.09.41\u202fAM.png\" alt=\"Image link\" \/><\/div><\/div>\n\t<div class=\"wpb_text_column wpb_content_element\" >\n\t\t<div class=\"wpb_wrapper\">\n\t\t\t<p><span style=\"color: #333333;font-size: 18px;\"><strong>NOTA:<\/strong> Para verificar que la suscripci\u00f3n est\u00e9 activada, por favor revisa el siguiente enlace:<\/span><\/p>\n\n\t\t<\/div>\n\t<\/div>\n\n\t<div class=\"wpb_text_column wpb_content_element\" >\n\t\t<div class=\"wpb_wrapper\">\n\t\t\t<p><span style=\"color: #333333;\">Paso 1: Desde el men\u00fa, selecciona Tienda &gt; Convi\u00e9rtete en Pro.<\/span><\/p>\n\n\t\t<\/div>\n\t<\/div>\n<div class=\"d-inline-block\" ><div class=\"pix-img-el    text-left d-inline-block  w-100 rounded-0\"  ><img loading=\"lazy\" decoding=\"async\" class=\"card-img2 pix-img-elem rounded-0  h-1002\" style=\"height:auto;\" width=\"940\" height=\"242\" srcset=\"https:\/\/piso13.com\/wp-content\/uploads\/2024\/02\/Screenshot-2024-02-09-at-11.09.52\u202fAM.png 940w, https:\/\/piso13.com\/wp-content\/uploads\/2024\/02\/Screenshot-2024-02-09-at-11.09.52\u202fAM-300x77.png 300w, https:\/\/piso13.com\/wp-content\/uploads\/2024\/02\/Screenshot-2024-02-09-at-11.09.52\u202fAM-768x198.png 768w\" sizes=\"auto, (max-width: 940px) 100vw, 940px\" src=\"https:\/\/piso13.com\/wp-content\/uploads\/2024\/02\/Screenshot-2024-02-09-at-11.09.52\u202fAM.png\" alt=\"Image link\" \/><\/div><\/div>\n\t<div class=\"wpb_text_column wpb_content_element\" >\n\t\t<div class=\"wpb_wrapper\">\n\t\t\t<p><span style=\"color: #333333;font-size: 18px;\">Paso 2: Si tienes una suscripci\u00f3n activa, deber\u00eda mostrar 'Suscrito'.<\/span><\/p>\n\n\t\t<\/div>\n\t<\/div>\n<\/div><\/div><\/div><\/div><div class=\"vc_row wpb_row vc_row-fluid vc_row_visible\"><div class=\"wpb_column vc_column_container vc_col-sm-12 text-left\"><div class=\"vc_column-inner\"><div class=\"wpb_wrapper\"><div class=\"d-inline-block\" ><div class=\"pix-img-el    text-left d-inline-block  w-100 rounded-0\"  ><img loading=\"lazy\" decoding=\"async\" class=\"card-img2 pix-img-elem rounded-0  h-1002\" style=\"height:auto;\" width=\"1646\" height=\"1272\" srcset=\"https:\/\/piso13.com\/wp-content\/uploads\/2024\/02\/purchase.png 1646w, https:\/\/piso13.com\/wp-content\/uploads\/2024\/02\/purchase-300x232.png 300w, https:\/\/piso13.com\/wp-content\/uploads\/2024\/02\/purchase-1024x791.png 1024w, https:\/\/piso13.com\/wp-content\/uploads\/2024\/02\/purchase-768x593.png 768w, https:\/\/piso13.com\/wp-content\/uploads\/2024\/02\/purchase-1536x1187.png 1536w\" sizes=\"auto, (max-width: 1646px) 100vw, 1646px\" src=\"https:\/\/piso13.com\/wp-content\/uploads\/2024\/02\/purchase.png\" alt=\"Image link\" \/><\/div><\/div>\n\t<div class=\"wpb_text_column wpb_content_element\" >\n\t\t<div class=\"wpb_wrapper\">\n\t\t\t<p><span style=\"color: #333333;font-size: 18px;\">En caso de que tengas una suscripci\u00f3n, pero aparezca 'Se necesita suscripci\u00f3n', por favor ve a Tienda &gt; Restaurar compras.<\/span><\/p>\n\n\t\t<\/div>\n\t<\/div>\n<div class=\"d-inline-block\" ><div class=\"pix-img-el    text-left d-inline-block  w-100 rounded-0\"  ><img loading=\"lazy\" decoding=\"async\" class=\"card-img2 pix-img-elem rounded-0  h-1002\" style=\"height:auto;\" width=\"1204\" height=\"236\" srcset=\"https:\/\/piso13.com\/wp-content\/uploads\/2024\/02\/Screenshot-2024-02-09-at-11.46.46\u202fAM.png 1204w, https:\/\/piso13.com\/wp-content\/uploads\/2024\/02\/Screenshot-2024-02-09-at-11.46.46\u202fAM-300x59.png 300w, https:\/\/piso13.com\/wp-content\/uploads\/2024\/02\/Screenshot-2024-02-09-at-11.46.46\u202fAM-1024x201.png 1024w, https:\/\/piso13.com\/wp-content\/uploads\/2024\/02\/Screenshot-2024-02-09-at-11.46.46\u202fAM-768x151.png 768w\" sizes=\"auto, (max-width: 1204px) 100vw, 1204px\" src=\"https:\/\/piso13.com\/wp-content\/uploads\/2024\/02\/Screenshot-2024-02-09-at-11.46.46\u202fAM.png\" alt=\"Image link\" \/><\/div><\/div>\n\t<div class=\"wpb_text_column wpb_content_element\" >\n\t\t<div class=\"wpb_wrapper\">\n\t\t\t<p><span style=\"color: #333333;font-size: 18px;\">Por favor, ve a Opus One &gt; Preferencias &gt; Sincronizaci\u00f3n en la Nube.<\/span><\/p>\n<p><span style=\"color: #333333;font-size: 18px;\">Selecciona 'Restaurar desde la Nube'.<\/span><\/p>\n\n\t\t<\/div>\n\t<\/div>\n<div class=\"d-inline-block\" ><div class=\"pix-img-el    text-left d-inline-block  w-100 rounded-0\"  ><img loading=\"lazy\" decoding=\"async\" class=\"card-img2 pix-img-elem rounded-0  h-1002\" style=\"height:auto;\" width=\"924\" height=\"728\" srcset=\"https:\/\/piso13.com\/wp-content\/uploads\/2024\/02\/Screenshot-2024-02-09-at-11.49.16\u202fAM.png 924w, https:\/\/piso13.com\/wp-content\/uploads\/2024\/02\/Screenshot-2024-02-09-at-11.49.16\u202fAM-300x236.png 300w, https:\/\/piso13.com\/wp-content\/uploads\/2024\/02\/Screenshot-2024-02-09-at-11.49.16\u202fAM-768x605.png 768w\" sizes=\"auto, (max-width: 924px) 100vw, 924px\" src=\"https:\/\/piso13.com\/wp-content\/uploads\/2024\/02\/Screenshot-2024-02-09-at-11.49.16\u202fAM.png\" alt=\"Image link\" \/><\/div><\/div>\n\t<div class=\"wpb_text_column wpb_content_element\" >\n\t\t<div class=\"wpb_wrapper\">\n\t\t\t<p><span style=\"color: #333333;font-size: 18px;\">En algunos casos, si vas al icono de la Nube, ver\u00e1s <\/span><span style=\"color: #333333;\">&#8220;Cloud is not activated&#8221;, please click on <strong>&#8220;Activate Cloud&#8221; <\/strong><\/span><span style=\"color: #333333;font-size: 18px;\">until you see &#8220;Active&#8221;.<\/span><\/p>\n\n\t\t<\/div>\n\t<\/div>\n<div class=\"d-inline-block\" ><div class=\"pix-img-el    text-left d-inline-block  w-100 rounded-0\"  ><img loading=\"lazy\" decoding=\"async\" class=\"card-img2 pix-img-elem rounded-0  h-1002\" style=\"height:auto;\" width=\"884\" height=\"554\" srcset=\"https:\/\/piso13.com\/wp-content\/uploads\/2024\/02\/Screenshot-2024-02-09-at-11.52.02\u202fAM.png 884w, https:\/\/piso13.com\/wp-content\/uploads\/2024\/02\/Screenshot-2024-02-09-at-11.52.02\u202fAM-300x188.png 300w, https:\/\/piso13.com\/wp-content\/uploads\/2024\/02\/Screenshot-2024-02-09-at-11.52.02\u202fAM-768x481.png 768w\" sizes=\"auto, (max-width: 884px) 100vw, 884px\" src=\"https:\/\/piso13.com\/wp-content\/uploads\/2024\/02\/Screenshot-2024-02-09-at-11.52.02\u202fAM.png\" alt=\"Image link\" \/><\/div><\/div>\n\t<div class=\"wpb_text_column wpb_content_element\" >\n\t\t<div class=\"wpb_wrapper\">\n\t\t\t<p><span style=\"color: #333333;font-size: 18px;\">Tambi\u00e9n hay un Asistente que puede ayudarte a resolver el problema. Debes ir al icono '?'.<\/span><\/p>\n\n\t\t<\/div>\n\t<\/div>\n<\/div><\/div><\/div><\/div><div class=\"vc_row wpb_row vc_row-fluid vc_row_visible\"><div class=\"wpb_column vc_column_container vc_col-sm-12 text-left\"><div class=\"vc_column-inner\"><div class=\"wpb_wrapper\"><div class=\"d-inline-block\" ><div class=\"pix-img-el    text-left d-inline-block  w-100 rounded-0\"  ><img loading=\"lazy\" decoding=\"async\" class=\"card-img2 pix-img-elem rounded-0  h-1002\" style=\"height:auto;\" width=\"1002\" height=\"362\" srcset=\"https:\/\/piso13.com\/wp-content\/uploads\/2024\/02\/Screenshot-2024-02-09-at-11.55.09\u202fAM.png 1002w, https:\/\/piso13.com\/wp-content\/uploads\/2024\/02\/Screenshot-2024-02-09-at-11.55.09\u202fAM-300x108.png 300w, https:\/\/piso13.com\/wp-content\/uploads\/2024\/02\/Screenshot-2024-02-09-at-11.55.09\u202fAM-768x277.png 768w\" sizes=\"auto, (max-width: 1002px) 100vw, 1002px\" src=\"https:\/\/piso13.com\/wp-content\/uploads\/2024\/02\/Screenshot-2024-02-09-at-11.55.09\u202fAM.png\" alt=\"Image link\" \/><\/div><\/div><div class=\"d-inline-block\" ><div class=\"pix-img-el  vc_custom_1707476415344   text-left d-inline-block  w-100 rounded-0\"  ><img loading=\"lazy\" decoding=\"async\" class=\"card-img2 pix-img-elem rounded-0  h-1002\" style=\"height:auto;\" width=\"1786\" height=\"1164\" srcset=\"https:\/\/piso13.com\/wp-content\/uploads\/2024\/02\/Screenshot-2024-02-09-at-11.56.02\u202fAM-min.png 1786w, https:\/\/piso13.com\/wp-content\/uploads\/2024\/02\/Screenshot-2024-02-09-at-11.56.02\u202fAM-min-300x196.png 300w, https:\/\/piso13.com\/wp-content\/uploads\/2024\/02\/Screenshot-2024-02-09-at-11.56.02\u202fAM-min-1024x667.png 1024w, https:\/\/piso13.com\/wp-content\/uploads\/2024\/02\/Screenshot-2024-02-09-at-11.56.02\u202fAM-min-768x501.png 768w, https:\/\/piso13.com\/wp-content\/uploads\/2024\/02\/Screenshot-2024-02-09-at-11.56.02\u202fAM-min-1536x1001.png 1536w\" sizes=\"auto, (max-width: 1786px) 100vw, 1786px\" src=\"https:\/\/piso13.com\/wp-content\/uploads\/2024\/02\/Screenshot-2024-02-09-at-11.56.02\u202fAM-min.png\" alt=\"Image link\" \/><\/div><\/div><\/div><\/div><\/div><\/div><div data-vc-full-width=\"true\" data-vc-full-width-init=\"false\" class=\"vc_row wpb_row vc_row-fluid vc_row_visible vc_custom_1589669273862 bg-gradient-primary\"><div class=\"wpb_column vc_column_container vc_col-sm-12 text-left\"><div class=\"vc_column-inner\"><div class=\"wpb_wrapper\"><div class=\"container\"><div class=\"row justify-content-center\"><div class=\"col bg-white2 rounded-lg2  vc_custom_1707476580692 animate-in w-100 m-32 p-42 pix-py-30 col-sm-auto d-md-flex align-items-center text-center text-sm-left justify-content-between2\" style=\"z-index:11;\" data-anim-delay=\"0\" data-anim-type=\"fade-in-up\"><div class=\"mr-md-5\"><h4 class=\"d-block mr-md-3 mb-md-0 mb-md-0 text-white font-weight-bold text-white translation-block\" style=\"\"><span class=\"slide-in-container animated\"><span class=\"pix-sliding-item secondary-font text-heading-default\"> Cont\u00e1ctanos  <\/span><\/span> <span class=\"slide-in-container animated\"><span class=\"pix-sliding-item secondary-font text-heading-default\"><\/span><\/span><\/h4><span class=\"d-block mr-md-3 mb-md-0 mb-md-0 pix-mt-10  text-18 text-dark-opacity-5\" style=\"\">Si a\u00fan tienes problemas de sincronizaci\u00f3n, por favor, ponte en contacto con nuestro Equipo de Soporte.<\/span><\/div><div class=\"flex-fill mt-4 mt-sm-0 mt-md-0 text-md-right flex-grow-1\" style=\"min-width:250px;max-width:100%;\"><a  href=\"https:\/\/piso13.freshdesk.com\/\" class=\"btn mb-0     shadow-inverse-hover-lg  bg-dark-opacity-3 btn-primary btn-custom-bg  d-inline-block pix-hover-item       animate-in btn-lg\"   data-anim-type=\"fade-in-up\" data-anim-delay=\"0\" ><i class=\"font-weight-bold pixicon-bag-2  pix-hover-left  mr-1\"><\/i> <span class=\"font-weight-bold\" >Escr\u00edbenos<\/span><\/a><\/div><\/div><\/div><\/div><\/div><\/div><\/div><\/div><div class=\"vc_row-full-width vc_clearfix\"><\/div>\n<\/div>","protected":false},"excerpt":{"rendered":"If your Opus One Apps are not playing nice between them, here is a step by step on how to correct common scenarios: NOTE: Please try to update your Opus One to the last version available in the App Store....","protected":false},"author":1,"featured_media":0,"parent":0,"menu_order":0,"comment_status":"closed","ping_status":"closed","template":"","meta":{"_kadence_starter_templates_imported_post":false,"footnotes":""},"class_list":["post-13577","page","type-page","status-publish","hentry"],"yoast_head":"<!-- This site is optimized with the Yoast SEO plugin v23.8 - https:\/\/yoast.com\/wordpress\/plugins\/seo\/ -->\n<title>Sync Problems for MacOS - Piso13<\/title>\n<meta name=\"robots\" content=\"index, follow, max-snippet:-1, max-image-preview:large, max-video-preview:-1\" \/>\n<link rel=\"canonical\" href=\"https:\/\/piso13.com\/es\/sync-problems-for-macos\/\" \/>\n<meta property=\"og:locale\" content=\"es_MX\" \/>\n<meta property=\"og:type\" content=\"article\" \/>\n<meta property=\"og:title\" content=\"Sync Problems for MacOS - Piso13\" \/>\n<meta property=\"og:url\" content=\"https:\/\/piso13.com\/es\/sync-problems-for-macos\/\" \/>\n<meta property=\"og:site_name\" content=\"Piso13\" \/>\n<meta property=\"article:publisher\" content=\"https:\/\/www.facebook.com\/OpusOneApp\" \/>\n<meta property=\"article:modified_time\" content=\"2024-02-09T14:50:31+00:00\" \/>\n<meta name=\"twitter:card\" content=\"summary_large_image\" \/>\n<meta name=\"twitter:site\" content=\"@opusoneapp\" \/>\n<meta name=\"twitter:label1\" content=\"Tiempo de lectura\" \/>\n\t<meta name=\"twitter:data1\" content=\"3 minutos\" \/>\n<script type=\"application\/ld+json\" class=\"yoast-schema-graph\">{\"@context\":\"https:\/\/schema.org\",\"@graph\":[{\"@type\":\"WebPage\",\"@id\":\"https:\/\/piso13.com\/sync-problems-for-macos\/\",\"url\":\"https:\/\/piso13.com\/sync-problems-for-macos\/\",\"name\":\"Sync Problems for MacOS - Piso13\",\"isPartOf\":{\"@id\":\"https:\/\/piso13.com\/#website\"},\"datePublished\":\"2024-02-09T10:09:25+00:00\",\"dateModified\":\"2024-02-09T14:50:31+00:00\",\"breadcrumb\":{\"@id\":\"https:\/\/piso13.com\/sync-problems-for-macos\/#breadcrumb\"},\"inLanguage\":\"es\",\"potentialAction\":[{\"@type\":\"ReadAction\",\"target\":[\"https:\/\/piso13.com\/sync-problems-for-macos\/\"]}]},{\"@type\":\"BreadcrumbList\",\"@id\":\"https:\/\/piso13.com\/sync-problems-for-macos\/#breadcrumb\",\"itemListElement\":[{\"@type\":\"ListItem\",\"position\":1,\"name\":\"Home\",\"item\":\"https:\/\/piso13.com\/\"},{\"@type\":\"ListItem\",\"position\":2,\"name\":\"Sync Problems for MacOS\"}]},{\"@type\":\"WebSite\",\"@id\":\"https:\/\/piso13.com\/#website\",\"url\":\"https:\/\/piso13.com\/\",\"name\":\"Piso13\",\"description\":\"\",\"publisher\":{\"@id\":\"https:\/\/piso13.com\/#organization\"},\"potentialAction\":[{\"@type\":\"SearchAction\",\"target\":{\"@type\":\"EntryPoint\",\"urlTemplate\":\"https:\/\/piso13.com\/?s={search_term_string}\"},\"query-input\":{\"@type\":\"PropertyValueSpecification\",\"valueRequired\":true,\"valueName\":\"search_term_string\"}}],\"inLanguage\":\"es\"},{\"@type\":\"Organization\",\"@id\":\"https:\/\/piso13.com\/#organization\",\"name\":\"Piso13\",\"url\":\"https:\/\/piso13.com\/\",\"logo\":{\"@type\":\"ImageObject\",\"inLanguage\":\"es\",\"@id\":\"https:\/\/piso13.com\/#\/schema\/logo\/image\/\",\"url\":\"https:\/\/piso13.com\/wp-content\/uploads\/2024\/03\/cropped-LogoPiso13Negro-1-1.png\",\"contentUrl\":\"https:\/\/piso13.com\/wp-content\/uploads\/2024\/03\/cropped-LogoPiso13Negro-1-1.png\",\"width\":381,\"height\":381,\"caption\":\"Piso13\"},\"image\":{\"@id\":\"https:\/\/piso13.com\/#\/schema\/logo\/image\/\"},\"sameAs\":[\"https:\/\/www.facebook.com\/OpusOneApp\",\"https:\/\/x.com\/opusoneapp\",\"https:\/\/www.instagram.com\/opusoneapp\/\"]}]}<\/script>\n<!-- \/ Yoast SEO plugin. -->","yoast_head_json":{"title":"Sync Problems for MacOS - Piso13","robots":{"index":"index","follow":"follow","max-snippet":"max-snippet:-1","max-image-preview":"max-image-preview:large","max-video-preview":"max-video-preview:-1"},"canonical":"https:\/\/piso13.com\/es\/sync-problems-for-macos\/","og_locale":"es_MX","og_type":"article","og_title":"Sync Problems for MacOS - Piso13","og_url":"https:\/\/piso13.com\/es\/sync-problems-for-macos\/","og_site_name":"Piso13","article_publisher":"https:\/\/www.facebook.com\/OpusOneApp","article_modified_time":"2024-02-09T14:50:31+00:00","twitter_card":"summary_large_image","twitter_site":"@opusoneapp","twitter_misc":{"Tiempo de lectura":"3 minutos"},"schema":{"@context":"https:\/\/schema.org","@graph":[{"@type":"WebPage","@id":"https:\/\/piso13.com\/sync-problems-for-macos\/","url":"https:\/\/piso13.com\/sync-problems-for-macos\/","name":"Sync Problems for MacOS - Piso13","isPartOf":{"@id":"https:\/\/piso13.com\/#website"},"datePublished":"2024-02-09T10:09:25+00:00","dateModified":"2024-02-09T14:50:31+00:00","breadcrumb":{"@id":"https:\/\/piso13.com\/sync-problems-for-macos\/#breadcrumb"},"inLanguage":"es","potentialAction":[{"@type":"ReadAction","target":["https:\/\/piso13.com\/sync-problems-for-macos\/"]}]},{"@type":"BreadcrumbList","@id":"https:\/\/piso13.com\/sync-problems-for-macos\/#breadcrumb","itemListElement":[{"@type":"ListItem","position":1,"name":"Home","item":"https:\/\/piso13.com\/"},{"@type":"ListItem","position":2,"name":"Sync Problems for MacOS"}]},{"@type":"WebSite","@id":"https:\/\/piso13.com\/#website","url":"https:\/\/piso13.com\/","name":"Piso13","description":"","publisher":{"@id":"https:\/\/piso13.com\/#organization"},"potentialAction":[{"@type":"SearchAction","target":{"@type":"EntryPoint","urlTemplate":"https:\/\/piso13.com\/?s={search_term_string}"},"query-input":{"@type":"PropertyValueSpecification","valueRequired":true,"valueName":"search_term_string"}}],"inLanguage":"es"},{"@type":"Organization","@id":"https:\/\/piso13.com\/#organization","name":"Piso13","url":"https:\/\/piso13.com\/","logo":{"@type":"ImageObject","inLanguage":"es","@id":"https:\/\/piso13.com\/#\/schema\/logo\/image\/","url":"https:\/\/piso13.com\/wp-content\/uploads\/2024\/03\/cropped-LogoPiso13Negro-1-1.png","contentUrl":"https:\/\/piso13.com\/wp-content\/uploads\/2024\/03\/cropped-LogoPiso13Negro-1-1.png","width":381,"height":381,"caption":"Piso13"},"image":{"@id":"https:\/\/piso13.com\/#\/schema\/logo\/image\/"},"sameAs":["https:\/\/www.facebook.com\/OpusOneApp","https:\/\/x.com\/opusoneapp","https:\/\/www.instagram.com\/opusoneapp\/"]}]}},"_links":{"self":[{"href":"https:\/\/piso13.com\/es\/wp-json\/wp\/v2\/pages\/13577","targetHints":{"allow":["GET"]}}],"collection":[{"href":"https:\/\/piso13.com\/es\/wp-json\/wp\/v2\/pages"}],"about":[{"href":"https:\/\/piso13.com\/es\/wp-json\/wp\/v2\/types\/page"}],"author":[{"embeddable":true,"href":"https:\/\/piso13.com\/es\/wp-json\/wp\/v2\/users\/1"}],"replies":[{"embeddable":true,"href":"https:\/\/piso13.com\/es\/wp-json\/wp\/v2\/comments?post=13577"}],"version-history":[{"count":3,"href":"https:\/\/piso13.com\/es\/wp-json\/wp\/v2\/pages\/13577\/revisions"}],"predecessor-version":[{"id":13593,"href":"https:\/\/piso13.com\/es\/wp-json\/wp\/v2\/pages\/13577\/revisions\/13593"}],"wp:attachment":[{"href":"https:\/\/piso13.com\/es\/wp-json\/wp\/v2\/media?parent=13577"}],"curies":[{"name":"wp","href":"https:\/\/api.w.org\/{rel}","templated":true}]}}