{"id":13596,"date":"2024-02-09T15:03:50","date_gmt":"2024-02-09T15:03:50","guid":{"rendered":"http:\/\/piso13.net\/?page_id=13596"},"modified":"2024-02-09T15:30:16","modified_gmt":"2024-02-09T15:30:16","slug":"sync-problems-for-ios","status":"publish","type":"page","link":"https:\/\/piso13.com\/es\/sync-problems-for-ios\/","title":{"rendered":"Problemas de sincronizaci\u00f3n para iOS"},"content":{"rendered":"<div class=\"wpb-content-wrapper\"><div class=\"vc_row wpb_row vc_row-fluid vc_row_visible\"><div class=\"wpb_column vc_column_container vc_col-sm-12 text-left\"><div class=\"vc_column-inner\"><div class=\"wpb_wrapper\">\n\t<div class=\"wpb_text_column wpb_content_element\" >\n\t\t<div class=\"wpb_wrapper\">\n\t\t\t<p><span style=\"color: #333333;font-size: 18px;\">Si Opus One no est\u00e1n funcionando bien entre s\u00ed, aqu\u00ed tienes un paso a paso sobre c\u00f3mo corregir escenarios comunes:<\/span><\/p>\n\n\t\t<\/div>\n\t<\/div>\n<div class=\"vc_message_box vc_message_box-standard vc_message_box-rounded vc_color-info\" ><div class=\"vc_message_box-icon\"><i class=\"fas fa-info-circle\"><\/i><\/div><p style=\"font-size: 18px;\">NOTA: Por favor, intenta actualizar tu Opus One a la \u00faltima versi\u00f3n disponible en la App Store.<\/p>\n<p style=\"font-size: 18px;\">Tambi\u00e9n sugerimos crear una copia de seguridad de tu informaci\u00f3n.<\/p>\n<\/div>\n\t<div class=\"wpb_text_column wpb_content_element\" >\n\t\t<div class=\"wpb_wrapper\">\n\t\t\t<p><span style=\"color: #333333;font-size: 18px;\">1. Verifica que tus suscripciones se reconozcan como 'Activas'. Aqu\u00ed tienes un enlace sobre c\u00f3mo verificarlo en MacOS e iOS:<\/span><\/p>\n<p><span style=\"color: #333333;font-size: 18px;\">Para verificar que la suscripci\u00f3n est\u00e9 activada, por favor revisa el siguiente enlace:<\/span><\/p>\n<p><a href=\"https:\/\/buy.itunes.apple.com\/WebObjects\/MZFinance.woa\/wa\/DirectAction\/manageSubscriptions\">https:\/\/buy.itunes.apple.com\/WebObjects\/MZFinance.woa\/wa\/DirectAction\/manageSubscriptions<\/a><\/p>\n\n\t\t<\/div>\n\t<\/div>\n<div class=\"d-inline-block\" ><div class=\"pix-img-el    text-left d-inline-block  w-100 rounded-0\"  ><img loading=\"lazy\" decoding=\"async\" class=\"card-img2 pix-img-elem rounded-0  h-1002\" style=\"height:auto;\" width=\"1196\" height=\"322\" srcset=\"https:\/\/piso13.com\/wp-content\/uploads\/2024\/02\/Screenshot-2024-02-09-at-11.09.41\u202fAM.png 1196w, https:\/\/piso13.com\/wp-content\/uploads\/2024\/02\/Screenshot-2024-02-09-at-11.09.41\u202fAM-300x81.png 300w, https:\/\/piso13.com\/wp-content\/uploads\/2024\/02\/Screenshot-2024-02-09-at-11.09.41\u202fAM-1024x276.png 1024w, https:\/\/piso13.com\/wp-content\/uploads\/2024\/02\/Screenshot-2024-02-09-at-11.09.41\u202fAM-768x207.png 768w\" sizes=\"auto, (max-width: 1196px) 100vw, 1196px\" src=\"https:\/\/piso13.com\/wp-content\/uploads\/2024\/02\/Screenshot-2024-02-09-at-11.09.41\u202fAM.png\" alt=\"Image link\" \/><\/div><\/div>\n\t<div class=\"wpb_text_column wpb_content_element\" >\n\t\t<div class=\"wpb_wrapper\">\n\t\t\t<p><span style=\"color: #333333;font-size: 18px;\"><strong>NOTA:<\/strong> Para verificar que la suscripci\u00f3n est\u00e9 activada, por favor revisa el siguiente enlace:<\/span><\/p>\n\n\t\t<\/div>\n\t<\/div>\n\n\t<div class=\"wpb_text_column wpb_content_element\" >\n\t\t<div class=\"wpb_wrapper\">\n\t\t\t<p><span style=\"color: #333333;font-size:18px;\">1 \u2013 En el men\u00fa seleccione Suscripci\u00f3n.<\/span><\/p>\n\n\t\t<\/div>\n\t<\/div>\n<div class=\"d-inline-block\" ><div class=\"pix-img-el    text-left d-inline-block  w-100 rounded-0\"  ><img loading=\"lazy\" decoding=\"async\" class=\"card-img2 pix-img-elem rounded-0  h-1002\" style=\"height:auto;\" width=\"594\" height=\"582\" srcset=\"https:\/\/piso13.com\/wp-content\/uploads\/2024\/02\/Screenshot-2024-02-09-at-4.19.36\u202fPM.png 594w, https:\/\/piso13.com\/wp-content\/uploads\/2024\/02\/Screenshot-2024-02-09-at-4.19.36\u202fPM-300x294.png 300w\" sizes=\"auto, (max-width: 594px) 100vw, 594px\" src=\"https:\/\/piso13.com\/wp-content\/uploads\/2024\/02\/Screenshot-2024-02-09-at-4.19.36\u202fPM.png\" alt=\"Image link\" \/><\/div><\/div>\n\t<div class=\"wpb_text_column wpb_content_element\" >\n\t\t<div class=\"wpb_wrapper\">\n\t\t\t<p><span style=\"color: #333333; font-size: 18px;\">2 \u2013 Si tiene una suscripci\u00f3n activa, deber\u00eda mostrar el d\u00eda de vencimiento.<\/span><\/p>\n<p><span style=\"color: #333333; font-size: 18px;\">3- En caso de que tengas una suscripci\u00f3n, pero dice \u201cSe necesita suscripci\u00f3n\u201d. Siga el paso 4.<\/span><\/p>\n<p><span style=\"color: #333333; font-size: 18px;\">4- Seleccione Restaurar compras.<\/span><\/p>\n\n\t\t<\/div>\n\t<\/div>\n<\/div><\/div><\/div><\/div><div class=\"vc_row wpb_row vc_row-fluid vc_row_visible\"><div class=\"wpb_column vc_column_container vc_col-sm-12 text-left\"><div class=\"vc_column-inner\"><div class=\"wpb_wrapper\"><div class=\"d-inline-block\" ><div class=\"pix-img-el    text-left d-inline-block  w-100 rounded-0\"  ><img loading=\"lazy\" decoding=\"async\" class=\"card-img2 pix-img-elem rounded-0  h-1002\" style=\"height:auto;\" width=\"591\" height=\"1280\" srcset=\"https:\/\/piso13.com\/wp-content\/uploads\/2024\/02\/IMG_2815.png 591w, https:\/\/piso13.com\/wp-content\/uploads\/2024\/02\/IMG_2815-139x300.png 139w, https:\/\/piso13.com\/wp-content\/uploads\/2024\/02\/IMG_2815-473x1024.png 473w\" sizes=\"auto, (max-width: 591px) 100vw, 591px\" src=\"https:\/\/piso13.com\/wp-content\/uploads\/2024\/02\/IMG_2815.png\" alt=\"Image link\" \/><\/div><\/div>\n\t<div class=\"wpb_text_column wpb_content_element\" >\n\t\t<div class=\"wpb_wrapper\">\n\t\t\t<p><span style=\"color: #333333; font-size: 18px;\"><br \/>\nEn algunos casos, si vas a Ajustes desde tu Opus One &gt; Nube ver\u00e1s \u201cNube Desactivada\u201d, por favor pulsa en \u201cActivar\u201d hasta que veas \u201cActivo\u201d.<\/span><\/p>\n\n\t\t<\/div>\n\t<\/div>\n<div class=\"d-inline-block\" ><div class=\"pix-img-el    text-left d-inline-block  w-100 rounded-0\"  ><img loading=\"lazy\" decoding=\"async\" class=\"card-img2 pix-img-elem rounded-0  h-1002\" style=\"height:auto;\" width=\"654\" height=\"996\" srcset=\"https:\/\/piso13.com\/wp-content\/uploads\/2024\/02\/Screenshot-2024-02-09-at-4.27.08\u202fPM.png 654w, https:\/\/piso13.com\/wp-content\/uploads\/2024\/02\/Screenshot-2024-02-09-at-4.27.08\u202fPM-197x300.png 197w\" sizes=\"auto, (max-width: 654px) 100vw, 654px\" src=\"https:\/\/piso13.com\/wp-content\/uploads\/2024\/02\/Screenshot-2024-02-09-at-4.27.08\u202fPM.png\" alt=\"Image link\" \/><\/div><\/div>\n\t<div class=\"wpb_text_column wpb_content_element\" >\n\t\t<div class=\"wpb_wrapper\">\n\t\t\t<p><span style=\"color: #333333; font-size: 18px;\">Tambi\u00e9n hay un Asistente que puede ayudarte a resolver el problema. Debes ir al icono '?'.<\/span><\/p>\n\n\t\t<\/div>\n\t<\/div>\n<div class=\"d-inline-block\" ><div class=\"pix-img-el    text-left d-inline-block  w-100 rounded-0\"  ><img loading=\"lazy\" decoding=\"async\" class=\"card-img2 pix-img-elem rounded-0  h-1002\" style=\"height:auto;\" width=\"1386\" height=\"1044\" srcset=\"https:\/\/piso13.com\/wp-content\/uploads\/2024\/02\/Screenshot-2024-02-09-at-4.29.03\u202fPM.png 1386w, https:\/\/piso13.com\/wp-content\/uploads\/2024\/02\/Screenshot-2024-02-09-at-4.29.03\u202fPM-300x226.png 300w, https:\/\/piso13.com\/wp-content\/uploads\/2024\/02\/Screenshot-2024-02-09-at-4.29.03\u202fPM-1024x771.png 1024w, https:\/\/piso13.com\/wp-content\/uploads\/2024\/02\/Screenshot-2024-02-09-at-4.29.03\u202fPM-768x578.png 768w\" sizes=\"auto, (max-width: 1386px) 100vw, 1386px\" src=\"https:\/\/piso13.com\/wp-content\/uploads\/2024\/02\/Screenshot-2024-02-09-at-4.29.03\u202fPM.png\" alt=\"Image link\" \/><\/div><\/div><\/div><\/div><\/div><\/div><div class=\"vc_row wpb_row vc_row-fluid vc_row_visible\"><div class=\"wpb_column vc_column_container vc_col-sm-12 text-left\"><div class=\"vc_column-inner\"><div class=\"wpb_wrapper\"><\/div><\/div><\/div><\/div><div data-vc-full-width=\"true\" data-vc-full-width-init=\"false\" class=\"vc_row wpb_row vc_row-fluid vc_row_visible vc_custom_1589669273862 bg-gradient-primary\"><div class=\"wpb_column vc_column_container vc_col-sm-12 text-left\"><div class=\"vc_column-inner\"><div class=\"wpb_wrapper\"><div class=\"container\"><div class=\"row justify-content-center\"><div class=\"col bg-white2 rounded-lg2  vc_custom_1707476580692 animate-in w-100 m-32 p-42 pix-py-30 col-sm-auto d-md-flex align-items-center text-center text-sm-left justify-content-between2\" style=\"z-index:11;\" data-anim-delay=\"0\" data-anim-type=\"fade-in-up\"><div class=\"mr-md-5\"><h4 class=\"d-block mr-md-3 mb-md-0 mb-md-0 text-white font-weight-bold text-white translation-block\" style=\"\"><span class=\"slide-in-container animated\"><span class=\"pix-sliding-item secondary-font text-heading-default\"> Cont\u00e1ctanos  <\/span><\/span> <span class=\"slide-in-container animated\"><span class=\"pix-sliding-item secondary-font text-heading-default\"><\/span><\/span><\/h4><span class=\"d-block mr-md-3 mb-md-0 mb-md-0 pix-mt-10  text-18 text-dark-opacity-5\" style=\"\">Si a\u00fan tienes problemas de sincronizaci\u00f3n, por favor, ponte en contacto con nuestro Equipo de Soporte.<\/span><\/div><div class=\"flex-fill mt-4 mt-sm-0 mt-md-0 text-md-right flex-grow-1\" style=\"min-width:250px;max-width:100%;\"><a  href=\"https:\/\/piso13.freshdesk.com\/\" class=\"btn mb-0     shadow-inverse-hover-lg  bg-dark-opacity-3 btn-primary btn-custom-bg  d-inline-block pix-hover-item       animate-in btn-lg\"   data-anim-type=\"fade-in-up\" data-anim-delay=\"0\" ><i class=\"font-weight-bold pixicon-bag-2  pix-hover-left  mr-1\"><\/i> <span class=\"font-weight-bold\" >Escr\u00edbenos<\/span><\/a><\/div><\/div><\/div><\/div><\/div><\/div><\/div><\/div><div class=\"vc_row-full-width vc_clearfix\"><\/div>\n<\/div>","protected":false},"excerpt":{"rendered":"If your Opus One Apps are not playing nice between them, here is a step by step on how to correct common scenarios: NOTE: Please try to update your Opus One to the last version available in the App Store....","protected":false},"author":1,"featured_media":0,"parent":0,"menu_order":0,"comment_status":"closed","ping_status":"closed","template":"","meta":{"_kadence_starter_templates_imported_post":false,"footnotes":""},"class_list":["post-13596","page","type-page","status-publish","hentry"],"yoast_head":"<!-- This site is optimized with the Yoast SEO plugin v23.8 - https:\/\/yoast.com\/wordpress\/plugins\/seo\/ -->\n<title>Sync Problems for iOS - Piso13<\/title>\n<meta name=\"robots\" content=\"index, follow, max-snippet:-1, max-image-preview:large, max-video-preview:-1\" \/>\n<link rel=\"canonical\" href=\"https:\/\/piso13.com\/es\/sync-problems-for-ios\/\" \/>\n<meta property=\"og:locale\" content=\"es_MX\" \/>\n<meta property=\"og:type\" content=\"article\" \/>\n<meta property=\"og:title\" content=\"Sync Problems for iOS - Piso13\" \/>\n<meta property=\"og:url\" content=\"https:\/\/piso13.com\/es\/sync-problems-for-ios\/\" \/>\n<meta property=\"og:site_name\" content=\"Piso13\" \/>\n<meta property=\"article:publisher\" content=\"https:\/\/www.facebook.com\/OpusOneApp\" \/>\n<meta property=\"article:modified_time\" content=\"2024-02-09T15:30:16+00:00\" \/>\n<meta name=\"twitter:card\" content=\"summary_large_image\" \/>\n<meta name=\"twitter:site\" content=\"@opusoneapp\" \/>\n<meta name=\"twitter:label1\" content=\"Tiempo de lectura\" \/>\n\t<meta name=\"twitter:data1\" content=\"2 minutos\" \/>\n<script type=\"application\/ld+json\" class=\"yoast-schema-graph\">{\"@context\":\"https:\/\/schema.org\",\"@graph\":[{\"@type\":\"WebPage\",\"@id\":\"https:\/\/piso13.com\/sync-problems-for-ios\/\",\"url\":\"https:\/\/piso13.com\/sync-problems-for-ios\/\",\"name\":\"Sync Problems for iOS - Piso13\",\"isPartOf\":{\"@id\":\"https:\/\/piso13.com\/#website\"},\"datePublished\":\"2024-02-09T15:03:50+00:00\",\"dateModified\":\"2024-02-09T15:30:16+00:00\",\"breadcrumb\":{\"@id\":\"https:\/\/piso13.com\/sync-problems-for-ios\/#breadcrumb\"},\"inLanguage\":\"es\",\"potentialAction\":[{\"@type\":\"ReadAction\",\"target\":[\"https:\/\/piso13.com\/sync-problems-for-ios\/\"]}]},{\"@type\":\"BreadcrumbList\",\"@id\":\"https:\/\/piso13.com\/sync-problems-for-ios\/#breadcrumb\",\"itemListElement\":[{\"@type\":\"ListItem\",\"position\":1,\"name\":\"Home\",\"item\":\"https:\/\/piso13.com\/\"},{\"@type\":\"ListItem\",\"position\":2,\"name\":\"Sync Problems for iOS\"}]},{\"@type\":\"WebSite\",\"@id\":\"https:\/\/piso13.com\/#website\",\"url\":\"https:\/\/piso13.com\/\",\"name\":\"Piso13\",\"description\":\"\",\"publisher\":{\"@id\":\"https:\/\/piso13.com\/#organization\"},\"potentialAction\":[{\"@type\":\"SearchAction\",\"target\":{\"@type\":\"EntryPoint\",\"urlTemplate\":\"https:\/\/piso13.com\/?s={search_term_string}\"},\"query-input\":{\"@type\":\"PropertyValueSpecification\",\"valueRequired\":true,\"valueName\":\"search_term_string\"}}],\"inLanguage\":\"es\"},{\"@type\":\"Organization\",\"@id\":\"https:\/\/piso13.com\/#organization\",\"name\":\"Piso13\",\"url\":\"https:\/\/piso13.com\/\",\"logo\":{\"@type\":\"ImageObject\",\"inLanguage\":\"es\",\"@id\":\"https:\/\/piso13.com\/#\/schema\/logo\/image\/\",\"url\":\"https:\/\/piso13.com\/wp-content\/uploads\/2024\/03\/cropped-LogoPiso13Negro-1-1.png\",\"contentUrl\":\"https:\/\/piso13.com\/wp-content\/uploads\/2024\/03\/cropped-LogoPiso13Negro-1-1.png\",\"width\":381,\"height\":381,\"caption\":\"Piso13\"},\"image\":{\"@id\":\"https:\/\/piso13.com\/#\/schema\/logo\/image\/\"},\"sameAs\":[\"https:\/\/www.facebook.com\/OpusOneApp\",\"https:\/\/x.com\/opusoneapp\",\"https:\/\/www.instagram.com\/opusoneapp\/\"]}]}<\/script>\n<!-- \/ Yoast SEO plugin. -->","yoast_head_json":{"title":"Sync Problems for iOS - Piso13","robots":{"index":"index","follow":"follow","max-snippet":"max-snippet:-1","max-image-preview":"max-image-preview:large","max-video-preview":"max-video-preview:-1"},"canonical":"https:\/\/piso13.com\/es\/sync-problems-for-ios\/","og_locale":"es_MX","og_type":"article","og_title":"Sync Problems for iOS - Piso13","og_url":"https:\/\/piso13.com\/es\/sync-problems-for-ios\/","og_site_name":"Piso13","article_publisher":"https:\/\/www.facebook.com\/OpusOneApp","article_modified_time":"2024-02-09T15:30:16+00:00","twitter_card":"summary_large_image","twitter_site":"@opusoneapp","twitter_misc":{"Tiempo de lectura":"2 minutos"},"schema":{"@context":"https:\/\/schema.org","@graph":[{"@type":"WebPage","@id":"https:\/\/piso13.com\/sync-problems-for-ios\/","url":"https:\/\/piso13.com\/sync-problems-for-ios\/","name":"Sync Problems for iOS - Piso13","isPartOf":{"@id":"https:\/\/piso13.com\/#website"},"datePublished":"2024-02-09T15:03:50+00:00","dateModified":"2024-02-09T15:30:16+00:00","breadcrumb":{"@id":"https:\/\/piso13.com\/sync-problems-for-ios\/#breadcrumb"},"inLanguage":"es","potentialAction":[{"@type":"ReadAction","target":["https:\/\/piso13.com\/sync-problems-for-ios\/"]}]},{"@type":"BreadcrumbList","@id":"https:\/\/piso13.com\/sync-problems-for-ios\/#breadcrumb","itemListElement":[{"@type":"ListItem","position":1,"name":"Home","item":"https:\/\/piso13.com\/"},{"@type":"ListItem","position":2,"name":"Sync Problems for iOS"}]},{"@type":"WebSite","@id":"https:\/\/piso13.com\/#website","url":"https:\/\/piso13.com\/","name":"Piso13","description":"","publisher":{"@id":"https:\/\/piso13.com\/#organization"},"potentialAction":[{"@type":"SearchAction","target":{"@type":"EntryPoint","urlTemplate":"https:\/\/piso13.com\/?s={search_term_string}"},"query-input":{"@type":"PropertyValueSpecification","valueRequired":true,"valueName":"search_term_string"}}],"inLanguage":"es"},{"@type":"Organization","@id":"https:\/\/piso13.com\/#organization","name":"Piso13","url":"https:\/\/piso13.com\/","logo":{"@type":"ImageObject","inLanguage":"es","@id":"https:\/\/piso13.com\/#\/schema\/logo\/image\/","url":"https:\/\/piso13.com\/wp-content\/uploads\/2024\/03\/cropped-LogoPiso13Negro-1-1.png","contentUrl":"https:\/\/piso13.com\/wp-content\/uploads\/2024\/03\/cropped-LogoPiso13Negro-1-1.png","width":381,"height":381,"caption":"Piso13"},"image":{"@id":"https:\/\/piso13.com\/#\/schema\/logo\/image\/"},"sameAs":["https:\/\/www.facebook.com\/OpusOneApp","https:\/\/x.com\/opusoneapp","https:\/\/www.instagram.com\/opusoneapp\/"]}]}},"_links":{"self":[{"href":"https:\/\/piso13.com\/es\/wp-json\/wp\/v2\/pages\/13596","targetHints":{"allow":["GET"]}}],"collection":[{"href":"https:\/\/piso13.com\/es\/wp-json\/wp\/v2\/pages"}],"about":[{"href":"https:\/\/piso13.com\/es\/wp-json\/wp\/v2\/types\/page"}],"author":[{"embeddable":true,"href":"https:\/\/piso13.com\/es\/wp-json\/wp\/v2\/users\/1"}],"replies":[{"embeddable":true,"href":"https:\/\/piso13.com\/es\/wp-json\/wp\/v2\/comments?post=13596"}],"version-history":[{"count":2,"href":"https:\/\/piso13.com\/es\/wp-json\/wp\/v2\/pages\/13596\/revisions"}],"predecessor-version":[{"id":13602,"href":"https:\/\/piso13.com\/es\/wp-json\/wp\/v2\/pages\/13596\/revisions\/13602"}],"wp:attachment":[{"href":"https:\/\/piso13.com\/es\/wp-json\/wp\/v2\/media?parent=13596"}],"curies":[{"name":"wp","href":"https:\/\/api.w.org\/{rel}","templated":true}]}}